{"id":9677,"date":"2021-11-25T14:46:38","date_gmt":"2021-11-25T13:46:38","guid":{"rendered":"https:\/\/www.pi.infn.it\/?page_id=9677"},"modified":"2024-09-17T15:57:49","modified_gmt":"2024-09-17T13:57:49","slug":"mm-mobilita-sostenibile","status":"publish","type":"page","link":"https:\/\/www.pi.infn.it\/?page_id=9677","title":{"rendered":"MM &#8211; Mobilit\u00e0 Sostenibile"},"content":{"rendered":"\n<p><strong>Mobilit\u00e0 Sostenibile<\/strong><\/p>\n<p>Con <em>Mobilit<\/em>\u00e0<em> Sostenibile <\/em>si indicano le modalit\u00e0 di spostamento (nello specifico in un sistema di mobilit\u00e0 urbana) in grado di diminuire gli impatti ambientali, sociali ed economici generati dai veicoli privati alimentati a benzina e diesel, in termini di:<\/p>\n<ul>\n<li><em>Inquinamento atmosferico;<\/em><\/li>\n<li><em>Inquinamento acustico;<\/em><\/li>\n<li><em>Congestione stradale;<\/em><\/li>\n<li><em>Incidentalit\u00e0;<\/em><\/li>\n<li><em>Degrado delle aree urbane<\/em><em> (causato dallo spazio occupato dagli autoveicoli a scapito dei pedoni);<\/em><\/li>\n<li><em>Consumo di territorio<\/em><em> (causato dalla realizzazione delle strade e infrastrutture);<\/em><\/li>\n<li><em>Costi per gli spostamenti<\/em><em> (sia a carico della comunit\u00e0 sia del singolo).<\/em><\/li>\n<\/ul>\n","protected":false},"excerpt":{"rendered":"<p>Mobilit\u00e0 Sostenibile Con Mobilit\u00e0 Sostenibile si indicano le modalit\u00e0 di spostamento (nello specifico in un sistema di mobilit\u00e0 urbana) in grado di diminuire gli impatti ambientali, sociali ed economici generati dai veicoli privati alimentati a benzina e diesel, in termini di: Inquinamento atmosferico; Inquinamento acustico; Congestione stradale; Incidentalit\u00e0; Degrado delle aree urbane (causato dallo spazio [&hellip;]<\/p>\n","protected":false},"author":14,"featured_media":0,"parent":0,"menu_order":0,"comment_status":"closed","ping_status":"closed","template":"","meta":{"_links_to":"","_links_to_target":""},"publishpress_future_action":{"enabled":false,"date":"2026-05-15 10:54:53","action":"change-status","newStatus":"draft","terms":[],"taxonomy":"language"},"_links":{"self":[{"href":"https:\/\/www.pi.infn.it\/index.php?rest_route=\/wp\/v2\/pages\/9677"}],"collection":[{"href":"https:\/\/www.pi.infn.it\/index.php?rest_route=\/wp\/v2\/pages"}],"about":[{"href":"https:\/\/www.pi.infn.it\/index.php?rest_route=\/wp\/v2\/types\/page"}],"author":[{"embeddable":true,"href":"https:\/\/www.pi.infn.it\/index.php?rest_route=\/wp\/v2\/users\/14"}],"replies":[{"embeddable":true,"href":"https:\/\/www.pi.infn.it\/index.php?rest_route=%2Fwp%2Fv2%2Fcomments&post=9677"}],"version-history":[{"count":1,"href":"https:\/\/www.pi.infn.it\/index.php?rest_route=\/wp\/v2\/pages\/9677\/revisions"}],"predecessor-version":[{"id":9678,"href":"https:\/\/www.pi.infn.it\/index.php?rest_route=\/wp\/v2\/pages\/9677\/revisions\/9678"}],"wp:attachment":[{"href":"https:\/\/www.pi.infn.it\/index.php?rest_route=%2Fwp%2Fv2%2Fmedia&parent=9677"}],"curies":[{"name":"wp","href":"https:\/\/api.w.org\/{rel}","templated":true}]}}