{"id":9237,"date":"2021-09-20T11:03:48","date_gmt":"2021-09-20T09:03:48","guid":{"rendered":"https:\/\/www.pi.infn.it\/?page_id=9237"},"modified":"2024-09-17T15:57:14","modified_gmt":"2024-09-17T13:57:14","slug":"mm-di-cosa-stiamo-parlando","status":"publish","type":"page","link":"https:\/\/www.pi.infn.it\/?page_id=9237","title":{"rendered":"MM &#8211; Mobility Management, contesto di riferimento"},"content":{"rendered":"\n<p><span style=\"color: #ff6600;\"><strong>Mobilita&#8217; sostenibile: scopriamo insieme questa fantastica opportunita&#8217; di cambiamento.<\/strong><\/span><\/p>\n<table style=\"border-collapse: collapse; width: 59.5238%;\">\n<tbody>\n<tr>\n<td style=\"width: 31.0714%; text-align: center;\">\n<ul>\n<li style=\"text-align: left;\"><em>Mobility Management<\/em><\/li>\n<li style=\"text-align: left;\"><em>Mobility Manager<\/em><\/li>\n<li style=\"text-align: left;\"><em>PSCL<\/em><\/li>\n<\/ul>\n<\/td>\n<td style=\"width: 28.4524%;\"><img decoding=\"async\" loading=\"lazy\" class=\"wp-image-9297 aligncenter\" src=\"https:\/\/www.pi.infn.it\/wp-content\/uploads\/2021\/09\/Logo-MM.jpg\" alt=\"\" width=\"151\" height=\"122\" \/><\/td>\n<\/tr>\n<\/tbody>\n<\/table>\n<p>\u00a0<\/p>\n<p><span class=\"fontstyle0\">Il <span style=\"background-color: #ffffff;\"><em>Decreto Legge n. 34 del 19 maggio 2020<\/em><\/span>, c.d.<\/span><em><span class=\"fontstyle0\"> \u201c<\/span><span class=\"fontstyle2\">Decreto Rilancio<\/span><span class=\"fontstyle0\">\u201d, <\/span><\/em><span class=\"fontstyle0\">convertito con <span style=\"background-color: #ffffff;\"><em>Legge n. 77 del <\/em><\/span><\/span><span class=\"fontstyle0\"><span style=\"background-color: #ffffff;\"><em>17 luglio 2020<\/em><\/span>, recante<\/span><span class=\"fontstyle0\"> \u201cMisure per incentivare la mobilit\u00e0 sostenibile\u201d, al comma 4 dell\u2019articolo 229 dispone che<\/span><em><span class=\"fontstyle0\"> \u201c<\/span><span class=\"fontstyle2\"><span style=\"background-color: #ffff00;\">Al fine di favorire il decongestionamento del traffico nelle aree urbane mediante la riduzione dell\u2019uso del mezzo di trasporto privato individuale<\/span>, le imprese e le pubbliche amministrazioni di cui all\u2019 articolo 1, comma 2, del decreto legislativo 30 marzo 2001, n. 165, con singole unit\u00e0 locali con pi\u00f9 di 100 dipendenti ubicate in un capoluogo di Regione, in una Citt\u00e0 metropolitana, in un capoluogo di Provincia ovvero in un Comune con popolazione superiore a 50.000 abitanti <span style=\"background-color: #ffffff;\">sono tenute ad adottare<\/span>, entro il 31 dicembre di ogni anno, un <\/span><\/em><strong><span class=\"fontstyle2\" style=\"color: #ff6600;\"><span style=\"background-color: #ffff00;\"><span style=\"background-color: #ffffff;\">Piano degli Spostamenti Casa-Lavoro<\/span><\/span><\/span><\/strong><em><span class=\"fontstyle2\"><span style=\"color: #333333;\"> del proprio personale dipendente finalizzato alla riduzione dell&#8217;uso del mezzo di trasporto privato individuale nominando, a tal fine, un <\/span><\/span><\/em><strong><span style=\"background-color: #ffffff; color: #ff6600;\"><span class=\"fontstyle2\">Mobility Manager<\/span> <\/span><\/strong><em><span class=\"fontstyle2\"><span style=\"color: #333333;\">con funzioni di supporto professionale continuativo alle attivit\u00e0 di decisione, pianificazione, programmazione, gestione e promozione di soluzioni ottimali di mobilit\u00e0 sostenibile<\/span><\/span><span class=\"fontstyle0\" style=\"color: #333333;\">\u201d.<\/span><\/em><\/p>\n<p>\u00a0<\/p>\n<p><span class=\"fontstyle0\">Il <span style=\"color: #ff6600;\"><strong>Mobility Management<\/strong><\/span> (MM) \u00e8 <span style=\"background-color: #ffff00;\"><em>l\u2019insieme delle iniziative<\/em><\/span> che ciascun Ente, sia pubblico che privato, pone in essere per <span style=\"background-color: #ffff00;\"><em>gestire la mobilit\u00e0 dei propri lavoratori, con particolare attenzione agli spostamenti sistematici casa-lavoro-casa.<\/em><\/span> Figura di riferimento per l\u2019implementazione delle suddette iniziative \u00e8 il <em>Mobility Manager<\/em> la cui attivit\u00e0 \u00e8 volta a <span style=\"background-color: #ffff00;\"><em>promuovere forme di mobilit\u00e0 sostenibili<\/em><\/span>, da un punto di vista ambientale, economico e sociale, e il conseguente cambiamento degli atteggiamenti e delle abitudini degli utenti.<\/span><\/p>\n<p><span class=\"fontstyle0\">L\u2019obiettivo della norma \u00e8 <em><span style=\"background-color: #ffff00;\">consentire la riduzione strutturale e permanente dell\u2019impatto ambientale derivante dal traffico veicolare nelle aree urbane e metropolitane<\/span><\/em>, promuovendo la realizzazione di interventi di organizzazione e gestione della domanda di mobilit\u00e0 delle persone che consentano la <em><span style=\"background-color: #ffff00;\">riduzione dell\u2019uso del mezzo di trasporto privato motorizzato individuale<\/span><\/em> negli spostamenti sistematici casa-lavoro e <em><span style=\"background-color: #ffff00;\">favoriscano il decongestionamento del traffico veicolare<\/span><\/em>.<\/span><\/p>\n<p>\u00a0<\/p>\n<p><span class=\"fontstyle0\">Con il <span style=\"background-color: #ffffff;\"><em>Decreto Interministeriale n. 179 del 12 maggio 2021<\/em><\/span>, sottoscritto dal Ministro della Transizione Ecologica (MITE) di concerto con il Ministro delle Infrastrutture e della Mobilit\u00e0 Sostenibili (MIMS), \u00e8 stata data attuazione alla norma sopra richiamata, <em><span style=\"background-color: #ffff00;\">definendo le figure, le funzioni e i requisiti dei mobility manager aziendali e dei mobility manager d\u2019area<\/span><\/em> e indicando sommariamente i contenuti, le finalit\u00e0 e le modalit\u00e0 di adozione e aggiornamento del \u201c<em><span style=\"background-color: #ffff00;\">Piano degli Spostamenti Casa-Lavoro \u2013 PSCL<\/span>\u201d<\/em>.<\/span><\/p>\n<p>\u00a0<\/p>\n<p><span style=\"color: #ff6600;\"><strong>Il Mobility Manager<\/strong><\/span><\/p>\n<p><span class=\"fontstyle0\">Le imprese e le Pubbliche Amministrazioni con singole unit\u00e0 locali con pi\u00f9 di 100 dipendenti ubicate in un capoluogo di regione, in una citt\u00e0 metropolitana, in un capoluogo di provincia ovvero in un comune con popolazione superiore a 50.000 abitanti sono tenute ad adottare, entro il 31 dicembre di ogni anno, un piano degli spostamenti casa-lavoro del proprio personale dipendente finalizzato alla riduzione dell\u2019uso del mezzo di trasporto privato individuale nominando, a tal fine, un <\/span><span style=\"color: #ff6600;\"><strong><span style=\"background-color: #ffffff;\"><span class=\"fontstyle2\">Mobility Manager <\/span><\/span><\/strong><\/span><span class=\"fontstyle0\"><span style=\"background-color: #ffff00;\">con <em>funzioni di supporto professionale continuativo<\/em> <em>alle attivit\u00e0 di decisione, pianificazione, programmazione, gestione e promozione di soluzioni ottimali di mobilit\u00e0 sostenibile<\/em><\/span>;<\/span><\/p>\n<p><span class=\"fontstyle0\">Il <\/span><em><span class=\"fontstyle2\" style=\"background-color: #339966;\"><span style=\"background-color: #ffffff;\">Mobility Manager<\/span><\/span><\/em><span class=\"fontstyle0\"><span style=\"background-color: #ffff00;\"> promuove, anche <em>collaborando all\u2019adozione del piano di mobilit\u00e0 sostenibile (PSCL)<\/em>, la realizzazione di <em>interventi di organizzazione e gestione della domanda di mobilit\u00e0 delle persone<\/em><\/span>, al fine di consentire la riduzione strutturale e permanente dell\u2019impatto ambientale derivante dal traffico veicolare nelle aree urbane e metropolitane, tramite l\u2019attuazione di interventi di mobilit\u00e0 sostenibile. Per le pubbliche amministrazioni tale figura \u00e8 scelta tra il personale in ruolo;<\/span><\/p>\n<p>\u00a0<\/p>\n<p><span class=\"fontstyle0\">Al <\/span><em><span class=\"fontstyle2\" style=\"background-color: #339966;\"><span style=\"background-color: #ffffff;\">Mobility Manager<\/span><\/span><\/em><span class=\"fontstyle0\"> aziendale sono attribuite le seguenti funzioni: <\/span><\/p>\n<ul>\n<li><span class=\"fontstyle0\">promozione, attraverso l\u2019elaborazione del PSCL, della realizzazione di interventi per l\u2019organizzazione e la gestione della domanda di mobilit\u00e0 del personale dipendente, <em>al <span style=\"background-color: #ffff00;\">fine di consentire la riduzione strutturale e permanente dell\u2019impatto ambientale derivante dal traffico veicolare<\/span><\/em> nelle aree urbane e metropolitane;<br \/><\/span><\/li>\n<li><span class=\"fontstyle0\"><span style=\"background-color: #ffff00;\"><em>supporto all\u2019adozione del PSCL;<\/em><\/span><br \/><\/span><\/li>\n<li><span class=\"fontstyle0\"><span style=\"background-color: #ffff00;\"><em>adeguamento del PSCL<\/em><\/span> anche sulla base delle indicazioni ricevute dal comune territorialmente competente, elaborate con il supporto del <\/span><span class=\"fontstyle2\">mobility manager <\/span><span class=\"fontstyle0\">d\u2019area;<br \/><\/span><\/li>\n<li><span class=\"fontstyle0\"><em><span style=\"background-color: #ffff00;\">verifica dell\u2019attuazione del PSCL<\/span><\/em>, anche ai fini di un suo eventuale aggiornamento, <em>attraverso il monitoraggio degli spostamenti dei dipendenti<\/em> e la valutazione, mediante indagini specifiche, del loro livello di soddisfazione;<\/span><\/li>\n<\/ul>\n<p>\u00a0<\/p>\n<ul>\n<li><span class=\"fontstyle2\">\u00ab<\/span><span style=\"color: #ff6600;\"><strong><span style=\"background-color: #ffffff;\"><span class=\"fontstyle0\">Mobility Manager <\/span><\/span><\/strong><\/span><span class=\"fontstyle2\"><span style=\"color: #ff6600;\"><strong><span style=\"background-color: #ffffff;\">aziendale<\/span><\/strong><\/span>\u00bb: figura specializzata nel governo della domanda di mobilit\u00e0 e nella <span style=\"background-color: #ffff00;\"><em>promozione della mobilit\u00e0 sostenibile nell\u2019ambito degli spostamenti casa-lavoro<\/em><\/span> del personale dipendente;<\/span><\/li>\n<li><span class=\"fontstyle2\">\u00ab<\/span><span style=\"color: #ff6600;\"><strong><span style=\"background-color: #ffffff;\"><span class=\"fontstyle0\">Mobility Manager <\/span><\/span><\/strong><\/span><span class=\"fontstyle2\"><span style=\"color: #ff6600;\"><strong><span style=\"background-color: #ffffff;\">d\u2019area<\/span><\/strong><\/span>\u00bb: figura specializzata nel supporto al comune territorialmente competente, presso il quale \u00e8 nominato nella definizione e implementazione di politiche di mobilit\u00e0 sostenibile, nonch\u00e9 nello svolgimento di <span style=\"background-color: #ffff00;\"><em>attivit\u00e0 di raccordo tra i <\/em><\/span><\/span><span style=\"background-color: #ffff00;\"><em><span class=\"fontstyle0\">mobility manager <\/span><\/em><\/span><span class=\"fontstyle2\"><span style=\"background-color: #ffff00;\"><em>aziendali<\/em><\/span>; <\/span><\/li>\n<\/ul>\n<p>\u00a0<\/p>\n<p><span style=\"color: #ff6600;\"><strong>Il Piano Spostamento Casa Lavoro &#8211; PSCL<\/strong><\/span><\/p>\n<p><span class=\"fontstyle0\">Le imprese e le Pubbliche Amministrazioni con singole unit\u00e0 locali con pi\u00f9 di 100 dipendenti ubicate in un capoluogo di regione, in una citt\u00e0 metropolitana, in un capoluogo di provincia ovvero in un comune con popolazione superiore a 50.000 abitanti sono tenute ad adottare, entro il 31 dicembre di ogni anno, un <span style=\"background-color: #ffff00;\"><em>piano degli spostamenti casa-lavoro<\/em><\/span> del proprio personale dipendente<\/span><\/p>\n<p>\u00a0<\/p>\n<p><span class=\"fontstyle0\">Il <span style=\"color: #ff6600;\"><strong><span style=\"background-color: #ffffff;\">PSCL<\/span><\/strong><\/span>, <em>finalizzato alla riduzione del traffico veicolare privato<\/em>, <span style=\"background-color: #ffff00;\"><em>individua le misure utili a orientare gli spostamenti casa lavoro del personale dipendente verso forme di mobilit\u00e0 sostenibile alternative all\u2019uso individuale del veicolo privato a motore<\/em><\/span>, sulla base dell\u2019analisi degli spostamenti casa-lavoro dei dipendenti, delle loro esigenze di mobilit\u00e0 e dello stato dell\u2019offerta di trasporto presente nel territorio interessato. Il PSCL definisce, altres\u00ec, i benefici conseguibili con l\u2019attuazione delle misure in esso previste, <span style=\"background-color: #ffff00;\"><em>valutando i vantaggi<\/em><\/span> sia per i dipendenti coinvolti, in termini di <span style=\"background-color: #ffff00;\"><em>tempi di spostamento<\/em><\/span>, <em><span style=\"background-color: #ffff00;\">costi di trasporto e<\/span> <span class=\"fontstyle2\">comfort <\/span>di trasporto<\/em>, sia per l\u2019impresa o la pubblica amministrazione che lo adotta, in <span style=\"background-color: #ffff00;\"><em>termini economici e di produttivit\u00e0<\/em><\/span>, nonch\u00e9 per la collettivit\u00e0, in <span style=\"background-color: #ffff00;\"><em>termini ambientali, sociali ed economici<\/em><\/span>.\u00a0<\/span><\/p>\n<p>\u00a0<\/p>\n<ul>\n<li><span class=\"fontstyle2\">\u00ab<\/span><span class=\"fontstyle2\"><span style=\"color: #ff6600;\"><strong>Piano degli Spostamenti Casa-Lavoro &#8211; PSCL<\/strong><\/span>: <span style=\"background-color: #ffff00;\"><em>strumento di pianificazione degli spostamenti sistematici casa-lavoro<\/em><\/span> del personale dipendente di una singola unit\u00e0 locale lavorativa<\/span><\/li>\n<\/ul>\n<p>\u00a0<\/p>\n<p>Definizioni e funzioni estratte da:<\/p>\n<ul>\n<li><span class=\"fontstyle0\"><em>Decreto Interministeriale del MITE e MIMS n. 179 del 12 maggio 2021<\/em><\/span><\/li>\n<li>Linee Guida per la redazione e l&#8217;implementazione dei Piani degli Spostamenti Casa Lavoro (PSCL) allegate al <em>Decreto Interministeriale MITE MIMS n. 209 del 04\/08\/2021 (LG_A1-5).<\/em><\/li>\n<\/ul>\n<p>\u00a0<\/p>\n<p>\u00a0<\/p>\n","protected":false},"excerpt":{"rendered":"<p>Mobilita&#8217; sostenibile: scopriamo insieme questa fantastica opportunita&#8217; di cambiamento. Mobility Management Mobility Manager PSCL \u00a0 Il Decreto Legge n. 34 del 19 maggio 2020, c.d. \u201cDecreto Rilancio\u201d, convertito con Legge n. 77 del 17 luglio 2020, recante \u201cMisure per incentivare la mobilit\u00e0 sostenibile\u201d, al comma 4 dell\u2019articolo 229 dispone che \u201cAl fine di favorire il [&hellip;]<\/p>\n","protected":false},"author":14,"featured_media":0,"parent":0,"menu_order":0,"comment_status":"closed","ping_status":"closed","template":"","meta":{"_links_to":"","_links_to_target":""},"publishpress_future_action":{"enabled":false,"date":"2026-05-15 03:00:42","action":"change-status","newStatus":"draft","terms":[],"taxonomy":"language"},"_links":{"self":[{"href":"https:\/\/www.pi.infn.it\/index.php?rest_route=\/wp\/v2\/pages\/9237"}],"collection":[{"href":"https:\/\/www.pi.infn.it\/index.php?rest_route=\/wp\/v2\/pages"}],"about":[{"href":"https:\/\/www.pi.infn.it\/index.php?rest_route=\/wp\/v2\/types\/page"}],"author":[{"embeddable":true,"href":"https:\/\/www.pi.infn.it\/index.php?rest_route=\/wp\/v2\/users\/14"}],"replies":[{"embeddable":true,"href":"https:\/\/www.pi.infn.it\/index.php?rest_route=%2Fwp%2Fv2%2Fcomments&post=9237"}],"version-history":[{"count":62,"href":"https:\/\/www.pi.infn.it\/index.php?rest_route=\/wp\/v2\/pages\/9237\/revisions"}],"predecessor-version":[{"id":14600,"href":"https:\/\/www.pi.infn.it\/index.php?rest_route=\/wp\/v2\/pages\/9237\/revisions\/14600"}],"wp:attachment":[{"href":"https:\/\/www.pi.infn.it\/index.php?rest_route=%2Fwp%2Fv2%2Fmedia&parent=9237"}],"curies":[{"name":"wp","href":"https:\/\/api.w.org\/{rel}","templated":true}]}}