{"id":9235,"date":"2021-09-20T10:52:56","date_gmt":"2021-09-20T08:52:56","guid":{"rendered":"https:\/\/www.pi.infn.it\/?page_id=9235"},"modified":"2024-09-11T15:15:28","modified_gmt":"2024-09-11T13:15:28","slug":"mm-mobility-management-home-page","status":"publish","type":"page","link":"https:\/\/www.pi.infn.it\/?page_id=9235","title":{"rendered":"Mobility Management &#8211; Home Page"},"content":{"rendered":"\n        <div class=\"wcp-carousel-main-wrap\">\r\n        <section class=\"wcp-slick\"  data-accessibility = on data-autoplay = on data-dots = on data-autoplaySpeed = 4000 data-slidesToShow = 1 data-slidesToShowtab = 1 data-slidesToShowmob = 1 data-slidesToScroll = 1 data-rows = 1 data-slidesPerRow = 1 id=\"carousel-9925\">\r\n\r\n                            <div class=\"slick-slide carousel-item-10310\">\r\n                    <div class=\"post-style-1 rpc-box rpc-bg\">\n    <div class=\"wcp-img-wrap\" style=\"padding-left:4px;\">\n        <a href=\"https:\/\/www.pi.infn.it\/?page_id=10310\">\n            <img width=\"768\" height=\"389\" src=\"https:\/\/www.pi.infn.it\/wp-content\/uploads\/2022\/02\/Ciclovie-768x389.jpg\" class=\"attachment-medium_large size-medium_large wp-post-image\" alt=\"\" decoding=\"async\" loading=\"lazy\" srcset=\"https:\/\/www.pi.infn.it\/wp-content\/uploads\/2022\/02\/Ciclovie-768x389.jpg 768w, https:\/\/www.pi.infn.it\/wp-content\/uploads\/2022\/02\/Ciclovie-300x152.jpg 300w, https:\/\/www.pi.infn.it\/wp-content\/uploads\/2022\/02\/Ciclovie-e1644329916831.jpg 600w\" sizes=\"(max-width: 768px) 100vw, 768px\" \/>        <\/a>\n    <\/div>\n    <div class=\"wcp-content-wrap\">\n        <h3 style=\"padding-top:6px;\">\n            <a class=\"rpc-title\" href=\"https:\/\/www.pi.infn.it\/?page_id=10310\" target=\"_blank\" class=\"rpc-title\">\n                MMC.6 &#8211; Ciclovie Interattive d&#8217;Italia            <\/a>\n        <\/h3>\n                <div class=\"wcp-post-contents rpc-content\">\n\n            <div style=\"padding-top:10px; font-size:14px; padding-left:10px; line-height:18px;\">Piste ciclabili, ecco la mappa interattiva e gratuita per evitare traffico, marciapiedi stretti, buche (e&hellip;<\/div>\n\n            <div style=\"font-size:14px; padding-right:10px; float:right;\">                <br>\n                <a href=\"https:\/\/www.pi.infn.it\/?page_id=10310\" target=\"_blank\" class=\"\">read_more_txt<\/a>\n        <\/div>\n\n        <\/div>\n    <\/div>\n    <p style=\"clear:both;margin:0 0 10px 0;padding:0;\"><\/p>\n<\/div>                <\/div>    \r\n\r\n                            <div class=\"slick-slide carousel-item-10046\">\r\n                    <div class=\"post-style-1 rpc-box rpc-bg\">\n    <div class=\"wcp-img-wrap\" style=\"padding-left:4px;\">\n        <a href=\"https:\/\/www.pi.infn.it\/?page_id=10046\">\n            <img width=\"756\" height=\"109\" src=\"https:\/\/www.pi.infn.it\/wp-content\/uploads\/2021\/12\/Sharing_Mobility.jpg\" class=\"attachment-medium_large size-medium_large wp-post-image\" alt=\"\" decoding=\"async\" loading=\"lazy\" srcset=\"https:\/\/www.pi.infn.it\/wp-content\/uploads\/2021\/12\/Sharing_Mobility.jpg 756w, https:\/\/www.pi.infn.it\/wp-content\/uploads\/2021\/12\/Sharing_Mobility-300x43.jpg 300w\" sizes=\"(max-width: 756px) 100vw, 756px\" \/>        <\/a>\n    <\/div>\n    <div class=\"wcp-content-wrap\">\n        <h3 style=\"padding-top:6px;\">\n            <a class=\"rpc-title\" href=\"https:\/\/www.pi.infn.it\/?page_id=10046\" target=\"_blank\" class=\"rpc-title\">\n                MM.C5 &#8211; OSSERVATORIO SHARING MOBILITY            <\/a>\n        <\/h3>\n                <div class=\"wcp-post-contents rpc-content\">\n\n            <div style=\"padding-top:10px; font-size:14px; padding-left:10px; line-height:18px;\">L\u2019Osservatorio Nazionale Sharing Mobility, lanciato nel settembre 2015, \u00e8 promosso dal Ministero della Transizione Ecologia,&hellip;<\/div>\n\n            <div style=\"font-size:14px; padding-right:10px; float:right;\">                <br>\n                <a href=\"https:\/\/www.pi.infn.it\/?page_id=10046\" target=\"_blank\" class=\"\">read_more_txt<\/a>\n        <\/div>\n\n        <\/div>\n    <\/div>\n    <p style=\"clear:both;margin:0 0 10px 0;padding:0;\"><\/p>\n<\/div>                <\/div>    \r\n\r\n                            <div class=\"slick-slide carousel-item-10041\">\r\n                    <div class=\"post-style-1 rpc-box rpc-bg\">\n    <div class=\"wcp-img-wrap\" style=\"padding-left:4px;\">\n        <a href=\"https:\/\/www.pi.infn.it\/?page_id=10041\">\n            <img width=\"756\" height=\"189\" src=\"https:\/\/www.pi.infn.it\/wp-content\/uploads\/2021\/12\/Osservatorio_50_Citta_2.jpg\" class=\"attachment-medium_large size-medium_large wp-post-image\" alt=\"\" decoding=\"async\" loading=\"lazy\" srcset=\"https:\/\/www.pi.infn.it\/wp-content\/uploads\/2021\/12\/Osservatorio_50_Citta_2.jpg 756w, https:\/\/www.pi.infn.it\/wp-content\/uploads\/2021\/12\/Osservatorio_50_Citta_2-300x75.jpg 300w\" sizes=\"(max-width: 756px) 100vw, 756px\" \/>        <\/a>\n    <\/div>\n    <div class=\"wcp-content-wrap\">\n        <h3 style=\"padding-top:6px;\">\n            <a class=\"rpc-title\" href=\"https:\/\/www.pi.infn.it\/?page_id=10041\" target=\"_blank\" class=\"rpc-title\">\n                MM.C4 &#8211; OSSERVATORIO 50 CITTA&#8217;            <\/a>\n        <\/h3>\n                <div class=\"wcp-post-contents rpc-content\">\n\n            <div style=\"padding-top:10px; font-size:14px; padding-left:10px; line-height:18px;\">BENVENUTO NEL SITO DELL\u2019OSSERVATORIO SULLA MOBILIT\u00c0 SOSTENIBILE IN ITALIA! Puoi effettuare analisi personalizzate e confrontare\u00a0gli&hellip;<\/div>\n\n            <div style=\"font-size:14px; padding-right:10px; float:right;\">                <br>\n                <a href=\"https:\/\/www.pi.infn.it\/?page_id=10041\" target=\"_blank\" class=\"\">read_more_txt<\/a>\n        <\/div>\n\n        <\/div>\n    <\/div>\n    <p style=\"clear:both;margin:0 0 10px 0;padding:0;\"><\/p>\n<\/div>                <\/div>    \r\n\r\n                            <div class=\"slick-slide carousel-item-10033\">\r\n                    <div class=\"post-style-1 rpc-box rpc-bg\">\n    <div class=\"wcp-img-wrap\" style=\"padding-left:4px;\">\n        <a href=\"https:\/\/www.pi.infn.it\/?page_id=10033\">\n            <img width=\"551\" height=\"227\" src=\"https:\/\/www.pi.infn.it\/wp-content\/uploads\/2021\/12\/Kyoto_Club_2.jpg\" class=\"attachment-medium_large size-medium_large wp-post-image\" alt=\"\" decoding=\"async\" loading=\"lazy\" srcset=\"https:\/\/www.pi.infn.it\/wp-content\/uploads\/2021\/12\/Kyoto_Club_2.jpg 551w, https:\/\/www.pi.infn.it\/wp-content\/uploads\/2021\/12\/Kyoto_Club_2-300x124.jpg 300w\" sizes=\"(max-width: 551px) 100vw, 551px\" \/>        <\/a>\n    <\/div>\n    <div class=\"wcp-content-wrap\">\n        <h3 style=\"padding-top:6px;\">\n            <a class=\"rpc-title\" href=\"https:\/\/www.pi.infn.it\/?page_id=10033\" target=\"_blank\" class=\"rpc-title\">\n                MM.C3 &#8211; KYOTO CLUB            <\/a>\n        <\/h3>\n                <div class=\"wcp-post-contents rpc-content\">\n\n            <div style=\"padding-top:10px; font-size:14px; padding-left:10px; line-height:18px;\">Kyoto Club \u00e8 un\u2019organizzazione non profit, creata nel febbraio del 1999, costituita da imprese, enti,&hellip;<\/div>\n\n            <div style=\"font-size:14px; padding-right:10px; float:right;\">                <br>\n                <a href=\"https:\/\/www.pi.infn.it\/?page_id=10033\" target=\"_blank\" class=\"\">read_more_txt<\/a>\n        <\/div>\n\n        <\/div>\n    <\/div>\n    <p style=\"clear:both;margin:0 0 10px 0;padding:0;\"><\/p>\n<\/div>                <\/div>    \r\n\r\n                            <div class=\"slick-slide carousel-item-10016\">\r\n                    <div class=\"post-style-1 rpc-box rpc-bg\">\n    <div class=\"wcp-img-wrap\" style=\"padding-left:4px;\">\n        <a href=\"https:\/\/www.pi.infn.it\/?page_id=10016\">\n            <img width=\"756\" height=\"251\" src=\"https:\/\/www.pi.infn.it\/wp-content\/uploads\/2021\/12\/Mobilitaria-2021.jpg\" class=\"attachment-medium_large size-medium_large wp-post-image\" alt=\"\" decoding=\"async\" loading=\"lazy\" srcset=\"https:\/\/www.pi.infn.it\/wp-content\/uploads\/2021\/12\/Mobilitaria-2021.jpg 756w, https:\/\/www.pi.infn.it\/wp-content\/uploads\/2021\/12\/Mobilitaria-2021-300x100.jpg 300w\" sizes=\"(max-width: 756px) 100vw, 756px\" \/>        <\/a>\n    <\/div>\n    <div class=\"wcp-content-wrap\">\n        <h3 style=\"padding-top:6px;\">\n            <a class=\"rpc-title\" href=\"https:\/\/www.pi.infn.it\/?page_id=10016\" target=\"_blank\" class=\"rpc-title\">\n                MM.C2 &#8211; RAPPORTO MOBILITARIA 2021            <\/a>\n        <\/h3>\n                <div class=\"wcp-post-contents rpc-content\">\n\n            <div style=\"padding-top:10px; font-size:14px; padding-left:10px; line-height:18px;\">Gioved\u00ec 29 aprile, l\u2019Istituto sull\u2019Inquinamento Atmosferico del Consiglio Nazionale delle Ricerche (CNR-IIA) e Kyoto Club&hellip;<\/div>\n\n            <div style=\"font-size:14px; padding-right:10px; float:right;\">                <br>\n                <a href=\"https:\/\/www.pi.infn.it\/?page_id=10016\" target=\"_blank\" class=\"\">read_more_txt<\/a>\n        <\/div>\n\n        <\/div>\n    <\/div>\n    <p style=\"clear:both;margin:0 0 10px 0;padding:0;\"><\/p>\n<\/div>                <\/div>    \r\n\r\n                            <div class=\"slick-slide carousel-item-9987\">\r\n                    <div class=\"post-style-1 rpc-box rpc-bg\">\n    <div class=\"wcp-img-wrap\" style=\"padding-left:4px;\">\n        <a href=\"https:\/\/www.pi.infn.it\/?page_id=9987\">\n            <img width=\"768\" height=\"192\" src=\"https:\/\/www.pi.infn.it\/wp-content\/uploads\/2021\/12\/EMW2020-website-banner-celebration-768x192.jpg\" class=\"attachment-medium_large size-medium_large wp-post-image\" alt=\"\" decoding=\"async\" loading=\"lazy\" srcset=\"https:\/\/www.pi.infn.it\/wp-content\/uploads\/2021\/12\/EMW2020-website-banner-celebration-768x192.jpg 768w, https:\/\/www.pi.infn.it\/wp-content\/uploads\/2021\/12\/EMW2020-website-banner-celebration-e1639668916817.jpg 300w, https:\/\/www.pi.infn.it\/wp-content\/uploads\/2021\/12\/EMW2020-website-banner-celebration-1024x256.jpg 1024w\" sizes=\"(max-width: 768px) 100vw, 768px\" \/>        <\/a>\n    <\/div>\n    <div class=\"wcp-content-wrap\">\n        <h3 style=\"padding-top:6px;\">\n            <a class=\"rpc-title\" href=\"https:\/\/www.pi.infn.it\/?page_id=9987\" target=\"_blank\" class=\"rpc-title\">\n                MM.C1 &#8211; EUROPEAN MOBILITY WEEK            <\/a>\n        <\/h3>\n                <div class=\"wcp-post-contents rpc-content\">\n\n            <div style=\"padding-top:10px; font-size:14px; padding-left:10px; line-height:18px;\">\u00a0 EUROPEAN MOBILITY WEEK is the European Commission\u2019s flagship awareness-raising campaign on sustainable urban mobility.&hellip;<\/div>\n\n            <div style=\"font-size:14px; padding-right:10px; float:right;\">                <br>\n                <a href=\"https:\/\/www.pi.infn.it\/?page_id=9987\" target=\"_blank\" class=\"\">read_more_txt<\/a>\n        <\/div>\n\n        <\/div>\n    <\/div>\n    <p style=\"clear:both;margin:0 0 10px 0;padding:0;\"><\/p>\n<\/div>                <\/div>    \r\n\r\n                            <div class=\"slick-slide carousel-item-9718\">\r\n                    <div class=\"post-style-1 rpc-box rpc-bg\">\n    <div class=\"wcp-img-wrap\" style=\"padding-left:4px;\">\n        <a href=\"https:\/\/www.pi.infn.it\/?page_id=9718\">\n            <img width=\"756\" height=\"276\" src=\"https:\/\/www.pi.infn.it\/wp-content\/uploads\/2021\/12\/PSCL-2021-INFN-PI.jpg\" class=\"attachment-medium_large size-medium_large wp-post-image\" alt=\"\" decoding=\"async\" loading=\"lazy\" srcset=\"https:\/\/www.pi.infn.it\/wp-content\/uploads\/2021\/12\/PSCL-2021-INFN-PI.jpg 756w, https:\/\/www.pi.infn.it\/wp-content\/uploads\/2021\/12\/PSCL-2021-INFN-PI-300x110.jpg 300w\" sizes=\"(max-width: 756px) 100vw, 756px\" \/>        <\/a>\n    <\/div>\n    <div class=\"wcp-content-wrap\">\n        <h3 style=\"padding-top:6px;\">\n            <a class=\"rpc-title\" href=\"https:\/\/www.pi.infn.it\/?page_id=9718\" target=\"_blank\" class=\"rpc-title\">\n                MM &#8211; PSCL 2021            <\/a>\n        <\/h3>\n                <div class=\"wcp-post-contents rpc-content\">\n\n            <div style=\"padding-top:10px; font-size:14px; padding-left:10px; line-height:18px;\">\u00a0 PSCL 2021 Piano Spostamento Casa Lavoro dei lavoratori dell\u2019Istituto Nazionale di Fisica Nucleare di&hellip;<\/div>\n\n            <div style=\"font-size:14px; padding-right:10px; float:right;\">                <br>\n                <a href=\"https:\/\/www.pi.infn.it\/?page_id=9718\" target=\"_blank\" class=\"\">read_more_txt<\/a>\n        <\/div>\n\n        <\/div>\n    <\/div>\n    <p style=\"clear:both;margin:0 0 10px 0;padding:0;\"><\/p>\n<\/div>                <\/div>    \r\n\r\n                \r\n        <\/section>\r\n        <\/div>\r\n        <style>#carousel-9925 .slick-prev:before, #carousel-9925 .slick-next:before { color: #f7f7f7 !important;}#carousel-9925 .slick-slide { margin: 2px ; } #carousel-9925 .rpc-title { color: #3366ff; } #carousel-9925 .rpc-content { color: ; } #carousel-9925 .rpc-date { background-color: ; } #carousel-9925 .rpc-date { color: ; } #carousel-9925 .rpc-overlay { background-color: ; } #carousel-9925 .carousel-style9 { border-top-color: ; } #carousel-9925 .carousel-style9 .button:before { background-color: ; } #carousel-9925 .rpc-box { box-shadow: ; } #carousel-9925 .rpc-bg { background-color: ; } #carousel-9925 .rpc-title-bg { background-color: ; } #carousel-9925 .fixed-height-image { height: ; } #carousel-9925 .slick-next:before { content: '\\ \\f0a9 '; } #carousel-9925 .slick-prev:before { content: '\\ \\f0a8'; }#carousel-9925 .rpc-title { font-family: ; } #carousel-9925 .rpc-title { font-size: 12px; } #carousel-9925 .rpc-content { font-family: ; } #carousel-9925 .rpc-content { font-size: ; } <\/style>\n<hr \/>\n<table style=\"border-collapse: collapse; width: 100%; height: 483px;\">\n<tbody>\n<tr style=\"height: 483px;\">\n<td style=\"width: 50%; height: 483px; vertical-align: top;\">\n<h6>Mobilit\u00e0 Sostenibile e Mobility Management: spostarsi in modo sostenibile e consapevole, diventano linguaggio pratico ed esigenza reale non piu&#8217; rimandabile.<\/h6>\n<p>\u00a0<\/p>\n<p>\u00a0<\/p>\n<ul>\n<li><em><a href=\"https:\/\/www.pi.infn.it\/?page_id=9367\">Di cosa stiamo parlando?<\/a><\/em><\/li>\n<li><em><a href=\"https:\/\/www.pi.infn.it\/?page_id=9237\">Contesto di riferimento<\/a><\/em><\/li>\n<li><em><a href=\"https:\/\/www.pi.infn.it\/?page_id=9677\">Mobilit\u00e0 Sostenibile<\/a><\/em><\/li>\n<li><em><a href=\"https:\/\/www.pi.infn.it\/?page_id=9680\">Welfare Aziendale<\/a><\/em><\/li>\n<li><em><a href=\"https:\/\/www.pi.infn.it\/?page_id=9282\">Normativa di riferimento<\/a><\/em><\/li>\n<li><em><a href=\"https:\/\/www.pi.infn.it\/?page_id=9659\">PSCL<\/a><\/em><\/li>\n<li><a href=\"https:\/\/www.pi.infn.it\/?page_id=9687\"><em>Link ad organismi nazionali ed internazionali<\/em><\/a><\/li>\n<li><a href=\"https:\/\/www.pi.infn.it\/?page_id=10483\"><em>Servizi di mobilit\u00e0 &#8211; PISA<\/em><\/a><\/li>\n<li><a href=\"https:\/\/www.pi.infn.it\/?page_id=10532\"><em>Servizi di mobilit\u00e0 Regionali<\/em><\/a><\/li>\n<li><a href=\"https:\/\/www.pi.infn.it\/?page_id=10503\"><em>Servizi di mobilit\u00e0 &#8211; Nazionali ed Internazionali<\/em><\/a><\/li>\n<\/ul>\n<p>\u00a0<\/p>\n<p>\u00a0<\/p>\n<p>\u00a0<\/p>\n<p>\u00a0<\/p>\n<p>\u00a0<\/p>\n<p><em>info: mobilitymanager@pi.infn.it<\/em><\/p>\n<\/td>\n<td style=\"width: 50%; height: 483px;\"><img decoding=\"async\" loading=\"lazy\" class=\"alignnone wp-image-9345 size-full\" src=\"https:\/\/www.pi.infn.it\/wp-content\/uploads\/2021\/09\/Green-Mobility_.jpg\" alt=\"\" width=\"862\" height=\"960\" srcset=\"https:\/\/www.pi.infn.it\/wp-content\/uploads\/2021\/09\/Green-Mobility_.jpg 862w, https:\/\/www.pi.infn.it\/wp-content\/uploads\/2021\/09\/Green-Mobility_-269x300.jpg 269w, https:\/\/www.pi.infn.it\/wp-content\/uploads\/2021\/09\/Green-Mobility_-768x855.jpg 768w\" sizes=\"(max-width: 862px) 100vw, 862px\" \/><\/td>\n<\/tr>\n<\/tbody>\n<\/table>\n<p>\u00a0<\/p>\n","protected":false},"excerpt":{"rendered":"<p>Mobilit\u00e0 Sostenibile e Mobility Management: spostarsi in modo sostenibile e consapevole, diventano linguaggio pratico ed esigenza reale non piu&#8217; rimandabile. \u00a0 \u00a0 Di cosa stiamo parlando? Contesto di riferimento Mobilit\u00e0 Sostenibile Welfare Aziendale Normativa di riferimento PSCL Link ad organismi nazionali ed internazionali Servizi di mobilit\u00e0 &#8211; PISA Servizi di mobilit\u00e0 Regionali Servizi di mobilit\u00e0 [&hellip;]<\/p>\n","protected":false},"author":14,"featured_media":0,"parent":0,"menu_order":0,"comment_status":"closed","ping_status":"closed","template":"","meta":{"_links_to":"","_links_to_target":""},"publishpress_future_action":{"enabled":false,"date":"2026-05-15 10:58:06","action":"change-status","newStatus":"draft","terms":[],"taxonomy":"language"},"_links":{"self":[{"href":"https:\/\/www.pi.infn.it\/index.php?rest_route=\/wp\/v2\/pages\/9235"}],"collection":[{"href":"https:\/\/www.pi.infn.it\/index.php?rest_route=\/wp\/v2\/pages"}],"about":[{"href":"https:\/\/www.pi.infn.it\/index.php?rest_route=\/wp\/v2\/types\/page"}],"author":[{"embeddable":true,"href":"https:\/\/www.pi.infn.it\/index.php?rest_route=\/wp\/v2\/users\/14"}],"replies":[{"embeddable":true,"href":"https:\/\/www.pi.infn.it\/index.php?rest_route=%2Fwp%2Fv2%2Fcomments&post=9235"}],"version-history":[{"count":60,"href":"https:\/\/www.pi.infn.it\/index.php?rest_route=\/wp\/v2\/pages\/9235\/revisions"}],"predecessor-version":[{"id":14587,"href":"https:\/\/www.pi.infn.it\/index.php?rest_route=\/wp\/v2\/pages\/9235\/revisions\/14587"}],"wp:attachment":[{"href":"https:\/\/www.pi.infn.it\/index.php?rest_route=%2Fwp%2Fv2%2Fmedia&parent=9235"}],"curies":[{"name":"wp","href":"https:\/\/api.w.org\/{rel}","templated":true}]}}