{"id":7454,"date":"2021-07-13T10:01:56","date_gmt":"2021-07-13T08:01:56","guid":{"rendered":"https:\/\/www.pi.infn.it\/?page_id=7454"},"modified":"2021-07-13T10:56:02","modified_gmt":"2021-07-13T08:56:02","slug":"at-db-0007","status":"publish","type":"page","link":"https:\/\/www.pi.infn.it\/?page_id=7454","title":{"rendered":"AT \u2013 db \u2013 0007"},"content":{"rendered":"\n<table style=\"height: 46px;width: 101.314%;border-color: #e0dcdc\" border=\"5px\">\n<tbody>\n<tr>\n<td style=\"width: 25%;text-align: center\"><span style=\"color: #ff6600\"><em>Attrezzatura<\/em><\/span><\/td>\n<td style=\"width: 25%;text-align: center\"><span style=\"color: #ff6600\"><em>Nome<\/em><\/span><\/td>\n<td style=\"width: 13.7931%;text-align: center\"><span style=\"color: #ff6600\"><em>Inventario n.<\/em><\/span><\/td>\n<td style=\"width: 36.2069%;text-align: center\"><span style=\"color: #ff6600\"><em>Note\/Info<\/em><\/span><\/td>\n<\/tr>\n<tr>\n<td style=\"width: 25%;text-align: center\"><em>Centrifuga Bench Top<\/em><\/td>\n<td style=\"width: 25%;text-align: center\"><em>RE.MI. R-5S+<\/em><\/td>\n<td style=\"width: 13.7931%\">\u00a0<\/td>\n<td style=\"width: 36.2069%\"><a href=\"https:\/\/www.remilabworld.com\/micro-centrifuges\/\">https:\/\/www.remilabworld.com\/micro-centrifuges\/<\/a><\/td>\n<\/tr>\n<\/tbody>\n<\/table>\n<p><em>Bench Top Centrifuges, model XS -5S+ &#8211; Visita il <a href=\"https:\/\/www.remilabworld.com\/\">link<\/a> della casa madre<\/em><\/p>\n<table style=\"height: 46px;width: 101.314%;border-color: #e0dcdc\" border=\"5px\">\n<tbody>\n<tr>\n<td style=\"width: 50%;vertical-align: top\">\n<p><img decoding=\"async\" loading=\"lazy\" class=\"alignnone wp-image-7462 size-full\" src=\"https:\/\/www.pi.infn.it\/wp-content\/uploads\/2021\/07\/Centrifuga-REMI.jpg\" alt=\"\" width=\"700\" height=\"588\" srcset=\"https:\/\/www.pi.infn.it\/wp-content\/uploads\/2021\/07\/Centrifuga-REMI.jpg 700w, https:\/\/www.pi.infn.it\/wp-content\/uploads\/2021\/07\/Centrifuga-REMI-300x252.jpg 300w\" sizes=\"(max-width: 700px) 100vw, 700px\" \/><\/p>\n<div id=\"description\" class=\"tab-pane fade in active\">\n<div class=\"product-description\">\n<p>\u00a0<\/p>\n<\/div>\n<\/div>\n<p>La centrifuga per l\u2019utilizzatore che non ha esigenze particolari.<br \/>Per chi, nell\u2019uso quotidiano, vuole una operativit\u00e0 ridotta e semplificata.<br \/>Quando \u00e8 richiesta affidabilit\u00e0 e robustezza.<br \/>Minimo ingombro, si adatta a qualsiasi spazio in laboratorio.<br \/>Ideale per laboratori di scuole, reparti di produzione, laboratori di controllo, test e analisi di routine<br \/>Completa di rotore <strong>R-83A<\/strong> 12x15ml ad angolo fisso e provette in plastica da 15ml (NON E&#8217; POSSIBILE MONTARE ALTRI TIPI DI ROTORE)<br \/>Manopole e display digitale luminoso<br \/>Controllo sbilanciamento carico con avviso acustico e luminoso<br \/>Camera di centrifugazione in metallo verniciato di facile accessibilit\u00e0<br \/>Interfaccia intuitiva di semplice lettura<br \/>Bloccaggio automatico del coperchio<br \/>Motore a induzione senza spazzole con funzionamento silenzioso, senza manutenzione e nessun deposito carbonioso per un ambiente di lavoro sano e sicuro<br \/>Costruzione estremamente compatta con materiali di qualit\u00e0 per una lunga durata di esercizio Dimensioni contenute per ottimizzare lo spazio sui banchi di laboratorio<\/p>\n<\/td>\n<td style=\"width: 50%\">\n<p><span dir=\"ltr\"><strong>\u00a0\u00a0\u00a0\u00a0 Caratteristiche:<\/strong><\/span><\/p>\n<ul>\n<li><span dir=\"ltr\">Capacit\u00e0 massima di carico 12X15 ml<\/span><\/li>\n<li><span dir=\"ltr\">Velocit\u00e0 massima 5250 rpm<\/span><\/li>\n<li><span dir=\"ltr\">RCF massima 4280xg<\/span><\/li>\n<li><span dir=\"ltr\">Timer da 1 a 60min o continuo<\/span><span dir=\"ltr\">ALTRE CARATTERISTICHE<\/span><\/li>\n<li><span dir=\"ltr\">Centrifuga da banco Ventilata, con display LCD per impostazione della velocit\u00e0 e del tempo di centrifugazione.<\/span><\/li>\n<li><span dir=\"ltr\">Ridotto numero di tasti e manopola di regolazione per un\u2019operativit\u00e0 estremamente intuitiva.<\/span><\/li>\n<li><span dir=\"ltr\">Dotata di motore ad induzione, senza carboncini, esente da manutenzione e silenzioso.<\/span><\/li>\n<li><span dir=\"ltr\">Velocit\u00e0 impostabile da 500 a 5250 rpm con step di 50 rpm.<\/span><\/li>\n<li><span dir=\"ltr\">Tempo di centrifugazione da 1 a 99 minuti con incrementi di 1 minuto o funzionamento in continuo.<\/span><\/li>\n<li><span dir=\"ltr\">Tempi ridotti di frenata con la funzione BREAK.<\/span><\/li>\n<li><span dir=\"ltr\">Massima sicurezza grazie al rilevamento automatico di eventuali sbilanciamenti del carico.<\/span><\/li>\n<li><span dir=\"ltr\">Blocco automatico del coperchio con possibilit\u00e0 di recupero delle provette in caso di mancanza di energia<\/span><span dir=\"ltr\">elettrica.<\/span><\/li>\n<li><span dir=\"ltr\">Dimensioni ridotte per ottimizzare gli spazi in laboratorio.<\/span><\/li>\n<li><span dir=\"ltr\">La centrifuga risponde alle direttive EN61010-1; EN61010-2-020; EN61326-1.<\/span><\/li>\n<li><span dir=\"ltr\">Alimentazione: 220V, 50 Hz.<\/span><\/li>\n<li><span dir=\"ltr\">Rumorosit\u00e0 max.: 53 dB<\/span><span dir=\"ltr\">FORNITA COMPLETA DI:<\/span><\/li>\n<li><span dir=\"ltr\">Rotore in alluminio R-83A, 12&#215;15 ml ad angolo fisso, portaprovette in acciaio B 15-P e provette in plastica T 15-P<\/span><span dir=\"ltr\">da 15 ml a fondo sferico 17&#215;100 mm.<\/span><\/li>\n<li><span dir=\"ltr\">Dimensioni esterne (L x P x A): 33 x 37 x 28 cm<\/span><\/li>\n<li><span dir=\"ltr\">Peso: 24 Kg<\/span><\/li>\n<\/ul>\n<\/td>\n<\/tr>\n<\/tbody>\n<\/table>\n<p>\u00a0<\/p>\n","protected":false},"excerpt":{"rendered":"<p>Attrezzatura Nome Inventario n. Note\/Info Centrifuga Bench Top RE.MI. R-5S+ \u00a0 https:\/\/www.remilabworld.com\/micro-centrifuges\/ Bench Top Centrifuges, model XS -5S+ &#8211; Visita il link della casa madre \u00a0 La centrifuga per l\u2019utilizzatore che non ha esigenze particolari.Per chi, nell\u2019uso quotidiano, vuole una operativit\u00e0 ridotta e semplificata.Quando \u00e8 richiesta affidabilit\u00e0 e robustezza.Minimo ingombro, si adatta a qualsiasi spazio [&hellip;]<\/p>\n","protected":false},"author":30,"featured_media":0,"parent":0,"menu_order":0,"comment_status":"closed","ping_status":"closed","template":"","meta":{"_links_to":"","_links_to_target":""},"publishpress_future_action":{"enabled":false,"date":"2026-05-15 18:50:52","action":"change-status","newStatus":"draft","terms":[],"taxonomy":"language"},"_links":{"self":[{"href":"https:\/\/www.pi.infn.it\/index.php?rest_route=\/wp\/v2\/pages\/7454"}],"collection":[{"href":"https:\/\/www.pi.infn.it\/index.php?rest_route=\/wp\/v2\/pages"}],"about":[{"href":"https:\/\/www.pi.infn.it\/index.php?rest_route=\/wp\/v2\/types\/page"}],"author":[{"embeddable":true,"href":"https:\/\/www.pi.infn.it\/index.php?rest_route=\/wp\/v2\/users\/30"}],"replies":[{"embeddable":true,"href":"https:\/\/www.pi.infn.it\/index.php?rest_route=%2Fwp%2Fv2%2Fcomments&post=7454"}],"version-history":[{"count":14,"href":"https:\/\/www.pi.infn.it\/index.php?rest_route=\/wp\/v2\/pages\/7454\/revisions"}],"predecessor-version":[{"id":7485,"href":"https:\/\/www.pi.infn.it\/index.php?rest_route=\/wp\/v2\/pages\/7454\/revisions\/7485"}],"wp:attachment":[{"href":"https:\/\/www.pi.infn.it\/index.php?rest_route=%2Fwp%2Fv2%2Fmedia&parent=7454"}],"curies":[{"name":"wp","href":"https:\/\/api.w.org\/{rel}","templated":true}]}}