{"id":4570,"date":"2021-04-14T14:35:50","date_gmt":"2021-04-14T12:35:50","guid":{"rendered":"https:\/\/www.pi.infn.it\/?page_id=4570"},"modified":"2024-01-19T12:19:01","modified_gmt":"2024-01-19T11:19:01","slug":"cral-segreteria-cral-e-sindaci-revisori-2","status":"publish","type":"page","link":"https:\/\/www.pi.infn.it\/?page_id=4570","title":{"rendered":"CRAL \u2013 Biciclette"},"content":{"rendered":"\n<p>Il CRAL dispone di ben 8 <em><span style=\"color: #ff6600\">biciclette<\/span> <span style=\"color: #ff6600\">muscolari<\/span><\/em> assegnate ai vari SERVIZI INFN e 3 <em><span style=\"color: #ff6600\">e-Bike<\/span><\/em>.<\/p>\n<p><img decoding=\"async\" loading=\"lazy\" class=\"size-medium wp-image-4697 aligncenter\" src=\"https:\/\/www.pi.infn.it\/wp-content\/uploads\/2021\/04\/Foto_Bici-300x180.jpg\" alt=\"\" width=\"300\" height=\"180\" srcset=\"https:\/\/www.pi.infn.it\/wp-content\/uploads\/2021\/04\/Foto_Bici-300x180.jpg 300w, https:\/\/www.pi.infn.it\/wp-content\/uploads\/2021\/04\/Foto_Bici.jpg 556w\" sizes=\"(max-width: 300px) 100vw, 300px\" \/><\/p>\n<p>Ogni <em><span style=\"color: #ff6600\">bicicletta muscolare<\/span><\/em> ha un <em>Assegnatario<\/em>,<\/p>\n<ul>\n<li>afferente di uno specifico Servizio INFN,<\/li>\n<li>responsabile della chiave del lucchetto,<\/li>\n<li>informato sempre sull&#8217;ubicazione (in luogo sicuro) della bicicletta,<\/li>\n<li>informato delle persone che la utilizzano,<\/li>\n<li>mantiene la bicicletta in perfetto stato di conservazione (ruote gonfie, nessuna parte mancante, ecc),<\/li>\n<li>avverte il referente CRAL, in caso di necessit\u00e0 di riparazione o manutenzione,<\/li>\n<li>verifica che ogni bicicletta abbia gli adesivi identificativi di assegnazione al Servizio INFN.<\/li>\n<\/ul>\n<table style=\"width: 74.8853%;border-color: #e0dcdc\" border=\"5px\">\n<tbody>\n<tr style=\"height: 23px\">\n<td style=\"width: 33.3333%;text-align: left;height: 23px\"><strong><em>Servizio<\/em><\/strong><\/td>\n<td style=\"width: 33.3333%;text-align: left;height: 23px\"><strong><em>Affidatario<\/em><\/strong><\/td>\n<td style=\"width: 15.2916%;height: 23px;text-align: center\"><strong><em>Data<\/em><\/strong><\/td>\n<\/tr>\n<tr style=\"height: 23px\">\n<td style=\"width: 33.3333%;height: 23px\">Progettazione Meccanica<\/td>\n<td style=\"width: 33.3333%;height: 23px\"><em>Sandro Bianucci<\/em><\/td>\n<td style=\"width: 15.2916%;height: 23px;text-align: center\">14-03-2019<\/td>\n<\/tr>\n<tr style=\"height: 23px\">\n<td style=\"width: 33.3333%;height: 23px\">Officina Meccanica \/ Magazzino*<\/td>\n<td style=\"width: 33.3333%;height: 23px\"><em>Pino Fausto<\/em><\/td>\n<td style=\"width: 15.2916%;height: 23px;text-align: center\">15-02-2012<\/td>\n<\/tr>\n<tr style=\"height: 23px\">\n<td style=\"width: 33.3333%;height: 23px\">Alte Tecnologie \/ Sicurezze*<\/td>\n<td style=\"width: 33.3333%;height: 23px\"><em>Ragonesi Antonio<\/em><\/td>\n<td style=\"width: 15.2916%;height: 23px;text-align: center\">18-06-2015<\/td>\n<\/tr>\n<tr style=\"height: 23px\">\n<td style=\"width: 33.3333%;height: 23px\">Direzione<\/td>\n<td style=\"width: 33.3333%;height: 23px\"><em>Antichi Susanna<\/em><\/td>\n<td style=\"width: 15.2916%;height: 23px;text-align: center\">30-10-2017<\/td>\n<\/tr>\n<tr style=\"height: 23px\">\n<td style=\"width: 33.3333%;height: 23px\">Alte Tecnologie<\/td>\n<td style=\"width: 33.3333%;height: 23px\"><em>Mammini Paolo<\/em><\/td>\n<td style=\"width: 15.2916%;height: 23px;text-align: center\">15-02-2012<\/td>\n<\/tr>\n<tr style=\"height: 23px\">\n<td style=\"width: 33.3333%;height: 23px\">Elettronica<\/td>\n<td style=\"width: 33.3333%;height: 23px\"><em>Tazzioli Aldo<\/em><\/td>\n<td style=\"width: 15.2916%;height: 23px;text-align: center\">30-10-2017<\/td>\n<\/tr>\n<tr style=\"height: 23px\">\n<td style=\"width: 33.3333%;height: 23px\">Officina Meccanica<\/td>\n<td style=\"width: 33.3333%;height: 23px\"><em>Pino Fausto<\/em><\/td>\n<td style=\"width: 15.2916%;height: 23px;text-align: center\">09-01-2019<\/td>\n<\/tr>\n<tr style=\"height: 23px\">\n<td style=\"width: 33.3333%;height: 23px\">Direzione<\/td>\n<td style=\"width: 33.3333%;height: 23px\"><em>Antichi Susanna<\/em><\/td>\n<td style=\"width: 15.2916%;height: 23px;text-align: center\">06-09-2023<\/td>\n<\/tr>\n<\/tbody>\n<\/table>\n<p style=\"text-align: left\">*=cointestate a due servizi<\/p>\n<p style=\"text-align: left\"><span style=\"color: #ff6600\"><em><strong>Regolamento:<\/strong><\/em><\/span><\/p>\n<p style=\"text-align: left\">Le biciclette acquistate nuove, hanno un valore di circa 180,00 euro.<\/p>\n<p style=\"text-align: left\">Le biciclette, come da regolamento discusso e deliberato nella riunione dei Soci C.R.A.L. del 19\/12\/2011 (introdotto con l&#8217;unico scopo di limitare i furti delle biciclette), non saranno utilizzabili liberamente dai singoli dipendenti INFN, ma dovranno essere assegnate ad un Servizio INFN di Pisa, nel quale un componente del servizio stesso sar\u00e0 dichiarato <em>assegnatario<\/em> e sar\u00e0 l&#8217;interfaccia tra il CRAL\u00a0 ed i componenti del servizio per la risoluzione di tutte le questioni relative alla gestione del bene in oggetto. Tutti gli utilizzatori del suddetto bene, appartenenti ai vari Gruppi di Servizio INFN dovranno accettare in toto il seguente regolamento interno INFN-CRAL.<\/p>\n<p style=\"text-align: left\">1) La bicicletta, dotata di cestino anteriore e lucchetto a chiave di propriet\u00e0 CRAL, \u00e8 assegnata ad uso gratuito e in esclusiva ad un gruppo di Servizio INFN e non al singolo dipendente. Il Servizio se ne prende carico e responsabilit\u00e0 per ogni tipo di danno, malfunzionamento, uso improprio, smarrimento e furto. La bicicletta \u00e8 consegnata direttamente all&#8217;assegnatario che autonomamente gestisce, all&#8217;interno del proprio Servizio, l&#8217;organizzazione del posto di custodia, orari, chiavi del lucchetto ecc. Tutte le persone del Servizio di assegnazione che vogliono usufruire del bene dovranno apporre il proprio nome, cognome e firma nel <em>Documento di Assegnazione<\/em> (che accompagna ogni singola bicicletta assegnata), <em>val\u00e9vole come accettazione del presente regolamento<\/em>.<\/p>\n<p style=\"text-align: left\">2) Le biciclette acquistate nuove ed assegnate ai Servizi INFN, questi diventano affidatari e responsabili in toto e in caso di furto o smarrimento il servizio non sar\u00e0 obbligato al riacquisto del bene ma non potr\u00e0 richiedere l&#8217;assegnazione di altre biciclette CRAL. Soltanto il servizio in possesso della\/e bicicletta\/e assegnata\/e negli anni precedenti (funzionante ed in buono stato di conservazione) o che in caso di furto o smarrimento avr\u00e0 provveduto al riacquisto di una bicicletta di pari importo (anch&#8217;essa manutenuta e funzionante) potr\u00e0 richiedere l&#8217;assegnazione di un&#8217;altra. Il riacquisto di una bicicletta smarrita o rubata sar\u00e0 interamente gestito all&#8217;interno del servizio tra le persone che avranno apposto il proprio nominativo all&#8217;interno del <em>Documento di Assegnazione<\/em>.<\/p>\n<p>3) Il Gruppo di Servizio INFN assegnatario della Bicicletta avr\u00e0 il diritto a parcheggiarla nell&#8217;apposita rastrelliera CRAL posta nel disimpegno lato officina al piano -2 dell&#8217;edificio C della sede INFN di Pisa considerato <em>luogo sicuro<\/em>.<\/p>\n<p>4) Non \u00e8 previsto nessuno scambio di biciclette tra Gruppi di Servizio INFN .<\/p>\n<p>5) In caso di rottura della bicicletta o parti di essa, contattare <a href=\"alessandro.profeti@pi.infn.it\">A.Profeti<\/a>, int. <a href=\"tel:+390502214369\">24.369<\/a> per la riparazione o sostituzione.<\/p>\n<p>\u00a0<\/p>\n<p style=\"text-align: right\">Torna alla <a href=\"https:\/\/www.pi.infn.it\/?page_id=4563\"><em>Home Page<\/em><\/a><\/p>\n<p>\u00a0<\/p>\n","protected":false},"excerpt":{"rendered":"<p>Il CRAL dispone di ben 8 biciclette muscolari assegnate ai vari SERVIZI INFN e 3 e-Bike. Ogni bicicletta muscolare ha un Assegnatario, afferente di uno specifico Servizio INFN, responsabile della chiave del lucchetto, informato sempre sull&#8217;ubicazione (in luogo sicuro) della bicicletta, informato delle persone che la utilizzano, mantiene la bicicletta in perfetto stato di conservazione [&hellip;]<\/p>\n","protected":false},"author":30,"featured_media":0,"parent":0,"menu_order":0,"comment_status":"closed","ping_status":"closed","template":"","meta":{"_links_to":"","_links_to_target":""},"publishpress_future_action":{"enabled":false,"date":"2026-05-17 13:27:55","action":"change-status","newStatus":"draft","terms":[],"taxonomy":"language"},"_links":{"self":[{"href":"https:\/\/www.pi.infn.it\/index.php?rest_route=\/wp\/v2\/pages\/4570"}],"collection":[{"href":"https:\/\/www.pi.infn.it\/index.php?rest_route=\/wp\/v2\/pages"}],"about":[{"href":"https:\/\/www.pi.infn.it\/index.php?rest_route=\/wp\/v2\/types\/page"}],"author":[{"embeddable":true,"href":"https:\/\/www.pi.infn.it\/index.php?rest_route=\/wp\/v2\/users\/30"}],"replies":[{"embeddable":true,"href":"https:\/\/www.pi.infn.it\/index.php?rest_route=%2Fwp%2Fv2%2Fcomments&post=4570"}],"version-history":[{"count":34,"href":"https:\/\/www.pi.infn.it\/index.php?rest_route=\/wp\/v2\/pages\/4570\/revisions"}],"predecessor-version":[{"id":14026,"href":"https:\/\/www.pi.infn.it\/index.php?rest_route=\/wp\/v2\/pages\/4570\/revisions\/14026"}],"wp:attachment":[{"href":"https:\/\/www.pi.infn.it\/index.php?rest_route=%2Fwp%2Fv2%2Fmedia&parent=4570"}],"curies":[{"name":"wp","href":"https:\/\/api.w.org\/{rel}","templated":true}]}}