{"id":4563,"date":"2021-04-14T14:21:52","date_gmt":"2021-04-14T12:21:52","guid":{"rendered":"https:\/\/www.pi.infn.it\/?page_id=4563"},"modified":"2023-02-17T14:58:40","modified_gmt":"2023-02-17T13:58:40","slug":"cral-pag1-protetta","status":"publish","type":"page","link":"https:\/\/www.pi.infn.it\/?page_id=4563","title":{"rendered":"CRAL &#8211; Home page &#8211; SOCI"},"content":{"rendered":"\n<p style=\"text-align: center\"><span style=\"color: #3366ff\"><span style=\"color: #ff6600\">        <div class=\"wcp-carousel-main-wrap\">\r\n        <section class=\"wcp-slick\"  data-accessibility = on data-autoplay = on data-dots = on data-autoplaySpeed = 4000 data-slidesToShow = 1 data-slidesToShowtab = 1 data-slidesToShowmob = 1 data-slidesToScroll = 1 data-rows = 1 data-slidesPerRow = 1 id=\"carousel-9994\">\r\n\r\n                            <div class=\"slick-slide carousel-item-10138\">\r\n                    <div class=\"post-style-1 rpc-box rpc-bg\">\n    <div class=\"wcp-img-wrap\" style=\"padding-left:4px;\">\n        <a href=\"https:\/\/www.pi.infn.it\/?page_id=10138\">\n            <div class=\"fixed-height-image\"><img width=\"768\" height=\"432\" src=\"https:\/\/www.pi.infn.it\/wp-content\/uploads\/2021\/12\/Scacchiera-Piano-Terra-768x432.jpeg\" class=\"attachment-medium_large size-medium_large wp-post-image\" alt=\"\" decoding=\"async\" loading=\"lazy\" srcset=\"https:\/\/www.pi.infn.it\/wp-content\/uploads\/2021\/12\/Scacchiera-Piano-Terra-768x432.jpeg 768w, https:\/\/www.pi.infn.it\/wp-content\/uploads\/2021\/12\/Scacchiera-Piano-Terra-300x169.jpeg 300w, https:\/\/www.pi.infn.it\/wp-content\/uploads\/2021\/12\/Scacchiera-Piano-Terra-1024x576.jpeg 1024w, https:\/\/www.pi.infn.it\/wp-content\/uploads\/2021\/12\/Scacchiera-Piano-Terra-1536x864.jpeg 1536w, https:\/\/www.pi.infn.it\/wp-content\/uploads\/2021\/12\/Scacchiera-Piano-Terra-e1640165251683.jpeg 623w\" sizes=\"(max-width: 768px) 100vw, 768px\" \/><\/div>        <\/a>\n    <\/div>\n    <div class=\"wcp-content-wrap\">\n        <h3 style=\"padding-top:6px;\">\n            <a class=\"rpc-title\" href=\"https:\/\/www.pi.infn.it\/?page_id=10138\" target=\"_self\" class=\"rpc-title\">\n                CRAL.C9 &#8211; SCACCHIERA CRAL con OROLOGIO NELLE AREE RELAX            <\/a>\n        <\/h3>\n                <div class=\"wcp-post-contents rpc-content\">\n\n            <div style=\"padding-top:10px; font-size:14px; padding-left:10px; line-height:18px;\">Sono a disposizione due scacchiere con orologio nelle due Aree Ralax CRAL: per l'uso, mantenere le distanze di sicurezza, mascherina ed utilizzare il gel disinfettante. Buon divertimento. \u00a0<\/div>\n\n            <div style=\"font-size:14px; padding-right:10px; float:right;\">                <br>\n                <a href=\"https:\/\/www.pi.infn.it\/?page_id=10138\" target=\"_self\" class=\"\">read_more_txt<\/a>\n        <\/div>\n\n        <\/div>\n    <\/div>\n    <p style=\"clear:both;margin:0 0 10px 0;padding:0;\"><\/p>\n<\/div>                <\/div>    \r\n\r\n                            <div class=\"slick-slide carousel-item-10121\">\r\n                    <div class=\"post-style-1 rpc-box rpc-bg\">\n    <div class=\"wcp-img-wrap\" style=\"padding-left:4px;\">\n        <a href=\"https:\/\/www.pi.infn.it\/?page_id=10121\">\n            <div class=\"fixed-height-image\"><img width=\"768\" height=\"301\" src=\"https:\/\/www.pi.infn.it\/wp-content\/uploads\/2021\/04\/persone-in-gioco-768x301.jpg\" class=\"attachment-medium_large size-medium_large wp-post-image\" alt=\"\" decoding=\"async\" loading=\"lazy\" srcset=\"https:\/\/www.pi.infn.it\/wp-content\/uploads\/2021\/04\/persone-in-gioco-768x301.jpg 768w, https:\/\/www.pi.infn.it\/wp-content\/uploads\/2021\/04\/persone-in-gioco-300x118.jpg 300w, https:\/\/www.pi.infn.it\/wp-content\/uploads\/2021\/04\/persone-in-gioco-e1641812144912.jpg 800w\" sizes=\"(max-width: 768px) 100vw, 768px\" \/><\/div>        <\/a>\n    <\/div>\n    <div class=\"wcp-content-wrap\">\n        <h3 style=\"padding-top:6px;\">\n            <a class=\"rpc-title\" href=\"https:\/\/www.pi.infn.it\/?page_id=10121\" target=\"_self\" class=\"rpc-title\">\n                CRAL.C8 &#8211; ISCRIZIONE al PI-CRAL per il 2023            <\/a>\n        <\/h3>\n                <div class=\"wcp-post-contents rpc-content\">\n\n            <div style=\"padding-top:10px; font-size:14px; padding-left:10px; line-height:18px;\">SONO APERTE le iscrizione al PI-CRAL-2023. Siete pregati di rivolgervi in segreteria presso C.Cardelli - int. 371.<\/div>\n\n            <div style=\"font-size:14px; padding-right:10px; float:right;\">                <br>\n                <a href=\"https:\/\/www.pi.infn.it\/?page_id=10121\" target=\"_self\" class=\"\">read_more_txt<\/a>\n        <\/div>\n\n        <\/div>\n    <\/div>\n    <p style=\"clear:both;margin:0 0 10px 0;padding:0;\"><\/p>\n<\/div>                <\/div>    \r\n\r\n                            <div class=\"slick-slide carousel-item-10106\">\r\n                    <div class=\"post-style-1 rpc-box rpc-bg\">\n    <div class=\"wcp-img-wrap\" style=\"padding-left:4px;\">\n        <a href=\"https:\/\/www.pi.infn.it\/?page_id=10106\">\n            <div class=\"fixed-height-image\"><img width=\"768\" height=\"398\" src=\"https:\/\/www.pi.infn.it\/wp-content\/uploads\/2021\/12\/Area-servizi-CRAL-piano-terra_rit-768x398.jpg\" class=\"attachment-medium_large size-medium_large wp-post-image\" alt=\"\" decoding=\"async\" loading=\"lazy\" srcset=\"https:\/\/www.pi.infn.it\/wp-content\/uploads\/2021\/12\/Area-servizi-CRAL-piano-terra_rit-768x398.jpg 768w, https:\/\/www.pi.infn.it\/wp-content\/uploads\/2021\/12\/Area-servizi-CRAL-piano-terra_rit-300x155.jpg 300w, https:\/\/www.pi.infn.it\/wp-content\/uploads\/2021\/12\/Area-servizi-CRAL-piano-terra_rit.jpg 805w\" sizes=\"(max-width: 768px) 100vw, 768px\" \/><\/div>        <\/a>\n    <\/div>\n    <div class=\"wcp-content-wrap\">\n        <h3 style=\"padding-top:6px;\">\n            <a class=\"rpc-title\" href=\"https:\/\/www.pi.infn.it\/?page_id=10106\" target=\"_self\" class=\"rpc-title\">\n                CRAL.C7 &#8211; Nuovo spazio servizi CRAL al Piano Terra            <\/a>\n        <\/h3>\n                <div class=\"wcp-post-contents rpc-content\">\n\n            <div style=\"padding-top:10px; font-size:14px; padding-left:10px; line-height:18px;\">Nuovo spazio \"Servizi CRAL\" al piano terra organizzato con frigorifero e forno a microonde. Si pregano gli utilizzatori di osservare tutte le regole ANTI-COVID messe in campo dalla Sezione INFN Pisa. \u00a0<\/div>\n\n            <div style=\"font-size:14px; padding-right:10px; float:right;\">                <br>\n                <a href=\"https:\/\/www.pi.infn.it\/?page_id=10106\" target=\"_self\" class=\"\">read_more_txt<\/a>\n        <\/div>\n\n        <\/div>\n    <\/div>\n    <p style=\"clear:both;margin:0 0 10px 0;padding:0;\"><\/p>\n<\/div>                <\/div>    \r\n\r\n                            <div class=\"slick-slide carousel-item-10091\">\r\n                    <div class=\"post-style-1 rpc-box rpc-bg\">\n    <div class=\"wcp-img-wrap\" style=\"padding-left:4px;\">\n        <a href=\"https:\/\/www.pi.infn.it\/?page_id=10091\">\n            <div class=\"fixed-height-image\"><img width=\"768\" height=\"432\" src=\"https:\/\/www.pi.infn.it\/wp-content\/uploads\/2021\/12\/Caffe-al-CRAL-768x432.jpeg\" class=\"attachment-medium_large size-medium_large wp-post-image\" alt=\"\" decoding=\"async\" loading=\"lazy\" srcset=\"https:\/\/www.pi.infn.it\/wp-content\/uploads\/2021\/12\/Caffe-al-CRAL-768x432.jpeg 768w, https:\/\/www.pi.infn.it\/wp-content\/uploads\/2021\/12\/Caffe-al-CRAL-300x169.jpeg 300w, https:\/\/www.pi.infn.it\/wp-content\/uploads\/2021\/12\/Caffe-al-CRAL-1024x576.jpeg 1024w, https:\/\/www.pi.infn.it\/wp-content\/uploads\/2021\/12\/Caffe-al-CRAL-1536x864.jpeg 1536w, https:\/\/www.pi.infn.it\/wp-content\/uploads\/2021\/12\/Caffe-al-CRAL-e1640080801247.jpeg 534w\" sizes=\"(max-width: 768px) 100vw, 768px\" \/><\/div>        <\/a>\n    <\/div>\n    <div class=\"wcp-content-wrap\">\n        <h3 style=\"padding-top:6px;\">\n            <a class=\"rpc-title\" href=\"https:\/\/www.pi.infn.it\/?page_id=10091\" target=\"_self\" class=\"rpc-title\">\n                CRAL.C5 &#8211; Vieni a prendere il CAFFE?            <\/a>\n        <\/h3>\n                <div class=\"wcp-post-contents rpc-content\">\n\n            <div style=\"padding-top:10px; font-size:14px; padding-left:10px; line-height:18px;\">Vieni a prendere il CAFFE al CRAL? Abbiamo Decaffeinato, Orzo, Ginseng ed Espresso. Ti aspettiamo !!!<\/div>\n\n            <div style=\"font-size:14px; padding-right:10px; float:right;\">                <br>\n                <a href=\"https:\/\/www.pi.infn.it\/?page_id=10091\" target=\"_self\" class=\"\">read_more_txt<\/a>\n        <\/div>\n\n        <\/div>\n    <\/div>\n    <p style=\"clear:both;margin:0 0 10px 0;padding:0;\"><\/p>\n<\/div>                <\/div>    \r\n\r\n                            <div class=\"slick-slide carousel-item-10083\">\r\n                    <div class=\"post-style-1 rpc-box rpc-bg\">\n    <div class=\"wcp-img-wrap\" style=\"padding-left:4px;\">\n        <a href=\"https:\/\/www.pi.infn.it\/?page_id=10083\">\n            <div class=\"fixed-height-image\"><img width=\"768\" height=\"394\" src=\"https:\/\/www.pi.infn.it\/wp-content\/uploads\/2021\/12\/e-Bike-768x394.jpg\" class=\"attachment-medium_large size-medium_large wp-post-image\" alt=\"\" decoding=\"async\" loading=\"lazy\" srcset=\"https:\/\/www.pi.infn.it\/wp-content\/uploads\/2021\/12\/e-Bike-768x394.jpg 768w, https:\/\/www.pi.infn.it\/wp-content\/uploads\/2021\/12\/e-Bike-300x154.jpg 300w, https:\/\/www.pi.infn.it\/wp-content\/uploads\/2021\/12\/e-Bike-1024x526.jpg 1024w, https:\/\/www.pi.infn.it\/wp-content\/uploads\/2021\/12\/e-Bike-e1640081989486.jpg 682w\" sizes=\"(max-width: 768px) 100vw, 768px\" \/><\/div>        <\/a>\n    <\/div>\n    <div class=\"wcp-content-wrap\">\n        <h3 style=\"padding-top:6px;\">\n            <a class=\"rpc-title\" href=\"https:\/\/www.pi.infn.it\/?page_id=10083\" target=\"_self\" class=\"rpc-title\">\n                CRAL.C4 &#8211; BICICLETTE CRAL            <\/a>\n        <\/h3>\n                <div class=\"wcp-post-contents rpc-content\">\n\n            <div style=\"padding-top:10px; font-size:14px; padding-left:10px; line-height:18px;\">Arrivata la nuova e-Bike elettrica (n. CRAL_009) Armony modello Firenze. Siamo inoltre proprietari di 8 biciclette muscolari e gestori di una Rastrelliera interna per le Biclette CRAL posta nel disimpegno tra officina e Piano-2.<\/div>\n\n            <div style=\"font-size:14px; padding-right:10px; float:right;\">                <br>\n                <a href=\"https:\/\/www.pi.infn.it\/?page_id=10083\" target=\"_self\" class=\"\">read_more_txt<\/a>\n        <\/div>\n\n        <\/div>\n    <\/div>\n    <p style=\"clear:both;margin:0 0 10px 0;padding:0;\"><\/p>\n<\/div>                <\/div>    \r\n\r\n                            <div class=\"slick-slide carousel-item-10080\">\r\n                    <div class=\"post-style-1 rpc-box rpc-bg\">\n    <div class=\"wcp-img-wrap\" style=\"padding-left:4px;\">\n        <a href=\"https:\/\/www.pi.infn.it\/?page_id=10080\">\n            <div class=\"fixed-height-image\"><img width=\"768\" height=\"432\" src=\"https:\/\/www.pi.infn.it\/wp-content\/uploads\/2021\/04\/Bilio-CRAL-PianoTerra_1-1-768x432.jpeg\" class=\"attachment-medium_large size-medium_large wp-post-image\" alt=\"\" decoding=\"async\" loading=\"lazy\" srcset=\"https:\/\/www.pi.infn.it\/wp-content\/uploads\/2021\/04\/Bilio-CRAL-PianoTerra_1-1-768x432.jpeg 768w, https:\/\/www.pi.infn.it\/wp-content\/uploads\/2021\/04\/Bilio-CRAL-PianoTerra_1-1-300x169.jpeg 300w, https:\/\/www.pi.infn.it\/wp-content\/uploads\/2021\/04\/Bilio-CRAL-PianoTerra_1-1-1024x576.jpeg 1024w, https:\/\/www.pi.infn.it\/wp-content\/uploads\/2021\/04\/Bilio-CRAL-PianoTerra_1-1-1536x864.jpeg 1536w, https:\/\/www.pi.infn.it\/wp-content\/uploads\/2021\/04\/Bilio-CRAL-PianoTerra_1-1-e1640072593612.jpeg 623w\" sizes=\"(max-width: 768px) 100vw, 768px\" \/><\/div>        <\/a>\n    <\/div>\n    <div class=\"wcp-content-wrap\">\n        <h3 style=\"padding-top:6px;\">\n            <a class=\"rpc-title\" href=\"https:\/\/www.pi.infn.it\/?page_id=10080\" target=\"_self\" class=\"rpc-title\">\n                CRAL.C3 &#8211; Biblioteca e Angolo Relax Piano Terra            <\/a>\n        <\/h3>\n                <div class=\"wcp-post-contents rpc-content\">\n\n            <div style=\"padding-top:10px; font-size:14px; padding-left:10px; line-height:18px;\">Gli Angoli CRAL sono posti nei corridoi del Piano Terra PT e del Piano Primo PP, arredati ognuno con divani, tavolino e scacchiera ad uso ricreativo, bacheca per le Comunicazioni Ufficiali e varie informazioni, armadio con ante in vetro contenente&hellip;<\/div>\n\n            <div style=\"font-size:14px; padding-right:10px; float:right;\">                <br>\n                <a href=\"https:\/\/www.pi.infn.it\/?page_id=10080\" target=\"_self\" class=\"\">read_more_txt<\/a>\n        <\/div>\n\n        <\/div>\n    <\/div>\n    <p style=\"clear:both;margin:0 0 10px 0;padding:0;\"><\/p>\n<\/div>                <\/div>    \r\n\r\n                            <div class=\"slick-slide carousel-item-10077\">\r\n                    <div class=\"post-style-1 rpc-box rpc-bg\">\n    <div class=\"wcp-img-wrap\" style=\"padding-left:4px;\">\n        <a href=\"https:\/\/www.pi.infn.it\/?page_id=10077\">\n            <div class=\"fixed-height-image\"><img width=\"768\" height=\"432\" src=\"https:\/\/www.pi.infn.it\/wp-content\/uploads\/2021\/04\/Biblio-CRAL-Piano-primo-768x432.jpeg\" class=\"attachment-medium_large size-medium_large wp-post-image\" alt=\"\" decoding=\"async\" loading=\"lazy\" srcset=\"https:\/\/www.pi.infn.it\/wp-content\/uploads\/2021\/04\/Biblio-CRAL-Piano-primo-768x432.jpeg 768w, https:\/\/www.pi.infn.it\/wp-content\/uploads\/2021\/04\/Biblio-CRAL-Piano-primo-300x169.jpeg 300w, https:\/\/www.pi.infn.it\/wp-content\/uploads\/2021\/04\/Biblio-CRAL-Piano-primo-1024x576.jpeg 1024w, https:\/\/www.pi.infn.it\/wp-content\/uploads\/2021\/04\/Biblio-CRAL-Piano-primo-1536x864.jpeg 1536w, https:\/\/www.pi.infn.it\/wp-content\/uploads\/2021\/04\/Biblio-CRAL-Piano-primo-e1640072247317.jpeg 623w\" sizes=\"(max-width: 768px) 100vw, 768px\" \/><\/div>        <\/a>\n    <\/div>\n    <div class=\"wcp-content-wrap\">\n        <h3 style=\"padding-top:6px;\">\n            <a class=\"rpc-title\" href=\"https:\/\/www.pi.infn.it\/?page_id=10077\" target=\"_self\" class=\"rpc-title\">\n                CRAL.C2 &#8211; Biblioteca e Angolo Relax &#8211; Piano 1            <\/a>\n        <\/h3>\n                <div class=\"wcp-post-contents rpc-content\">\n\n            <div style=\"padding-top:10px; font-size:14px; padding-left:10px; line-height:18px;\">Gli Angoli CRAL sono posti nei corridoi del Piano Terra PT e del Piano Primo PP, arredati ognuno con divani, tavolino e scacchiera ad uso ricreativo, bacheca per le Comunicazioni Ufficiali e varie informazioni, armadio con ante in vetro contenente&hellip;<\/div>\n\n            <div style=\"font-size:14px; padding-right:10px; float:right;\">                <br>\n                <a href=\"https:\/\/www.pi.infn.it\/?page_id=10077\" target=\"_self\" class=\"\">read_more_txt<\/a>\n        <\/div>\n\n        <\/div>\n    <\/div>\n    <p style=\"clear:both;margin:0 0 10px 0;padding:0;\"><\/p>\n<\/div>                <\/div>    \r\n\r\n                            <div class=\"slick-slide carousel-item-10073\">\r\n                    <div class=\"post-style-1 rpc-box rpc-bg\">\n    <div class=\"wcp-img-wrap\" style=\"padding-left:4px;\">\n        <a href=\"https:\/\/www.pi.infn.it\/?page_id=10073\">\n            <div class=\"fixed-height-image\"><img width=\"768\" height=\"432\" src=\"https:\/\/www.pi.infn.it\/wp-content\/uploads\/2021\/04\/CRAL-Cucina_2-768x432.jpeg\" class=\"attachment-medium_large size-medium_large wp-post-image\" alt=\"\" decoding=\"async\" loading=\"lazy\" srcset=\"https:\/\/www.pi.infn.it\/wp-content\/uploads\/2021\/04\/CRAL-Cucina_2-768x432.jpeg 768w, https:\/\/www.pi.infn.it\/wp-content\/uploads\/2021\/04\/CRAL-Cucina_2-300x169.jpeg 300w, https:\/\/www.pi.infn.it\/wp-content\/uploads\/2021\/04\/CRAL-Cucina_2-1024x576.jpeg 1024w, https:\/\/www.pi.infn.it\/wp-content\/uploads\/2021\/04\/CRAL-Cucina_2-1536x864.jpeg 1536w, https:\/\/www.pi.infn.it\/wp-content\/uploads\/2021\/04\/CRAL-Cucina_2-e1640071637502.jpeg 622w\" sizes=\"(max-width: 768px) 100vw, 768px\" \/><\/div>        <\/a>\n    <\/div>\n    <div class=\"wcp-content-wrap\">\n        <h3 style=\"padding-top:6px;\">\n            <a class=\"rpc-title\" href=\"https:\/\/www.pi.infn.it\/?page_id=10073\" target=\"_self\" class=\"rpc-title\">\n                CRAL.C1 &#8211; La nostra SEDE al piano -2            <\/a>\n        <\/h3>\n                <div class=\"wcp-post-contents rpc-content\">\n\n            <div style=\"padding-top:10px; font-size:14px; padding-left:10px; line-height:18px;\">La Sede Principale \u00e8 posta al Piano-2 ed \u00e8 utilizzabile sia come refettorio per la preparazione e consumazione dei pasti sia a scopo ricreativo: \u00e8 dotata di una cucina completa con tavoli e sedie, televisore, divano, biliardino, tavolo da ping-pong&hellip;<\/div>\n\n            <div style=\"font-size:14px; padding-right:10px; float:right;\">                <br>\n                <a href=\"https:\/\/www.pi.infn.it\/?page_id=10073\" target=\"_self\" class=\"\">read_more_txt<\/a>\n        <\/div>\n\n        <\/div>\n    <\/div>\n    <p style=\"clear:both;margin:0 0 10px 0;padding:0;\"><\/p>\n<\/div>                <\/div>    \r\n\r\n                \r\n        <\/section>\r\n        <\/div>\r\n        <style>#carousel-9994 .slick-prev:before, #carousel-9994 .slick-next:before { color:  !important;}#carousel-9994 .slick-slide { margin: 2px ; } #carousel-9994 .rpc-title { color: #ff6600; } #carousel-9994 .rpc-content { color: ; } #carousel-9994 .rpc-date { background-color: ; } #carousel-9994 .rpc-date { color: ; } #carousel-9994 .rpc-overlay { background-color: ; } #carousel-9994 .carousel-style9 { border-top-color: ; } #carousel-9994 .carousel-style9 .button:before { background-color: ; } #carousel-9994 .rpc-box { box-shadow: ; } #carousel-9994 .rpc-bg { background-color: ; } #carousel-9994 .rpc-title-bg { background-color: ; } #carousel-9994 .fixed-height-image { height: 300; } #carousel-9994 .slick-next:before { content: '\\ \\f0a9 '; } #carousel-9994 .slick-prev:before { content: '\\ \\f0a8'; }#carousel-9994 .rpc-title { font-family: ; } #carousel-9994 .rpc-title { font-size: 14px; } #carousel-9994 .rpc-content { font-family: ; } #carousel-9994 .rpc-content { font-size: ; } <\/style><\/span><\/span><\/p>\n<hr \/>\n<h1 style=\"text-align: center\"><span style=\"color: #3366ff\"><em><span style=\"color: #ff6600\">Ciao Socio, benvenuto al CRAL-INFN-PI<\/span><\/em><br \/><\/span><\/h1>\n<div>\n<p><img decoding=\"async\" loading=\"lazy\" class=\"wp-image-4710 aligncenter\" src=\"https:\/\/www.pi.infn.it\/wp-content\/uploads\/2021\/04\/persone-in-gioco-300x118.jpg\" alt=\"\" width=\"526\" height=\"207\" \/><\/p>\n<\/div>\n<div>\n<p><span style=\"color: #ff6600\"><em>Gestiamo spazi ed attrezzature a disposizione dei Soci<\/em><\/span><\/p>\n<\/div>\n<div>\n<ul>\n<li>La <a href=\"https:\/\/www.pi.infn.it\/?page_id=4458\"><em>Sede Principale<\/em><\/a> \u00e8 posta al <em>Piano-2<\/em> ed \u00e8 utilizzabile sia come <em><span class=\"lemma\">refettorio<\/span> per la preparazione e consumazione dei pasti<\/em> sia a <em>scopo ricreativo<\/em>: \u00e8 dotata di una cucina completa con tavoli e sedie, televisore, divano, biliardino, tavolo da ping-pong e molto altro.<\/li>\n<li>Gli <em>Angoli CRAL<\/em> sono posti nei corridoi del <a href=\"https:\/\/www.pi.infn.it\/?page_id=4593\"><em>Piano Terra PT<\/em><\/a> e del <a href=\"https:\/\/www.pi.infn.it\/?page_id=4795\"><em>Piano Primo PP<\/em><\/a>, arredati ognuno con divani, tavolino e scacchiera ad uso ricreativo, bacheca per le <em>Comunicazioni Ufficiali<\/em> e varie informazioni, armadio con ante in vetro contenente i volumi della <em><a href=\"https:\/\/www.pi.infn.it\/?page_id=4565\">Biblioteca CRAL<\/a>;<\/em><\/li>\n<li>Siamo inoltre gestori di una <a href=\"https:\/\/www.pi.infn.it\/?page_id=4373\"><em>Rastrelliera<\/em><\/a> interna per <a href=\"https:\/\/www.pi.infn.it\/?page_id=4570\"><em>Biclette CRAL<\/em><\/a> posta nel disimpegno tra officina e <em>Piano-2<\/em>.<\/li>\n<\/ul>\n<\/div>\n<div>\n<p style=\"text-align: center\">~ ~ ~ ~ ~<\/p>\n<\/div>\n<div>\n<ul>\n<li><a href=\"https:\/\/www.pi.infn.it\/?page_id=4458\">Sede Principale<\/a> &#8211; <em>Regolamento e Servizi Offerti<br \/><\/em><\/li>\n<li><a href=\"https:\/\/www.pi.infn.it\/?page_id=4593\">Angolo PT<\/a> &#8211;<em> Regolamento e Servizi Offerti<\/em><\/li>\n<li><a href=\"https:\/\/www.pi.infn.it\/?page_id=4795\">Angolo PP<\/a> &#8211;<em> Regolamento e Servizi Offerti<\/em><\/li>\n<li><a href=\"https:\/\/www.pi.infn.it\/?page_id=6110\">Bacheche<\/a> &#8211; <em>Comunicazioni ufficiali ed approvate dal CD<\/em><\/li>\n<li><a href=\"https:\/\/www.pi.infn.it\/?page_id=4373\">Rastrelliera Bici<\/a> &#8211; <em>Regolamento e Servizi Offerti<\/em><\/li>\n<li><a href=\"https:\/\/www.pi.infn.it\/?page_id=4565\">Biblioteca<\/a> &#8211; <em>Regolamento e Servizi Offerti<\/em><\/li>\n<li><a href=\"https:\/\/www.pi.infn.it\/?page_id=4570\">Biciclette<\/a> &#8211; <em>Regolamento e Servizi Offerti<br \/><\/em><\/li>\n<li><a href=\"https:\/\/www.pi.infn.it\/?page_id=4881\">CORSI<\/a> &#8211; <em>Lista dei Corsi Attivi<\/em><\/li>\n<li><a href=\"https:\/\/www.pi.infn.it\/?page_id=5249\">Area Istituzionale<\/a> &#8211; V<em>arie<\/em><\/li>\n<li><a href=\"https:\/\/www.pi.infn.it\/?page_id=12487\">Gruppi di Interesse<\/a> &#8211; Varie &#8211; <span style=\"color: #ff0000\"><strong>NEW<\/strong><\/span><\/li>\n<\/ul>\n<p>\u00a0<\/p>\n<\/div>\n<p>\u00a0\u00a0\u00a0\u00a0 <img decoding=\"async\" loading=\"lazy\" class=\"alignnone wp-image-13059 size-medium\" src=\"https:\/\/www.pi.infn.it\/wp-content\/uploads\/2023\/02\/Copertina-v.3-1-300x109.jpg\" alt=\"\" width=\"300\" height=\"109\" srcset=\"https:\/\/www.pi.infn.it\/wp-content\/uploads\/2023\/02\/Copertina-v.3-1-300x109.jpg 300w, https:\/\/www.pi.infn.it\/wp-content\/uploads\/2023\/02\/Copertina-v.3-1-768x278.jpg 768w, https:\/\/www.pi.infn.it\/wp-content\/uploads\/2023\/02\/Copertina-v.3-1.jpg 900w\" sizes=\"(max-width: 300px) 100vw, 300px\" \/><\/p>\n<p><em>\u00a0<\/em><\/p>\n<p>\u00a0<\/p>\n<p>\u00a0<\/p>\n","protected":false},"excerpt":{"rendered":"<p>Ciao Socio, benvenuto al CRAL-INFN-PI Gestiamo spazi ed attrezzature a disposizione dei Soci La Sede Principale \u00e8 posta al Piano-2 ed \u00e8 utilizzabile sia come refettorio per la preparazione e consumazione dei pasti sia a scopo ricreativo: \u00e8 dotata di una cucina completa con tavoli e sedie, televisore, divano, biliardino, tavolo da ping-pong e molto [&hellip;]<\/p>\n","protected":false},"author":30,"featured_media":0,"parent":0,"menu_order":0,"comment_status":"closed","ping_status":"closed","template":"","meta":{"_links_to":"","_links_to_target":""},"publishpress_future_action":{"enabled":false,"date":"2026-05-15 03:10:09","action":"change-status","newStatus":"draft","terms":[],"taxonomy":"language"},"_links":{"self":[{"href":"https:\/\/www.pi.infn.it\/index.php?rest_route=\/wp\/v2\/pages\/4563"}],"collection":[{"href":"https:\/\/www.pi.infn.it\/index.php?rest_route=\/wp\/v2\/pages"}],"about":[{"href":"https:\/\/www.pi.infn.it\/index.php?rest_route=\/wp\/v2\/types\/page"}],"author":[{"embeddable":true,"href":"https:\/\/www.pi.infn.it\/index.php?rest_route=\/wp\/v2\/users\/30"}],"replies":[{"embeddable":true,"href":"https:\/\/www.pi.infn.it\/index.php?rest_route=%2Fwp%2Fv2%2Fcomments&post=4563"}],"version-history":[{"count":90,"href":"https:\/\/www.pi.infn.it\/index.php?rest_route=\/wp\/v2\/pages\/4563\/revisions"}],"predecessor-version":[{"id":14806,"href":"https:\/\/www.pi.infn.it\/index.php?rest_route=\/wp\/v2\/pages\/4563\/revisions\/14806"}],"wp:attachment":[{"href":"https:\/\/www.pi.infn.it\/index.php?rest_route=%2Fwp%2Fv2%2Fmedia&parent=4563"}],"curies":[{"name":"wp","href":"https:\/\/api.w.org\/{rel}","templated":true}]}}