{"id":4350,"date":"2021-03-29T16:35:08","date_gmt":"2021-03-29T14:35:08","guid":{"rendered":"https:\/\/www.pi.infn.it\/?page_id=4350"},"modified":"2023-02-23T15:09:46","modified_gmt":"2023-02-23T14:09:46","slug":"cral-infn-sezione-di-pisa","status":"publish","type":"page","link":"https:\/\/www.pi.infn.it\/?page_id=4350","title":{"rendered":"CRAL &#8211; Home page"},"content":{"rendered":"\n        <div class=\"wcp-carousel-main-wrap\">\r\n        <section class=\"wcp-slick\"  data-accessibility = on data-autoplay = on data-dots = on data-autoplaySpeed = 4000 data-slidesToShow = 1 data-slidesToShowtab = 1 data-slidesToShowmob = 1 data-slidesToScroll = 1 data-rows = 1 data-slidesPerRow = 1 id=\"carousel-9994\">\r\n\r\n                            <div class=\"slick-slide carousel-item-10138\">\r\n                    <div class=\"post-style-1 rpc-box rpc-bg\">\n    <div class=\"wcp-img-wrap\" style=\"padding-left:4px;\">\n        <a href=\"https:\/\/www.pi.infn.it\/?page_id=10138\">\n            <div class=\"fixed-height-image\"><img width=\"768\" height=\"432\" src=\"https:\/\/www.pi.infn.it\/wp-content\/uploads\/2021\/12\/Scacchiera-Piano-Terra-768x432.jpeg\" class=\"attachment-medium_large size-medium_large wp-post-image\" alt=\"\" decoding=\"async\" loading=\"lazy\" srcset=\"https:\/\/www.pi.infn.it\/wp-content\/uploads\/2021\/12\/Scacchiera-Piano-Terra-768x432.jpeg 768w, https:\/\/www.pi.infn.it\/wp-content\/uploads\/2021\/12\/Scacchiera-Piano-Terra-300x169.jpeg 300w, https:\/\/www.pi.infn.it\/wp-content\/uploads\/2021\/12\/Scacchiera-Piano-Terra-1024x576.jpeg 1024w, https:\/\/www.pi.infn.it\/wp-content\/uploads\/2021\/12\/Scacchiera-Piano-Terra-1536x864.jpeg 1536w, https:\/\/www.pi.infn.it\/wp-content\/uploads\/2021\/12\/Scacchiera-Piano-Terra-e1640165251683.jpeg 623w\" sizes=\"(max-width: 768px) 100vw, 768px\" \/><\/div>        <\/a>\n    <\/div>\n    <div class=\"wcp-content-wrap\">\n        <h3 style=\"padding-top:6px;\">\n            <a class=\"rpc-title\" href=\"https:\/\/www.pi.infn.it\/?page_id=10138\" target=\"_self\" class=\"rpc-title\">\n                CRAL.C9 &#8211; SCACCHIERA CRAL con OROLOGIO NELLE AREE RELAX            <\/a>\n        <\/h3>\n                <div class=\"wcp-post-contents rpc-content\">\n\n            <div style=\"padding-top:10px; font-size:14px; padding-left:10px; line-height:18px;\">Sono a disposizione due scacchiere con orologio nelle due Aree Ralax CRAL: per l'uso, mantenere le distanze di sicurezza, mascherina ed utilizzare il gel disinfettante. Buon divertimento. \u00a0<\/div>\n\n            <div style=\"font-size:14px; padding-right:10px; float:right;\">                <br>\n                <a href=\"https:\/\/www.pi.infn.it\/?page_id=10138\" target=\"_self\" class=\"\">read_more_txt<\/a>\n        <\/div>\n\n        <\/div>\n    <\/div>\n    <p style=\"clear:both;margin:0 0 10px 0;padding:0;\"><\/p>\n<\/div>                <\/div>    \r\n\r\n                            <div class=\"slick-slide carousel-item-10121\">\r\n                    <div class=\"post-style-1 rpc-box rpc-bg\">\n    <div class=\"wcp-img-wrap\" style=\"padding-left:4px;\">\n        <a href=\"https:\/\/www.pi.infn.it\/?page_id=10121\">\n            <div class=\"fixed-height-image\"><img width=\"768\" height=\"301\" src=\"https:\/\/www.pi.infn.it\/wp-content\/uploads\/2021\/04\/persone-in-gioco-768x301.jpg\" class=\"attachment-medium_large size-medium_large wp-post-image\" alt=\"\" decoding=\"async\" loading=\"lazy\" srcset=\"https:\/\/www.pi.infn.it\/wp-content\/uploads\/2021\/04\/persone-in-gioco-768x301.jpg 768w, https:\/\/www.pi.infn.it\/wp-content\/uploads\/2021\/04\/persone-in-gioco-300x118.jpg 300w, https:\/\/www.pi.infn.it\/wp-content\/uploads\/2021\/04\/persone-in-gioco-e1641812144912.jpg 800w\" sizes=\"(max-width: 768px) 100vw, 768px\" \/><\/div>        <\/a>\n    <\/div>\n    <div class=\"wcp-content-wrap\">\n        <h3 style=\"padding-top:6px;\">\n            <a class=\"rpc-title\" href=\"https:\/\/www.pi.infn.it\/?page_id=10121\" target=\"_self\" class=\"rpc-title\">\n                CRAL.C8 &#8211; ISCRIZIONE al PI-CRAL per il 2023            <\/a>\n        <\/h3>\n                <div class=\"wcp-post-contents rpc-content\">\n\n            <div style=\"padding-top:10px; font-size:14px; padding-left:10px; line-height:18px;\">SONO APERTE le iscrizione al PI-CRAL-2023. Siete pregati di rivolgervi in segreteria presso C.Cardelli - int. 371.<\/div>\n\n            <div style=\"font-size:14px; padding-right:10px; float:right;\">                <br>\n                <a href=\"https:\/\/www.pi.infn.it\/?page_id=10121\" target=\"_self\" class=\"\">read_more_txt<\/a>\n        <\/div>\n\n        <\/div>\n    <\/div>\n    <p style=\"clear:both;margin:0 0 10px 0;padding:0;\"><\/p>\n<\/div>                <\/div>    \r\n\r\n                            <div class=\"slick-slide carousel-item-10106\">\r\n                    <div class=\"post-style-1 rpc-box rpc-bg\">\n    <div class=\"wcp-img-wrap\" style=\"padding-left:4px;\">\n        <a href=\"https:\/\/www.pi.infn.it\/?page_id=10106\">\n            <div class=\"fixed-height-image\"><img width=\"768\" height=\"398\" src=\"https:\/\/www.pi.infn.it\/wp-content\/uploads\/2021\/12\/Area-servizi-CRAL-piano-terra_rit-768x398.jpg\" class=\"attachment-medium_large size-medium_large wp-post-image\" alt=\"\" decoding=\"async\" loading=\"lazy\" srcset=\"https:\/\/www.pi.infn.it\/wp-content\/uploads\/2021\/12\/Area-servizi-CRAL-piano-terra_rit-768x398.jpg 768w, https:\/\/www.pi.infn.it\/wp-content\/uploads\/2021\/12\/Area-servizi-CRAL-piano-terra_rit-300x155.jpg 300w, https:\/\/www.pi.infn.it\/wp-content\/uploads\/2021\/12\/Area-servizi-CRAL-piano-terra_rit.jpg 805w\" sizes=\"(max-width: 768px) 100vw, 768px\" \/><\/div>        <\/a>\n    <\/div>\n    <div class=\"wcp-content-wrap\">\n        <h3 style=\"padding-top:6px;\">\n            <a class=\"rpc-title\" href=\"https:\/\/www.pi.infn.it\/?page_id=10106\" target=\"_self\" class=\"rpc-title\">\n                CRAL.C7 &#8211; Nuovo spazio servizi CRAL al Piano Terra            <\/a>\n        <\/h3>\n                <div class=\"wcp-post-contents rpc-content\">\n\n            <div style=\"padding-top:10px; font-size:14px; padding-left:10px; line-height:18px;\">Nuovo spazio \"Servizi CRAL\" al piano terra organizzato con frigorifero e forno a microonde. Si pregano gli utilizzatori di osservare tutte le regole ANTI-COVID messe in campo dalla Sezione INFN Pisa. \u00a0<\/div>\n\n            <div style=\"font-size:14px; padding-right:10px; float:right;\">                <br>\n                <a href=\"https:\/\/www.pi.infn.it\/?page_id=10106\" target=\"_self\" class=\"\">read_more_txt<\/a>\n        <\/div>\n\n        <\/div>\n    <\/div>\n    <p style=\"clear:both;margin:0 0 10px 0;padding:0;\"><\/p>\n<\/div>                <\/div>    \r\n\r\n                            <div class=\"slick-slide carousel-item-10091\">\r\n                    <div class=\"post-style-1 rpc-box rpc-bg\">\n    <div class=\"wcp-img-wrap\" style=\"padding-left:4px;\">\n        <a href=\"https:\/\/www.pi.infn.it\/?page_id=10091\">\n            <div class=\"fixed-height-image\"><img width=\"768\" height=\"432\" src=\"https:\/\/www.pi.infn.it\/wp-content\/uploads\/2021\/12\/Caffe-al-CRAL-768x432.jpeg\" class=\"attachment-medium_large size-medium_large wp-post-image\" alt=\"\" decoding=\"async\" loading=\"lazy\" srcset=\"https:\/\/www.pi.infn.it\/wp-content\/uploads\/2021\/12\/Caffe-al-CRAL-768x432.jpeg 768w, https:\/\/www.pi.infn.it\/wp-content\/uploads\/2021\/12\/Caffe-al-CRAL-300x169.jpeg 300w, https:\/\/www.pi.infn.it\/wp-content\/uploads\/2021\/12\/Caffe-al-CRAL-1024x576.jpeg 1024w, https:\/\/www.pi.infn.it\/wp-content\/uploads\/2021\/12\/Caffe-al-CRAL-1536x864.jpeg 1536w, https:\/\/www.pi.infn.it\/wp-content\/uploads\/2021\/12\/Caffe-al-CRAL-e1640080801247.jpeg 534w\" sizes=\"(max-width: 768px) 100vw, 768px\" \/><\/div>        <\/a>\n    <\/div>\n    <div class=\"wcp-content-wrap\">\n        <h3 style=\"padding-top:6px;\">\n            <a class=\"rpc-title\" href=\"https:\/\/www.pi.infn.it\/?page_id=10091\" target=\"_self\" class=\"rpc-title\">\n                CRAL.C5 &#8211; Vieni a prendere il CAFFE?            <\/a>\n        <\/h3>\n                <div class=\"wcp-post-contents rpc-content\">\n\n            <div style=\"padding-top:10px; font-size:14px; padding-left:10px; line-height:18px;\">Vieni a prendere il CAFFE al CRAL? Abbiamo Decaffeinato, Orzo, Ginseng ed Espresso. Ti aspettiamo !!!<\/div>\n\n            <div style=\"font-size:14px; padding-right:10px; float:right;\">                <br>\n                <a href=\"https:\/\/www.pi.infn.it\/?page_id=10091\" target=\"_self\" class=\"\">read_more_txt<\/a>\n        <\/div>\n\n        <\/div>\n    <\/div>\n    <p style=\"clear:both;margin:0 0 10px 0;padding:0;\"><\/p>\n<\/div>                <\/div>    \r\n\r\n                            <div class=\"slick-slide carousel-item-10083\">\r\n                    <div class=\"post-style-1 rpc-box rpc-bg\">\n    <div class=\"wcp-img-wrap\" style=\"padding-left:4px;\">\n        <a href=\"https:\/\/www.pi.infn.it\/?page_id=10083\">\n            <div class=\"fixed-height-image\"><img width=\"768\" height=\"394\" src=\"https:\/\/www.pi.infn.it\/wp-content\/uploads\/2021\/12\/e-Bike-768x394.jpg\" class=\"attachment-medium_large size-medium_large wp-post-image\" alt=\"\" decoding=\"async\" loading=\"lazy\" srcset=\"https:\/\/www.pi.infn.it\/wp-content\/uploads\/2021\/12\/e-Bike-768x394.jpg 768w, https:\/\/www.pi.infn.it\/wp-content\/uploads\/2021\/12\/e-Bike-300x154.jpg 300w, https:\/\/www.pi.infn.it\/wp-content\/uploads\/2021\/12\/e-Bike-1024x526.jpg 1024w, https:\/\/www.pi.infn.it\/wp-content\/uploads\/2021\/12\/e-Bike-e1640081989486.jpg 682w\" sizes=\"(max-width: 768px) 100vw, 768px\" \/><\/div>        <\/a>\n    <\/div>\n    <div class=\"wcp-content-wrap\">\n        <h3 style=\"padding-top:6px;\">\n            <a class=\"rpc-title\" href=\"https:\/\/www.pi.infn.it\/?page_id=10083\" target=\"_self\" class=\"rpc-title\">\n                CRAL.C4 &#8211; BICICLETTE CRAL            <\/a>\n        <\/h3>\n                <div class=\"wcp-post-contents rpc-content\">\n\n            <div style=\"padding-top:10px; font-size:14px; padding-left:10px; line-height:18px;\">Arrivata la nuova e-Bike elettrica (n. CRAL_009) Armony modello Firenze. Siamo inoltre proprietari di 8 biciclette muscolari e gestori di una Rastrelliera interna per le Biclette CRAL posta nel disimpegno tra officina e Piano-2.<\/div>\n\n            <div style=\"font-size:14px; padding-right:10px; float:right;\">                <br>\n                <a href=\"https:\/\/www.pi.infn.it\/?page_id=10083\" target=\"_self\" class=\"\">read_more_txt<\/a>\n        <\/div>\n\n        <\/div>\n    <\/div>\n    <p style=\"clear:both;margin:0 0 10px 0;padding:0;\"><\/p>\n<\/div>                <\/div>    \r\n\r\n                            <div class=\"slick-slide carousel-item-10080\">\r\n                    <div class=\"post-style-1 rpc-box rpc-bg\">\n    <div class=\"wcp-img-wrap\" style=\"padding-left:4px;\">\n        <a href=\"https:\/\/www.pi.infn.it\/?page_id=10080\">\n            <div class=\"fixed-height-image\"><img width=\"768\" height=\"432\" src=\"https:\/\/www.pi.infn.it\/wp-content\/uploads\/2021\/04\/Bilio-CRAL-PianoTerra_1-1-768x432.jpeg\" class=\"attachment-medium_large size-medium_large wp-post-image\" alt=\"\" decoding=\"async\" loading=\"lazy\" srcset=\"https:\/\/www.pi.infn.it\/wp-content\/uploads\/2021\/04\/Bilio-CRAL-PianoTerra_1-1-768x432.jpeg 768w, https:\/\/www.pi.infn.it\/wp-content\/uploads\/2021\/04\/Bilio-CRAL-PianoTerra_1-1-300x169.jpeg 300w, https:\/\/www.pi.infn.it\/wp-content\/uploads\/2021\/04\/Bilio-CRAL-PianoTerra_1-1-1024x576.jpeg 1024w, https:\/\/www.pi.infn.it\/wp-content\/uploads\/2021\/04\/Bilio-CRAL-PianoTerra_1-1-1536x864.jpeg 1536w, https:\/\/www.pi.infn.it\/wp-content\/uploads\/2021\/04\/Bilio-CRAL-PianoTerra_1-1-e1640072593612.jpeg 623w\" sizes=\"(max-width: 768px) 100vw, 768px\" \/><\/div>        <\/a>\n    <\/div>\n    <div class=\"wcp-content-wrap\">\n        <h3 style=\"padding-top:6px;\">\n            <a class=\"rpc-title\" href=\"https:\/\/www.pi.infn.it\/?page_id=10080\" target=\"_self\" class=\"rpc-title\">\n                CRAL.C3 &#8211; Biblioteca e Angolo Relax Piano Terra            <\/a>\n        <\/h3>\n                <div class=\"wcp-post-contents rpc-content\">\n\n            <div style=\"padding-top:10px; font-size:14px; padding-left:10px; line-height:18px;\">Gli Angoli CRAL sono posti nei corridoi del Piano Terra PT e del Piano Primo PP, arredati ognuno con divani, tavolino e scacchiera ad uso ricreativo, bacheca per le Comunicazioni Ufficiali e varie informazioni, armadio con ante in vetro contenente&hellip;<\/div>\n\n            <div style=\"font-size:14px; padding-right:10px; float:right;\">                <br>\n                <a href=\"https:\/\/www.pi.infn.it\/?page_id=10080\" target=\"_self\" class=\"\">read_more_txt<\/a>\n        <\/div>\n\n        <\/div>\n    <\/div>\n    <p style=\"clear:both;margin:0 0 10px 0;padding:0;\"><\/p>\n<\/div>                <\/div>    \r\n\r\n                            <div class=\"slick-slide carousel-item-10077\">\r\n                    <div class=\"post-style-1 rpc-box rpc-bg\">\n    <div class=\"wcp-img-wrap\" style=\"padding-left:4px;\">\n        <a href=\"https:\/\/www.pi.infn.it\/?page_id=10077\">\n            <div class=\"fixed-height-image\"><img width=\"768\" height=\"432\" src=\"https:\/\/www.pi.infn.it\/wp-content\/uploads\/2021\/04\/Biblio-CRAL-Piano-primo-768x432.jpeg\" class=\"attachment-medium_large size-medium_large wp-post-image\" alt=\"\" decoding=\"async\" loading=\"lazy\" srcset=\"https:\/\/www.pi.infn.it\/wp-content\/uploads\/2021\/04\/Biblio-CRAL-Piano-primo-768x432.jpeg 768w, https:\/\/www.pi.infn.it\/wp-content\/uploads\/2021\/04\/Biblio-CRAL-Piano-primo-300x169.jpeg 300w, https:\/\/www.pi.infn.it\/wp-content\/uploads\/2021\/04\/Biblio-CRAL-Piano-primo-1024x576.jpeg 1024w, https:\/\/www.pi.infn.it\/wp-content\/uploads\/2021\/04\/Biblio-CRAL-Piano-primo-1536x864.jpeg 1536w, https:\/\/www.pi.infn.it\/wp-content\/uploads\/2021\/04\/Biblio-CRAL-Piano-primo-e1640072247317.jpeg 623w\" sizes=\"(max-width: 768px) 100vw, 768px\" \/><\/div>        <\/a>\n    <\/div>\n    <div class=\"wcp-content-wrap\">\n        <h3 style=\"padding-top:6px;\">\n            <a class=\"rpc-title\" href=\"https:\/\/www.pi.infn.it\/?page_id=10077\" target=\"_self\" class=\"rpc-title\">\n                CRAL.C2 &#8211; Biblioteca e Angolo Relax &#8211; Piano 1            <\/a>\n        <\/h3>\n                <div class=\"wcp-post-contents rpc-content\">\n\n            <div style=\"padding-top:10px; font-size:14px; padding-left:10px; line-height:18px;\">Gli Angoli CRAL sono posti nei corridoi del Piano Terra PT e del Piano Primo PP, arredati ognuno con divani, tavolino e scacchiera ad uso ricreativo, bacheca per le Comunicazioni Ufficiali e varie informazioni, armadio con ante in vetro contenente&hellip;<\/div>\n\n            <div style=\"font-size:14px; padding-right:10px; float:right;\">                <br>\n                <a href=\"https:\/\/www.pi.infn.it\/?page_id=10077\" target=\"_self\" class=\"\">read_more_txt<\/a>\n        <\/div>\n\n        <\/div>\n    <\/div>\n    <p style=\"clear:both;margin:0 0 10px 0;padding:0;\"><\/p>\n<\/div>                <\/div>    \r\n\r\n                            <div class=\"slick-slide carousel-item-10073\">\r\n                    <div class=\"post-style-1 rpc-box rpc-bg\">\n    <div class=\"wcp-img-wrap\" style=\"padding-left:4px;\">\n        <a href=\"https:\/\/www.pi.infn.it\/?page_id=10073\">\n            <div class=\"fixed-height-image\"><img width=\"768\" height=\"432\" src=\"https:\/\/www.pi.infn.it\/wp-content\/uploads\/2021\/04\/CRAL-Cucina_2-768x432.jpeg\" class=\"attachment-medium_large size-medium_large wp-post-image\" alt=\"\" decoding=\"async\" loading=\"lazy\" srcset=\"https:\/\/www.pi.infn.it\/wp-content\/uploads\/2021\/04\/CRAL-Cucina_2-768x432.jpeg 768w, https:\/\/www.pi.infn.it\/wp-content\/uploads\/2021\/04\/CRAL-Cucina_2-300x169.jpeg 300w, https:\/\/www.pi.infn.it\/wp-content\/uploads\/2021\/04\/CRAL-Cucina_2-1024x576.jpeg 1024w, https:\/\/www.pi.infn.it\/wp-content\/uploads\/2021\/04\/CRAL-Cucina_2-1536x864.jpeg 1536w, https:\/\/www.pi.infn.it\/wp-content\/uploads\/2021\/04\/CRAL-Cucina_2-e1640071637502.jpeg 622w\" sizes=\"(max-width: 768px) 100vw, 768px\" \/><\/div>        <\/a>\n    <\/div>\n    <div class=\"wcp-content-wrap\">\n        <h3 style=\"padding-top:6px;\">\n            <a class=\"rpc-title\" href=\"https:\/\/www.pi.infn.it\/?page_id=10073\" target=\"_self\" class=\"rpc-title\">\n                CRAL.C1 &#8211; La nostra SEDE al piano -2            <\/a>\n        <\/h3>\n                <div class=\"wcp-post-contents rpc-content\">\n\n            <div style=\"padding-top:10px; font-size:14px; padding-left:10px; line-height:18px;\">La Sede Principale \u00e8 posta al Piano-2 ed \u00e8 utilizzabile sia come refettorio per la preparazione e consumazione dei pasti sia a scopo ricreativo: \u00e8 dotata di una cucina completa con tavoli e sedie, televisore, divano, biliardino, tavolo da ping-pong&hellip;<\/div>\n\n            <div style=\"font-size:14px; padding-right:10px; float:right;\">                <br>\n                <a href=\"https:\/\/www.pi.infn.it\/?page_id=10073\" target=\"_self\" class=\"\">read_more_txt<\/a>\n        <\/div>\n\n        <\/div>\n    <\/div>\n    <p style=\"clear:both;margin:0 0 10px 0;padding:0;\"><\/p>\n<\/div>                <\/div>    \r\n\r\n                \r\n        <\/section>\r\n        <\/div>\r\n        <style>#carousel-9994 .slick-prev:before, #carousel-9994 .slick-next:before { color:  !important;}#carousel-9994 .slick-slide { margin: 2px ; } #carousel-9994 .rpc-title { color: #ff6600; } #carousel-9994 .rpc-content { color: ; } #carousel-9994 .rpc-date { background-color: ; } #carousel-9994 .rpc-date { color: ; } #carousel-9994 .rpc-overlay { background-color: ; } #carousel-9994 .carousel-style9 { border-top-color: ; } #carousel-9994 .carousel-style9 .button:before { background-color: ; } #carousel-9994 .rpc-box { box-shadow: ; } #carousel-9994 .rpc-bg { background-color: ; } #carousel-9994 .rpc-title-bg { background-color: ; } #carousel-9994 .fixed-height-image { height: 300; } #carousel-9994 .slick-next:before { content: '\\ \\f0a9 '; } #carousel-9994 .slick-prev:before { content: '\\ \\f0a8'; }#carousel-9994 .rpc-title { font-family: ; } #carousel-9994 .rpc-title { font-size: 14px; } #carousel-9994 .rpc-content { font-family: ; } #carousel-9994 .rpc-content { font-size: ; } <\/style>\n\n\n\n<hr \/>\n<h3 style=\"text-align: center\"><span style=\"color: #3366ff\"><em>Benvenuti al Cir<span style=\"color: #3366ff\">colo R<\/span>icreativo <\/em><em>Aziendale <\/em><\/span><\/h3>\n<h3 style=\"text-align: center\"><span style=\"color: #ff6600\"><em><span style=\"color: #3366ff\">dei Lavoratori INFN &#8211; PISA<\/span><br \/><\/em><\/span><\/h3>\n<table class=\" aligncenter\" style=\"width: 47.38%;border-collapse: collapse\">\n<tbody>\n<tr>\n<td style=\"width: 100%\"><img decoding=\"async\" loading=\"lazy\" class=\"wp-image-4710 aligncenter\" src=\"https:\/\/www.pi.infn.it\/wp-content\/uploads\/2021\/04\/persone-in-gioco-300x118.jpg\" alt=\"\" width=\"392\" height=\"154\" \/><\/td>\n<\/tr>\n<\/tbody>\n<\/table>\n<p><strong><span style=\"color: #808080\"><em>Scopi e finalit\u00e0:<\/em><\/span><\/strong><\/p>\n<ul style=\"list-style-type: circle\">\n<li><span style=\"color: #808080\"><strong><span style=\"background-color: #ffffff\"><em>promuovere<\/em> e <em>gestire<\/em><\/span><\/strong> attivit\u00e0 sociali, solidali, culturali, artistiche, sportive, turistiche e ricreative per il miglior uso del tempo libero dei <em>Soci;<\/em><\/span><\/li>\n<li><span style=\"color: #808080\"><strong><em>organizzare<\/em><\/strong> in autonomia servizi di carattere culturale e ricreativo e stipulare convenzioni con Societ\u00e0, Enti Pubblici e privati, a livello locale e nazionale, per la promozione di iniziative comuni;<\/span><\/li>\n<li><span style=\"color: #808080\"><strong><em>dare vita<\/em><\/strong> a proprie pubblicazioni idonee a far conoscere gli aspetti della vita associativa.<\/span><\/li>\n<\/ul>\n<p><span style=\"color: #808080\">All\u2019interno del <em>Circolo<\/em> sono presenti <strong><em>Gruppi di Interesse<\/em><\/strong> per promuovere attivit\u00e0 specifiche.<\/span><\/p>\n<p><span style=\"color: #808080\"><strong><em>Per Accedere alla Home Page dei SOCI, \u00e8 necessario:<\/em><\/strong><\/span><\/p>\n<ul style=\"list-style-type: disc\">\n<li><span style=\"color: #ff0000\"><em><span style=\"color: #000000\">essere in regola con il pagamento della quota annuale <span style=\"color: #808080\">(<a style=\"color: #808080\" href=\"tel:+390502214371\">Cl<span style=\"color: #808080\">audia<\/span> Cardelli, int. 371<\/a>)<\/span><\/span><\/em><\/span><span style=\"color: #ff0000\"><em><span style=\"color: #000000\"><span style=\"color: #808080\">;<\/span><\/span><\/em><br \/><\/span><\/li>\n<li><em><span style=\"color: #000000\">fare<\/span><\/em> <span style=\"color: #808080\"><em>login<\/em><\/span>\u00a0<span style=\"color: #000000\"><em><span style=\"color: #808080\">con le credenziali INFN-AAI;<br \/><\/span><\/em><\/span><\/li>\n<li><span style=\"color: #000000\"><em>seguire il<\/em><\/span><strong><span style=\"color: #ff0000\"> <a style=\"color: #ff0000\" href=\"https:\/\/www.pi.infn.it\/?page_id=4563\"><em>Link<\/em><\/a><\/span><\/strong><span style=\"color: #808080\">.<\/span><\/li>\n<\/ul>\n<p><strong><span style=\"color: #808080\"><em>GRUPPI di INTERESSE:<\/em><\/span><\/strong><strong><span style=\"color: #808080\"><em><br \/><\/em><\/span><\/strong><\/p>\n<ul style=\"list-style-type: circle\">\n<li><span style=\"color: #000000\"><span style=\"color: #808080\">SCACCHI &#8211; Refere<span style=\"color: #999999\"><span style=\"color: #808080\">nte<\/span>: <\/span><em><strong>Roberto Carosi <\/strong>(int. 24.272).<\/em><\/span><span id=\"testo\"><\/span><\/span><\/li>\n<li><span style=\"color: #808080\">BURRACO &#8211; <em><br \/><\/em><\/span><\/li>\n<li><span style=\"color: #808080\">BIBLIOTECA &#8211; <em>I prestiti e le restituzioni avvengono ogni giorno dalle ore 12.00 alle 12.30, contattando preventivamente:<\/em> <\/span>\n<ul style=\"list-style-type: circle\">\n<li><span style=\"color: #808080\"><em><strong>Claudia Cardelli<\/strong> (int. 24.371) per i volumi posti al Piano Primo e <\/em><\/span><\/li>\n<li><span style=\"color: #808080\"><em><strong>Davide Iemma<\/strong> (int. 24.358) per i volumi posti al Piano Terra.<\/em><\/span><\/li>\n<\/ul>\n<\/li>\n<li><span style=\"color: #808080\">GIOCHI da TAVOLO &#8211; Referente: <strong><em>Andrea Cilibrasi <\/em><\/strong><em>(int. 24.340).<\/em><\/span><\/li>\n<li><span style=\"color: #808080\">CONSOLE di GIOCO (E-Games &#8211; <em>X.BOX Serie S.<\/em>) &#8211; Referente: <em><strong>Jacopo Pinzino<\/strong><\/em> <em>(int. 24.222)<\/em>.<\/span><\/li>\n<li><span style=\"color: #808080\">CALCETTO &#8211; Referente: <em><strong>Jacopo Pinzino<\/strong><\/em> <em>(int. 24.222)<\/em>.<\/span><\/li>\n<li><span style=\"color: #808080\">PING-PONG &#8211;<\/span><\/li>\n<li><span style=\"color: #808080\">BILIARDINO &#8211;<\/span><\/li>\n<li><span style=\"color: #808080\">E-BIKE -Referente: <em><strong>Claudia Cardelli<\/strong> (int. 24.371)<\/em>.<\/span><\/li>\n<\/ul>\n<p><em><span style=\"color: #808080\"><strong>Pagine Utili:<\/strong><\/span><br \/><\/em><\/p>\n<ul style=\"list-style-type: circle\">\n<li><em><a href=\"https:\/\/www.pi.infn.it\/?page_id=4575\">Segreteria CRAL e Sindaci Revisori<\/a><\/em> <span style=\"color: #808080\">\u2013 <em>Informazioni di contatto e ruoli.<\/em><\/span><\/li>\n<li><a href=\"https:\/\/www.pi.infn.it\/wp-content\/uploads\/2021\/04\/STATUTO-CRAL-INFN-PISA.pdf\"><em>Statuto<\/em><\/a> <span style=\"color: #808080\">\u2013 <em>bozza \u2013 in costruzione<\/em>.<\/span><\/li>\n<li><a href=\"https:\/\/www.pi.infn.it\/?page_id=6609\"><em>Donato al CRAL<\/em><\/a> &#8211; <span style=\"background-color: #ffffff;color: #808080\"><em>dal Gruppo Progettisti Meccanici<\/em><\/span><\/li>\n<\/ul>\n<p><em><span style=\"color: #808080\"><strong>Sede CRAL &#8211;<\/strong> telefono: <strong>24.462<\/strong><\/span><\/em><\/p>\n<p>\u00a0<\/p>\n","protected":false},"excerpt":{"rendered":"<p>Benvenuti al Circolo Ricreativo Aziendale dei Lavoratori INFN &#8211; PISA Scopi e finalit\u00e0: promuovere e gestire attivit\u00e0 sociali, solidali, culturali, artistiche, sportive, turistiche e ricreative per il miglior uso del tempo libero dei Soci; organizzare in autonomia servizi di carattere culturale e ricreativo e stipulare convenzioni con Societ\u00e0, Enti Pubblici e privati, a livello locale [&hellip;]<\/p>\n","protected":false},"author":30,"featured_media":0,"parent":0,"menu_order":0,"comment_status":"closed","ping_status":"closed","template":"","meta":{"_links_to":"","_links_to_target":""},"publishpress_future_action":{"enabled":false,"date":"2026-05-15 07:48:02","action":"change-status","newStatus":"draft","terms":[],"taxonomy":"language"},"_links":{"self":[{"href":"https:\/\/www.pi.infn.it\/index.php?rest_route=\/wp\/v2\/pages\/4350"}],"collection":[{"href":"https:\/\/www.pi.infn.it\/index.php?rest_route=\/wp\/v2\/pages"}],"about":[{"href":"https:\/\/www.pi.infn.it\/index.php?rest_route=\/wp\/v2\/types\/page"}],"author":[{"embeddable":true,"href":"https:\/\/www.pi.infn.it\/index.php?rest_route=\/wp\/v2\/users\/30"}],"replies":[{"embeddable":true,"href":"https:\/\/www.pi.infn.it\/index.php?rest_route=%2Fwp%2Fv2%2Fcomments&post=4350"}],"version-history":[{"count":198,"href":"https:\/\/www.pi.infn.it\/index.php?rest_route=\/wp\/v2\/pages\/4350\/revisions"}],"predecessor-version":[{"id":14805,"href":"https:\/\/www.pi.infn.it\/index.php?rest_route=\/wp\/v2\/pages\/4350\/revisions\/14805"}],"wp:attachment":[{"href":"https:\/\/www.pi.infn.it\/index.php?rest_route=%2Fwp%2Fv2%2Fmedia&parent=4350"}],"curies":[{"name":"wp","href":"https:\/\/api.w.org\/{rel}","templated":true}]}}