{"id":32,"date":"2018-04-12T07:21:21","date_gmt":"2018-04-12T05:21:21","guid":{"rendered":"http:\/\/epifani.eu\/infn\/sezioni_wp\/?page_id=32"},"modified":"2021-12-13T16:51:16","modified_gmt":"2021-12-13T15:51:16","slug":"dove-siamo","status":"publish","type":"page","link":"https:\/\/www.pi.infn.it\/?page_id=32","title":{"rendered":"Dove siamo"},"content":{"rendered":"\n<h4 class=\"media-heading\" style=\"color: black;\">INFN &#8211; Sezione di Pisa,<br \/>Sede Principale<\/h4>\n<p><iframe loading=\"lazy\" style=\"width: 750px; height: 560px;\" title=\"GoogleMaps\" src=\"https:\/\/www.google.com\/maps\/embed?pb=!1m14!1m8!1m3!1d11534.074531131295!2d10.4081968!3d43.7205518!3m2!1i1024!2i768!4f13.1!3m3!1m2!1s0x0%3A0x61fa050fe2979c7e!2sINFN%20-%20Sezione%20di%20Pisa!5e0!3m2!1sit!2sit!4v1575379630991!5m2!1sit!2sit\" width=\"600\" height=\"450\" frameborder=\"0\" allowfullscreen=\"allowfullscreen\"><\/iframe><\/p>\n<h5 class=\"media-heading\" style=\"color: black;\">Edificio C &#8211; Polo Fibonacci Largo B. Pontecorvo, 3<br \/>56127 Pisa<br \/><br \/><img decoding=\"async\" loading=\"lazy\" class=\"aligncenter  wp-image-2179\" src=\"https:\/\/www.pi.infn.it\/wp-content\/uploads\/2019\/12\/polofibonacci-229x300.jpg\" alt=\"\" width=\"412\" height=\"540\" srcset=\"https:\/\/www.pi.infn.it\/wp-content\/uploads\/2019\/12\/polofibonacci-229x300.jpg 229w, https:\/\/www.pi.infn.it\/wp-content\/uploads\/2019\/12\/polofibonacci.jpg 572w\" sizes=\"(max-width: 412px) 100vw, 412px\" \/><\/h5>\n<p>Come raggiungere INFN<\/p>\n<p>Pisa L&#8217;INFN-Pisa si trova all&#8217;interno di un grande complesso dell&#8217;universit\u00e0 situato nella costruzione C &#8220;del polo Fibonacci&#8221; , inoltre l&#8217;area \u00e8 conosciuta come &#8220;ex-Marzotto&#8221;. L&#8217;indirizzo \u00e8 Largo B. Pontecorvo, 3 &#8211; 56127 . Potete vedere la posizione su questa mappa. Su quest&#8217;altra mappa trovate un primo piano della zona centrale. Entrando dal cancello principale, l&#8217;INFN \u00e8 situato nella seconda costruzione sulla vostra sinistra.<\/p>\n<p><a href=\"http:\/\/www.cpt.pisa.it\/\" target=\"_blank\" rel=\"noopener noreferrer\">In bus<\/a> <br \/>Dalla stazione centrale di Pisa: appena fuori la stazione prendere il bus LAM linea verde scendere alla fermata Buonarroti 3. Il biglietto pu\u00f2 essere comprato presso i giornalai o tabacchini (per esempio all&#8217;interno del corridoio della stazione centrale). Costa \u20ac 1,10 ed \u00e8 valido per un&#8217;ora su tutti i bus. Tempo di percorrenza circa 10-15min. Dall&#8217;aeroporto: prendere il bus LAM linea rossa per la stazione centrale di Pisa (viaggio di 5min) poi il bus LAM linea verde . Info: potete trovare le informazioni sui percorsi e gli orari dei bus di Pisa sul sito della CPT: http:\/\/www.cpt.pisa.it\/. Per una cartina dettagliata clicca qui.<\/p>\n<p><a href=\"http:\/\/www.cotapi.it\/it\/\" target=\"_blank\" rel=\"noopener noreferrer\">In taxi<\/a><br \/>Sia all&#8217;aeroporto che alla stazione centrale di Pisa ci sono le fermate dei taxi. Numero di telefono radiofonico del taxi: 050-541600<\/p>\n<p>In automobile<br \/>Pisa \u00e8 una piccola citt\u00e0 antica, non progettata per le automobili. C&#8217;\u00e8 soltanto un parcheggio a pagamento intorno all&#8217;istituto (1\u20ac\/1ora), un grande parcheggio gratis \u00e8 disponibile a circa 10min a piedi dall&#8217;istituto vedi la mappa. <br \/><br \/>A piedi <br \/>Potete arrivare all&#8217;istituto da qualsiasi posizione del centro di Pisa. Dalla stazione del treno occorre circa 20 minuti. Sulla seguente mappa potete trovare la posizione di alcuni hotel e dell&#8217;INFN. Dal Ponte di Mezzo: camminare lungo Borgo Stretto, una via medioevale con gli archi ai lati. Continuare verso Borgo Largo alla fine degli archi svoltare a destra in via il San Lorenzo. Attraversate tutta la piazza di Santa Caterina fino a che non arrivate all&#8217;incrocio di via Buonarroti. Vedrete un grande cartello del Dipartimento di Matematica. Dalla stazione del treno: andare diritto dalla stazione sul grande Viale Gramsci. Passata la piazza Vittorio Emanuele prendere per Corso Italia, questa vi porter\u00e0 al Ponte di Mezzo.<\/p>\n<p>Per gli <a href=\"https:\/\/www.booking.com\/index.it.html\" target=\"_blank\" rel=\"noopener noreferrer\">hotel<\/a><br \/>Se siete alloggiati ad uno degli hotel del centro, come l&#8217;hotel Leonardo o hotel Verdi, potete prendere il bus (n. 2.4.7.13) scendere al Ponte di Mezzo e da li a piedi fino agli hotel. Le fermate migliori sono &#8220;Pacinotti 2&#8221; per l&#8217;hotel Leonardo e &#8220;Mediceo 1&#8221; per l&#8217;hotel Verdi. Se state venendo direttamente dall&#8217;aeroporto, potete rimanere sul bus n. 3, scendere a &#8220;Gambacorti 1&#8221;, attraversate il fiume sul Ponte di Mezzo e da l\u00ec camminate fino agli hotel.<\/p>\n\n\n","protected":false},"excerpt":{"rendered":"<p>INFN &#8211; Sezione di Pisa,Sede Principale Edificio C &#8211; Polo Fibonacci Largo B. Pontecorvo, 356127 Pisa Come raggiungere INFN Pisa L&#8217;INFN-Pisa si trova all&#8217;interno di un grande complesso dell&#8217;universit\u00e0 situato nella costruzione C &#8220;del polo Fibonacci&#8221; , inoltre l&#8217;area \u00e8 conosciuta come &#8220;ex-Marzotto&#8221;. L&#8217;indirizzo \u00e8 Largo B. Pontecorvo, 3 &#8211; 56127 . Potete vedere la [&hellip;]<\/p>\n","protected":false},"author":5,"featured_media":0,"parent":0,"menu_order":0,"comment_status":"closed","ping_status":"closed","template":"","meta":{"_links_to":"","_links_to_target":""},"publishpress_future_action":{"enabled":false,"date":"2026-05-16 19:04:30","action":"change-status","newStatus":"draft","terms":[],"taxonomy":"language"},"_links":{"self":[{"href":"https:\/\/www.pi.infn.it\/index.php?rest_route=\/wp\/v2\/pages\/32"}],"collection":[{"href":"https:\/\/www.pi.infn.it\/index.php?rest_route=\/wp\/v2\/pages"}],"about":[{"href":"https:\/\/www.pi.infn.it\/index.php?rest_route=\/wp\/v2\/types\/page"}],"author":[{"embeddable":true,"href":"https:\/\/www.pi.infn.it\/index.php?rest_route=\/wp\/v2\/users\/5"}],"replies":[{"embeddable":true,"href":"https:\/\/www.pi.infn.it\/index.php?rest_route=%2Fwp%2Fv2%2Fcomments&post=32"}],"version-history":[{"count":29,"href":"https:\/\/www.pi.infn.it\/index.php?rest_route=\/wp\/v2\/pages\/32\/revisions"}],"predecessor-version":[{"id":9938,"href":"https:\/\/www.pi.infn.it\/index.php?rest_route=\/wp\/v2\/pages\/32\/revisions\/9938"}],"wp:attachment":[{"href":"https:\/\/www.pi.infn.it\/index.php?rest_route=%2Fwp%2Fv2%2Fmedia&parent=32"}],"curies":[{"name":"wp","href":"https:\/\/api.w.org\/{rel}","templated":true}]}}