{"id":2307,"date":"2020-03-02T15:35:28","date_gmt":"2020-03-02T14:35:28","guid":{"rendered":"http:\/\/wordpress.pi.infn.it\/?page_id=2307"},"modified":"2025-09-15T09:24:25","modified_gmt":"2025-09-15T07:24:25","slug":"benefici-assistenziali","status":"publish","type":"page","link":"https:\/\/www.pi.infn.it\/?page_id=2307","title":{"rendered":"Benefici Assistenziali e Sociali"},"content":{"rendered":"\n<div class=\"is-layout-flex wp-container-6 wp-block-columns\">\n<div class=\"is-layout-flow wp-block-column\" style=\"flex-basis:33.33%\">\n<div class=\"is-layout-constrained wp-block-group\"><div class=\"wp-block-group__inner-container\">\n<div class=\"is-layout-flex wp-container-2 wp-block-columns\">\n<div class=\"is-layout-flow wp-block-column\" style=\"flex-basis:100%\">\n<figure class=\"wp-block-table is-style-regular\">\n<table class=\"has-fixed-layout\" style=\"width: 75.514%;height: 444px;border: 1px solid black;border-collapse: collapse\">\n<tbody>\n<tr style=\"height: 37px\">\n<td style=\"height: 37px;border: 1px solid black;border-collapse: collapse;width: 100%\"><a href=\"https:\/\/www.pi.infn.it\/?page_id=2232\">Direzione<\/a><\/td>\n<\/tr>\n<tr style=\"height: 37px\">\n<td style=\"height: 37px;border: 1px solid black;border-collapse: collapse;width: 100%\"><a href=\"https:\/\/www.pi.infn.it\/?page_id=4874\">Affari del Personale<\/a><\/td>\n<\/tr>\n<tr style=\"height: 37px\">\n<td style=\"height: 37px;border: 1px solid black;border-collapse: collapse;width: 100%\"><a href=\"https:\/\/www.pi.infn.it\/?page_id=4906\">Elezioni<\/a><\/td>\n<\/tr>\n<tr style=\"height: 37px\">\n<td style=\"height: 37px;border: 1px solid black;border-collapse: collapse;width: 100%\"><a href=\"https:\/\/www.pi.infn.it\/?page_id=2277\">Reclutamento<\/a><\/td>\n<\/tr>\n<tr style=\"height: 37px\">\n<td style=\"height: 37px;border: 1px solid black;border-collapse: collapse;width: 100%\"><a href=\"https:\/\/www.pi.infn.it\/?page_id=2307\">Benefici Assistenziali<\/a><\/td>\n<\/tr>\n<tr style=\"height: 37px\">\n<td style=\"height: 37px;border: 1px solid black;border-collapse: collapse;width: 100%\"><a href=\"https:\/\/www.pi.infn.it\/?page_id=4890\">Affari Assicurativi<\/a><\/td>\n<\/tr>\n<tr style=\"height: 37px\">\n<td style=\"height: 37px;border: 1px solid black;border-collapse: collapse;width: 100%\"><a href=\"https:\/\/www.pi.infn.it\/?page_id=4921\">Segreteria Scientifica<\/a><\/td>\n<\/tr>\n<tr style=\"height: 37px\">\n<td style=\"height: 37px;border: 1px solid black;border-collapse: collapse;width: 100%\"><a href=\"https:\/\/www.pi.infn.it\/?page_id=2345\">Associazioni<\/a><\/td>\n<\/tr>\n<tr style=\"height: 37px\">\n<td style=\"height: 37px;border: 1px solid black;border-collapse: collapse;width: 100%\"><a href=\"https:\/\/www.pi.infn.it\/?page_id=11074\">Transizione Digitale<\/a><\/td>\n<\/tr>\n<tr style=\"height: 37px\">\n<td style=\"height: 37px;border: 1px solid black;border-collapse: collapse;width: 100%\"><a href=\"https:\/\/www.pi.infn.it\/?page_id=4911\">Servizi<\/a><\/td>\n<\/tr>\n<tr style=\"height: 37px\">\n<td style=\"height: 37px;border: 1px solid black;border-collapse: collapse;width: 100%\"><a href=\"https:\/\/www.pi.infn.it\/?page_id=2355\">Radioprotezione<\/a><\/td>\n<\/tr>\n<tr style=\"height: 37px\">\n<td style=\"height: 37px;border: 1px solid black;border-collapse: collapse;width: 100%\"><a href=\"https:\/\/www.pi.infn.it\/?page_id=3916\">Modulistica<\/a><\/td>\n<\/tr>\n<\/tbody>\n<\/table>\n<\/figure>\n<\/div>\n<\/div>\n<\/div><\/div>\n<\/div>\n\n\n\n<div class=\"is-layout-flow wp-block-column\" style=\"flex-basis:66.66%\">\n<p id=\"block-f531c892-f1f4-4fe3-95ac-d62a74707b16\"><a href=\"https:\/\/beneficiassistenziali.dsi.infn.it\/resources\/disciplinare2025.pdf\" data-type=\"URL\" target=\"_blank\" rel=\"noreferrer noopener\">Disciplinare<\/a><br>Il presente disciplinare norma la concessione dei seguenti benefici:<br>a) sussidi;<br>b) contributi per figli e figlie in et\u00e0 prescolare e che frequentano la scuola primaria;<br>c) contributi per figli e figlie che frequentano le scuole secondarie di primo e secondo grado e l\u2019Universit\u00e0;<br>d) contributi a favore di attivit\u00e0 culturali, ricreative e con finalit\u00e0 sociali (CRAL);<br>e) prestiti.<\/p>\n\n\n\n<p id=\"block-f591e2c0-dd4e-41f7-8b60-9b91c1b2ed48\">L&#8217;avvio delle procedure per la concessione dei benefici sopraelencati avviene tramite specifica circolare. Le circolari definiscono la tempistica per la relativa presentazione delle domande e ogni altra modalit\u00e0 operativa connessa alla concessione del singolo beneficio.<br>La presentazione delle domande avviene sul portale dei <a rel=\"noreferrer noopener\" href=\"https:\/\/beneficiassistenziali.dsi.infn.it\/\" data-type=\"URL\" data-id=\"https:\/\/beneficiassistenziali.dsi.infn.it\/\" target=\"_blank\">benefici assistenziali<\/a> ad eccezione dei sussidi per i quali si accede al <a href=\"https:\/\/sussidi.dsi.infn.it\/\" data-type=\"URL\" data-id=\"https:\/\/sussidi.dsi.infn.it\/\" target=\"_blank\" rel=\"noreferrer noopener\">seguente link<\/a>.<\/p>\n\n\n\n<h6 id=\"block-48c7360d-4116-43ea-a310-04e205229278\">Concessione di sussidi in favore dei dipendenti INFN<\/h6>\n\n\n\n<p style=\"text-align: justify\">Il sussidio pu\u00f2 essere concesso in documentate situazioni di necessit\u00e0 determinate da gravi eventi o condizioni che incidano sul bilancio del nucleo familiare del\/della richiedente.<br data-rich-text-line-break=\"true\">I dipendenti interessati sono tenuti a compilare la domanda di sussidio, relativa alle sole spese sostenute nell\u2019anno solare precedente (allegando i documenti di spesa con file pdf), avvalendosi del form online.<br data-rich-text-line-break=\"true\">La domanda debitamente compilata, stampata e sottoscritta dovr\u00e0 essere inviata all\u2019 Ufficio di Direzione per il seguito di competenza.<\/p>\n<\/div>\n<\/div>\n\n\n\n<hr class=\"wp-block-separator has-css-opacity is-style-wide\" \/>\n\n\n\n<h6 id=\"block-8611a63f-3633-4426-bc85-063754255fa2\">Contributi per i dipendenti con figli in et\u00e0 prescolare<\/h6>\n\n\n\n<p style=\"text-align: justify\">Il contributo pu\u00f2 essere concesso ai\/alle dipendenti con figli o figlie che frequentano l\u2019asilo nido, la scuola dell\u2019infanzia o la scuola primaria, pubblica o privata, o altro istituto che svolge analogo servizio, nell\u2019anno solare in cui si conclude ogni anno pedagogico\/scolastico<\/p>\n\n\n\n<hr class=\"wp-block-separator has-css-opacity is-style-wide\" \/>\n\n\n\n<h6>Borse di studio per i figli dei dipendenti<\/h6>\n\n\n\n<p style=\"text-align: justify\">Questa tipologia di beneficio riguarda i figli e le figlie del personale dipendente che frequentano:<br data-rich-text-line-break=\"true\">&#8211; le scuole secondarie di primo e secondo grado statali, paritarie e legalmente riconosciute, ivi compresi gli Istituti professionali;<br data-rich-text-line-break=\"true\">&#8211; le Universit\u00e0 statali o libere o le scuole dirette a fini speciali, di cui al D.P.R. 10.03.1982 n. 162, ovvero Accademie di belle arti, Accademia nazionale di danza, Accademia nazionale di arte drammatica, Istituti superiori per le industrie artistiche, Conservatori di musica e Istituti musicali pareggiati, di cui alla legge 21 dicembre 1999 n. 508;<br data-rich-text-line-break=\"true\">&#8211; le scuole speciali per persone con disabilit\u00e0.<br data-rich-text-line-break=\"true\">Essa consta di due contributi valutati e assegnati separatamente, ossia:<br data-rich-text-line-break=\"true\">a) contributo di merito &#8211; in base al merito scolastico dei figli e delle figlie del personale dipendente;<br data-rich-text-line-break=\"true\">b) contributo di supporto alle spese d\u2019istruzione \u2013 in base alle spese scolastiche, comprovate da documentazione, che riguardano acquisto di testi scolastici e\/o universitari e spese per iscrizione a corsi universitari o istituti equivalenti e scuole speciali per persone con disabilit\u00e0.<\/p>\n\n\n\n<hr class=\"wp-block-separator has-css-opacity is-style-wide\" \/>\n\n\n\n<h6>Prestiti<\/h6>\n\n\n\n<p id=\"block-b4a0ab79-100c-4e02-b204-bbd87c799a5e\" style=\"text-align: justify\">Sezione I<\/p>\n<p id=\"block-5885cc30-3584-410b-8049-b3a872a94143\" style=\"text-align: justify\">Il\/la dipendente pu\u00f2 chiedere che gli venga concesso un prestito per fronteggiare particolari necessit\u00e0 sorte in presenza di documentati eventi descritti nel successivo articolo, che comportino aggravio al bilancio familiare per spese non altrimenti differibili o per difficolt\u00e0 di accedere ai canali ordinari del credito bancario da rimborsare entro l\u2019anno di riferimento.<\/p>\n<p id=\"block-c8f6f700-801c-4218-95ae-888493864f8d\" style=\"text-align: justify\">Sezione II<\/p>\n<p id=\"block-61c00603-1bb9-4113-a509-f88c538ab402\" style=\"text-align: justify\">Il\/la dipendente pu\u00f2 chiedere che gli venga concesso un contributo finalizzato alla copertura degli interessi e delle spese derivanti dall\u2019attivazione di un prestito attraverso i canali ordinari del credito, per fronteggiare particolari necessit\u00e0 sorte in presenza di documentati eventi descritti nel successivo articolo, che comportino aggravio al bilancio familiare per spese non altrimenti differibili.<\/p>\n\n\n\n<hr class=\"wp-block-separator has-css-opacity is-style-wide\" \/>\n\n\n\n<h6>Cral<\/h6>\n\n\n\n<p>Cral<\/p>\n","protected":false},"excerpt":{"rendered":"<p>DisciplinareIl presente disciplinare norma la concessione dei seguenti benefici:a) sussidi;b) contributi per figli e figlie in et\u00e0 prescolare e che frequentano la scuola primaria;c) contributi per figli e figlie che frequentano le scuole secondarie di primo e secondo grado e l\u2019Universit\u00e0;d) contributi a favore di attivit\u00e0 culturali, ricreative e con finalit\u00e0 sociali (CRAL);e) prestiti. L&#8217;avvio [&hellip;]<\/p>\n","protected":false},"author":15,"featured_media":0,"parent":0,"menu_order":0,"comment_status":"closed","ping_status":"closed","template":"","meta":{"_links_to":"","_links_to_target":""},"publishpress_future_action":{"enabled":false,"date":"2026-05-15 14:00:11","action":"change-status","newStatus":"draft","terms":[],"taxonomy":"language"},"_links":{"self":[{"href":"https:\/\/www.pi.infn.it\/index.php?rest_route=\/wp\/v2\/pages\/2307"}],"collection":[{"href":"https:\/\/www.pi.infn.it\/index.php?rest_route=\/wp\/v2\/pages"}],"about":[{"href":"https:\/\/www.pi.infn.it\/index.php?rest_route=\/wp\/v2\/types\/page"}],"author":[{"embeddable":true,"href":"https:\/\/www.pi.infn.it\/index.php?rest_route=\/wp\/v2\/users\/15"}],"replies":[{"embeddable":true,"href":"https:\/\/www.pi.infn.it\/index.php?rest_route=%2Fwp%2Fv2%2Fcomments&post=2307"}],"version-history":[{"count":56,"href":"https:\/\/www.pi.infn.it\/index.php?rest_route=\/wp\/v2\/pages\/2307\/revisions"}],"predecessor-version":[{"id":15422,"href":"https:\/\/www.pi.infn.it\/index.php?rest_route=\/wp\/v2\/pages\/2307\/revisions\/15422"}],"wp:attachment":[{"href":"https:\/\/www.pi.infn.it\/index.php?rest_route=%2Fwp%2Fv2%2Fmedia&parent=2307"}],"curies":[{"name":"wp","href":"https:\/\/api.w.org\/{rel}","templated":true}]}}