{"id":2263,"date":"2020-02-03T16:21:19","date_gmt":"2020-02-03T15:21:19","guid":{"rendered":"http:\/\/wordpress.pi.infn.it\/?page_id=2263"},"modified":"2026-05-04T10:26:10","modified_gmt":"2026-05-04T08:26:10","slug":"fisica-astroparticellare","status":"publish","type":"page","link":"https:\/\/www.pi.infn.it\/?page_id=2263","title":{"rendered":"Fisica Astroparticellare"},"content":{"rendered":"\n<p><img decoding=\"async\" loading=\"lazy\" width=\"1020\" height=\"226\" class=\"wp-image-3128\" style=\"width: 1100px\" src=\"https:\/\/www.pi.infn.it\/wp-content\/uploads\/2021\/02\/sky.png\" alt=\"\" srcset=\"https:\/\/www.pi.infn.it\/wp-content\/uploads\/2021\/02\/sky.png 1020w, https:\/\/www.pi.infn.it\/wp-content\/uploads\/2021\/02\/sky-300x66.png 300w, https:\/\/www.pi.infn.it\/wp-content\/uploads\/2021\/02\/sky-768x170.png 768w\" sizes=\"(max-width: 1020px) 100vw, 1020px\" \/><\/p>\n\n\n\n<p>La Commissione Scientifica Nazionale 2 (CSN2) coordina le ricerche nel campo della fisica delle Astroparticelle. Queste ricerche studiano gli aspetti della fisica fondamentale che non possiamo indagare con gli acceleratori di particelle e sono condotte indirettamente, sfruttando il Cosmo come acceleratore naturale di tutti i tipi di radiazione, oppure studiando processi rarissimi in Laboratori come quello del Gran Sasso.<\/p>\n\n\n\n<p>Gli esperimenti di fisica delle astroparticelle studiano la radiazione cosmica di fondo, i raggi cosmici, i neutrini, le onde gravitazionali, i raggi gamma di altissima energia, altri tipi di particelle rare che possono dare importanti indizi sull\u2019asimmetria tra materia e antimateria nell\u2019Universo, fino alle particelle che si ritiene possano costituire la materia oscura. Una delle sfide attuali pi\u00f9 affascinanti \u00e8 lo studio della gravit\u00e0 e in particolare quello delle onde gravitazionali predette da Einstein e recentemente osservate dalla collaborazione Virgo-Ligo, con cui si apre una nuova e molto promettente finestra per l\u2019osservazione dell\u2019Universo e lo studio dei buchi neri.<\/p>\n\n\n\n<p><a href=\"https:\/\/web.infn.it\/csn2\/index.php\/it\/\" target=\"_blank\" rel=\"noopener noreferrer\"><strong>Sito della Commissione Scientifica Nazionale 2<\/strong><\/a><\/p>\n<p>Coordinatore: <strong>Carmelo Sgr\u00f2 <\/strong><a href=\"mailto:carmelo.sgro@pi.infn.it\">mail<\/a><br \/>Stanza: 39 Edificio C<br \/>Telefono: <a href=\"tel:+39 050 2214563\">+39 050 2214563<\/a><\/p>\n<hr \/>\n<h4><strong>Esperimenti di CSN2 attivi presso la Sezione INFN di Pisa<\/strong><\/h4>\n<hr \/>\n<p><strong>AMS-02 (<\/strong><strong>Alpha Magnetic Spectrometer)<\/strong><\/p>\n<p><img decoding=\"async\" loading=\"lazy\" class=\"wp-image-3100 alignnone\" src=\"https:\/\/www.pi.infn.it\/wp-content\/uploads\/2021\/02\/ams-300x118.jpg\" alt=\"\" width=\"601\" height=\"236\" srcset=\"https:\/\/www.pi.infn.it\/wp-content\/uploads\/2021\/02\/ams-300x118.jpg 300w, https:\/\/www.pi.infn.it\/wp-content\/uploads\/2021\/02\/ams.jpg 357w\" sizes=\"(max-width: 601px) 100vw, 601px\" \/><\/p>\n<p>Responsabile Locale: <strong>Marco Incagli<\/strong> <a href=\"mailto:marco.incagli@pi.infn.it\">marco.incagli@pi.infn.it<\/a><br \/>Stanza: 193 Edificio C<br \/>Telefono: <a href=\"tel:+390502214379\">+39 050 2214 379<\/a><\/p>\n<p><a href=\"https:\/\/home.cern\/science\/experiments\/ams\">AMS al CERN<\/a><\/p>\n<hr \/>\n<p><strong>BULLKID\u00a0<\/strong><\/p>\n<p>Responsabile Locale: <strong>Donato <\/strong><strong>Nicol\u00f2<\/strong>\u00a0<a href=\"mailto:donato.nicolo@pi.infn.it\">donato.nicolo@pi.infn.it<\/a>\u00a0<\/p>\n<p>Stanza: 229 Edificio C<\/p>\n<p>Telefono: <a href=\"tel:+390502214311\">+39 050 2214 311<\/a><\/p>\n<hr \/>\n<p><strong>CTA (Cherenkov Telescope Array)\u00a0<\/strong><\/p>\n<p><img decoding=\"async\" loading=\"lazy\" class=\" wp-image-3096 alignnone\" src=\"https:\/\/www.pi.infn.it\/wp-content\/uploads\/2021\/02\/cta-300x121.png\" alt=\"\" width=\"600\" height=\"242\" srcset=\"https:\/\/www.pi.infn.it\/wp-content\/uploads\/2021\/02\/cta-300x121.png 300w, https:\/\/www.pi.infn.it\/wp-content\/uploads\/2021\/02\/cta-1024x415.png 1024w, https:\/\/www.pi.infn.it\/wp-content\/uploads\/2021\/02\/cta-768x311.png 768w, https:\/\/www.pi.infn.it\/wp-content\/uploads\/2021\/02\/cta.png 1287w\" sizes=\"(max-width: 600px) 100vw, 600px\" \/><\/p>\n<p>Responsabile Locale: <strong>Riccardo Paoletti<\/strong> <a href=\"mailto:riccardo.paoletti@pi.infn.it\">riccardo.paoletti@pi.infn.it<\/a><br \/>Stanza: 152 Edificio C<br \/>Telefono: <a href=\"tel:+39 050 2214 238\">+39 050 2214 238<\/a><\/p>\n<p><a href=\"http:\/\/www.cta-observatory.org\/\">Pagine web di CTA<\/a><\/p>\n<hr \/>\n<p><strong>DARKSIDE<\/strong><\/p>\n<p><img decoding=\"async\" loading=\"lazy\" class=\" wp-image-3103 alignnone\" src=\"https:\/\/www.pi.infn.it\/wp-content\/uploads\/2021\/02\/darkside-300x110.jpg\" alt=\"\" width=\"600\" height=\"220\" srcset=\"https:\/\/www.pi.infn.it\/wp-content\/uploads\/2021\/02\/darkside-300x110.jpg 300w, https:\/\/www.pi.infn.it\/wp-content\/uploads\/2021\/02\/darkside.jpg 371w\" sizes=\"(max-width: 600px) 100vw, 600px\" \/><\/p>\n<p>Responsabile Locale: <strong>Eugenio Paoloni<\/strong> <a href=\"mailto:eugenio.paoloni@pi.infn.it\">eugenio.paoloni@pi.infn.it<\/a><br \/>Stanza: 219 Edificio C<br \/>Telefono: <a href=\"tel:+39 050 2214 246\">+39 050 2214 246<\/a><\/p>\n<p><a href=\"http:\/\/darkside.lngs.infn.it\/\">Darkside ai LNGS<\/a><\/p>\n<hr \/>\n<p><strong>ET (Einstein Telescope)<\/strong><\/p>\n<p><img decoding=\"async\" loading=\"lazy\" class=\" wp-image-3109 alignnone\" src=\"https:\/\/www.pi.infn.it\/wp-content\/uploads\/2021\/02\/et-300x155.png\" alt=\"\" width=\"600\" height=\"310\" srcset=\"https:\/\/www.pi.infn.it\/wp-content\/uploads\/2021\/02\/et-300x155.png 300w, https:\/\/www.pi.infn.it\/wp-content\/uploads\/2021\/02\/et-1024x529.png 1024w, https:\/\/www.pi.infn.it\/wp-content\/uploads\/2021\/02\/et-768x397.png 768w, https:\/\/www.pi.infn.it\/wp-content\/uploads\/2021\/02\/et.png 1350w\" sizes=\"(max-width: 600px) 100vw, 600px\" \/><br \/>\u00a0\u00a0\u00a0\u00a0<\/p>\n<p>Responsabile Locale: <strong>Franco Frasconi<\/strong> <a href=\"mailto:franco.frasconi@pi.infn.it\">franco.frasconi@pi.infn.it<\/a> \u00a0<br \/>Stanza: 95 Edificio C<br \/>Telefono: <a href=\"tel:+39 050 2214 365\">+39 050 2214 365<\/a><\/p>\n<p><a href=\"http:\/\/www.et-gw.eu\/\">Pagine web di ET<\/a><\/p>\n<hr \/>\n<p><strong>FERMI (Fermi Gamma Ray Telescope)<\/strong><\/p>\n<p><img decoding=\"async\" loading=\"lazy\" class=\" wp-image-3108 alignnone\" src=\"https:\/\/www.pi.infn.it\/wp-content\/uploads\/2021\/02\/fermi-300x97.png\" alt=\"\" width=\"600\" height=\"194\" srcset=\"https:\/\/www.pi.infn.it\/wp-content\/uploads\/2021\/02\/fermi-300x97.png 300w, https:\/\/www.pi.infn.it\/wp-content\/uploads\/2021\/02\/fermi-768x247.png 768w, https:\/\/www.pi.infn.it\/wp-content\/uploads\/2021\/02\/fermi.png 907w\" sizes=\"(max-width: 600px) 100vw, 600px\" \/><\/p>\n<p>Responsabile Locale: <strong>Melissa Pesce-Rollins<\/strong> <a href=\"mailto:melissa.pesce.rollins@pi.infn.it\">melissa.pesce.rollins@pi.infn.it<\/a><br \/>Stanza: 39 Edificio C<br \/>Telefono: <a href=\"tel:+390502214565\">+39 050 2214 565<\/a><\/p>\n<p><a href=\"http:\/\/fermi.gsfc.nasa.gov\/\">Fermi alla NASA<\/a><\/p>\n<hr \/>\n<p><strong>FLASH\u00a0<\/strong><\/p>\n<p>Responsabile Locale: <strong>Gianluca Lamanna<\/strong>\u00a0<a href=\"mailto:gianluca.lamanna@unipi.it\">gianluca.lamanna@unipi.it<\/a><\/p>\n<p>Stanza: 227 Edificio C<\/p>\n<p>Telefono:<a href=\"tel:+390502214220\">+39 050 2214 220<\/a><\/p>\n<p><a href=\"https:\/\/coldlab.lnf.infn.it\/experiments\/flash\/\">Sito web<\/a><\/p>\n<hr \/>\n<p><strong>GINGER\u00a0(Gyroscopes IN GEneral Relativity)<\/strong><\/p>\n<p><img decoding=\"async\" loading=\"lazy\" class=\" wp-image-3107 alignnone\" src=\"https:\/\/www.pi.infn.it\/wp-content\/uploads\/2021\/02\/ginger-300x138.png\" alt=\"\" width=\"600\" height=\"276\" srcset=\"https:\/\/www.pi.infn.it\/wp-content\/uploads\/2021\/02\/ginger-300x138.png 300w, https:\/\/www.pi.infn.it\/wp-content\/uploads\/2021\/02\/ginger-768x354.png 768w, https:\/\/www.pi.infn.it\/wp-content\/uploads\/2021\/02\/ginger.png 781w\" sizes=\"(max-width: 600px) 100vw, 600px\" \/><\/p>\n<p>Responsabile Locale: <strong>Giorgio Carelli <\/strong><a href=\"mailto:giorgio.carelli@pi.infn.it\">giorgio.carelli@pi.infn.it<\/a><br \/>Stanza: Edificio B<br \/>Telefono: <a href=\"tel:+39 050 2214 309\">+39 050 2214 309<\/a><\/p>\n<p><a href=\"https:\/\/web.infn.it\/GINGER\/index.php\/it\/home\">GINGER sul sito INFN<\/a><\/p>\n<hr \/>\n<p><strong>PTOLEMY<\/strong><\/p>\n<p>Responsabile Locale:\u00a0<strong>Valentina Tozzini<\/strong> <a href=\"mailto:valentina.tozzini@nano.cnr.it\">valentina.tozzini@nano.cnr.it<\/a><\/p>\n<p>Stanza: &#8211;\u00a0<\/p>\n<p>Telefono: <a href=\"tel:+39050509433\">+39 050 509433<\/a><\/p>\n<p><a href=\"https:\/\/ptolemy.lngs.infn.it\/\">Sito web<\/a><\/p>\n<hr \/>\n<p><strong>IXPE (Imaging X-Ray Polarimetry Explorer)<br \/>XRO (X-Ray Observatories)<\/strong><\/p>\n<p><img decoding=\"async\" loading=\"lazy\" class=\" wp-image-3105 alignnone\" src=\"https:\/\/www.pi.infn.it\/wp-content\/uploads\/2021\/02\/ixpe-300x130.png\" alt=\"\" width=\"600\" height=\"260\" srcset=\"https:\/\/www.pi.infn.it\/wp-content\/uploads\/2021\/02\/ixpe-300x130.png 300w, https:\/\/www.pi.infn.it\/wp-content\/uploads\/2021\/02\/ixpe-1024x445.png 1024w, https:\/\/www.pi.infn.it\/wp-content\/uploads\/2021\/02\/ixpe-768x334.png 768w, https:\/\/www.pi.infn.it\/wp-content\/uploads\/2021\/02\/ixpe.png 1192w\" sizes=\"(max-width: 600px) 100vw, 600px\" \/><\/p>\n<p>Responsabile Locale: <strong>Carmelo Sgr\u00f2<\/strong> <a href=\"mailto:carmelo.sgro@pi.infn.it\">carmelo.sgro@pi.infn.it<\/a><br \/>Stanza: 39 Edificio C<br \/>Telefono: <a href=\"tel:+39 050 2214 563\">+39 050 2214 563<\/a><\/p>\n<p><a href=\"https:\/\/ixpe.msfc.nasa.gov\/\">IXPE alla NASA<\/a><\/p>\n<hr \/>\n<p><strong>LITEBIRD<\/strong>\u00a0<\/p>\n<p><img decoding=\"async\" loading=\"lazy\" class=\" wp-image-3104 alignnone\" src=\"https:\/\/www.pi.infn.it\/wp-content\/uploads\/2021\/02\/litebird-300x82.png\" alt=\"\" width=\"600\" height=\"164\" srcset=\"https:\/\/www.pi.infn.it\/wp-content\/uploads\/2021\/02\/litebird-300x82.png 300w, https:\/\/www.pi.infn.it\/wp-content\/uploads\/2021\/02\/litebird.png 440w\" sizes=\"(max-width: 600px) 100vw, 600px\" \/><\/p>\n<p>Responsabile Locale: <strong>Giovanni Signorelli<\/strong> <a href=\"mailto:giovanni.signorelli@pi.infn.it\">giovanni.signorelli@pi.infn.it<\/a><br \/>Stanza: 134 Edificio C<br \/>Telefono: <a href=\"tel:+39 050 2214 425\">+39 050 2214 425<\/a><\/p>\n<p><a href=\"http:\/\/www.litebird-europe.eu\/\">LiteBird in Europa<\/a><\/p>\n<p><a href=\"http:\/\/litebird.jp\/eng\/\">LiteBird in Giappone<\/a><\/p>\n<hr \/>\n<p><strong>LSPE<\/strong>\u00a0<\/p>\n<p>Responsabile Locale: <strong>Giovanni Signorelli<\/strong> <a href=\"mailto:giovanni.signorelli@pi.infn.it\">giovanni.signorelli@pi.infn.it<\/a><br \/>Stanza: 134 Edificio C<br \/>Telefono: <a href=\"tel:+39 050 2214 425\">+39 050 2214 425<\/a><\/p>\n<p><a href=\"http:\/\/lspe.roma1.infn.it\/\">LSPE in Italia<\/a><\/p>\n<hr \/>\n<p><strong>VIRGO<\/strong><\/p>\n<p><img decoding=\"async\" loading=\"lazy\" class=\" wp-image-3112 alignnone\" src=\"https:\/\/www.pi.infn.it\/wp-content\/uploads\/2021\/02\/virgo-300x77.jpg\" alt=\"\" width=\"600\" height=\"154\" srcset=\"https:\/\/www.pi.infn.it\/wp-content\/uploads\/2021\/02\/virgo-300x77.jpg 300w, https:\/\/www.pi.infn.it\/wp-content\/uploads\/2021\/02\/virgo.jpg 442w\" sizes=\"(max-width: 600px) 100vw, 600px\" \/><\/p>\n<p>Responsabile Locale: <strong>Massimiliano Razzano<\/strong>\u00a0<a href=\"mailto:massimiliano.razzano@pi.infn.it\">massimiliano.razzano@pi.infn.it<\/a>\u00a0<br \/>Stanza: 110 Edificio C<br \/>Telefono: <a href=\"tel:+39 050 2214 400\">+39 050 2214 400<\/a><\/p>\n<p><a href=\"http:\/\/www.virgo-gw.eu\/\">Virgo a Pisa<\/a><\/p>\n<hr \/>\n","protected":false},"excerpt":{"rendered":"<p>La Commissione Scientifica Nazionale 2 (CSN2) coordina le ricerche nel campo della fisica delle Astroparticelle. Queste ricerche studiano gli aspetti della fisica fondamentale che non possiamo indagare con gli acceleratori di particelle e sono condotte indirettamente, sfruttando il Cosmo come acceleratore naturale di tutti i tipi di radiazione, oppure studiando processi rarissimi in Laboratori come [&hellip;]<\/p>\n","protected":false},"author":158,"featured_media":0,"parent":0,"menu_order":0,"comment_status":"closed","ping_status":"closed","template":"","meta":{"_links_to":"","_links_to_target":""},"publishpress_future_action":{"enabled":false,"date":"2026-05-16 02:28:03","action":"change-status","newStatus":"draft","terms":[],"taxonomy":"language"},"_links":{"self":[{"href":"https:\/\/www.pi.infn.it\/index.php?rest_route=\/wp\/v2\/pages\/2263"}],"collection":[{"href":"https:\/\/www.pi.infn.it\/index.php?rest_route=\/wp\/v2\/pages"}],"about":[{"href":"https:\/\/www.pi.infn.it\/index.php?rest_route=\/wp\/v2\/types\/page"}],"author":[{"embeddable":true,"href":"https:\/\/www.pi.infn.it\/index.php?rest_route=\/wp\/v2\/users\/158"}],"replies":[{"embeddable":true,"href":"https:\/\/www.pi.infn.it\/index.php?rest_route=%2Fwp%2Fv2%2Fcomments&post=2263"}],"version-history":[{"count":62,"href":"https:\/\/www.pi.infn.it\/index.php?rest_route=\/wp\/v2\/pages\/2263\/revisions"}],"predecessor-version":[{"id":15924,"href":"https:\/\/www.pi.infn.it\/index.php?rest_route=\/wp\/v2\/pages\/2263\/revisions\/15924"}],"wp:attachment":[{"href":"https:\/\/www.pi.infn.it\/index.php?rest_route=%2Fwp%2Fv2%2Fmedia&parent=2263"}],"curies":[{"name":"wp","href":"https:\/\/api.w.org\/{rel}","templated":true}]}}