{"id":212,"date":"2018-04-14T07:58:15","date_gmt":"2018-04-14T05:58:15","guid":{"rendered":"http:\/\/epifani.eu\/infn\/sezioni_wp\/?page_id=212"},"modified":"2023-12-05T14:42:03","modified_gmt":"2023-12-05T13:42:03","slug":"associazione","status":"publish","type":"page","link":"https:\/\/www.pi.infn.it\/?page_id=212","title":{"rendered":"Utenti esterni \/ ospiti"},"content":{"rendered":"<p style=\"text-align: justify;\">Per frequentare la Sezione INFN di Pisa e svolgere attivit\u00e0 lavorativa in qualit\u00e0 di <strong>Utenti Esterni &#8211; Ospiti<\/strong> \u00e8 necessaria essere registrati sul sistema anagrafico dell&#8217;INFN e avere un account attivo per il login sul\u00a0<a href=\"https:\/\/portale.dsi.infn.it\/\">portale (idp)<\/a>\u00a0INFN.<\/p>\n<p style=\"text-align: justify;\">Se non si possiede un account, per registrarsi \u00e8 necessario accedere alla pagina INFN SignUp\u00a0<a href=\"https:\/\/signup.app.infn.it\">https:\/\/signup.app.infn.it<\/a> e inserire i dati richiesti (nome, cognome, email, password).<\/p>\n<p style=\"text-align: justify;\">Una volta registrate le credenziali di accesso (email e password), \u00e8 indispensabile seguire il link riportato nell\u2019email ricevuta oppure accedere alla pagina\u00a0<a href=\"https:\/\/userportal.app.infn.it\/\">https:\/\/userportal.app.infn.it\/<\/a>\u00a0e proseguire con la registrazione fornendo gli ulteriori dati richiesti.<\/p>\n\n","protected":false},"excerpt":{"rendered":"<p>Per frequentare la Sezione INFN di Pisa e svolgere attivit\u00e0 lavorativa in qualit\u00e0 di Utenti Esterni &#8211; Ospiti \u00e8 necessaria essere registrati sul sistema anagrafico dell&#8217;INFN e avere un account attivo per il login sul\u00a0portale (idp)\u00a0INFN. Se non si possiede un account, per registrarsi \u00e8 necessario accedere alla pagina INFN SignUp\u00a0https:\/\/signup.app.infn.it e inserire i dati [&hellip;]<\/p>\n","protected":false},"author":26,"featured_media":0,"parent":0,"menu_order":0,"comment_status":"closed","ping_status":"closed","template":"","meta":{"_links_to":"","_links_to_target":""},"publishpress_future_action":{"enabled":false,"date":"2026-05-15 08:51:18","action":"change-status","newStatus":"draft","terms":[],"taxonomy":"language"},"_links":{"self":[{"href":"https:\/\/www.pi.infn.it\/index.php?rest_route=\/wp\/v2\/pages\/212"}],"collection":[{"href":"https:\/\/www.pi.infn.it\/index.php?rest_route=\/wp\/v2\/pages"}],"about":[{"href":"https:\/\/www.pi.infn.it\/index.php?rest_route=\/wp\/v2\/types\/page"}],"author":[{"embeddable":true,"href":"https:\/\/www.pi.infn.it\/index.php?rest_route=\/wp\/v2\/users\/26"}],"replies":[{"embeddable":true,"href":"https:\/\/www.pi.infn.it\/index.php?rest_route=%2Fwp%2Fv2%2Fcomments&post=212"}],"version-history":[{"count":8,"href":"https:\/\/www.pi.infn.it\/index.php?rest_route=\/wp\/v2\/pages\/212\/revisions"}],"predecessor-version":[{"id":13924,"href":"https:\/\/www.pi.infn.it\/index.php?rest_route=\/wp\/v2\/pages\/212\/revisions\/13924"}],"wp:attachment":[{"href":"https:\/\/www.pi.infn.it\/index.php?rest_route=%2Fwp%2Fv2%2Fmedia&parent=212"}],"curies":[{"name":"wp","href":"https:\/\/api.w.org\/{rel}","templated":true}]}}