{"id":2,"date":"2018-04-10T15:43:38","date_gmt":"2018-04-10T13:43:38","guid":{"rendered":"http:\/\/epifani.eu\/infn\/sezioni_wp\/?page_id=2"},"modified":"2025-10-30T14:25:53","modified_gmt":"2025-10-30T13:25:53","slug":"pagina-di-esempio","status":"publish","type":"page","link":"https:\/\/www.pi.infn.it\/","title":{"rendered":"Benvenuto nel sito della Sezione di Pisa dell&#8217;INFN"},"content":{"rendered":"\n        <div class=\"wcp-carousel-main-wrap\">\r\n        <section class=\"wcp-slick\"  data-autoplay = on data-dots = on data-autoplaySpeed = 3000 data-slidesToShow = 1 data-slidesToShowtab = 1 data-slidesToShowmob = 1 data-slidesToScroll = 1 data-rows = 1 data-slidesPerRow = 1 id=\"carousel-161\">\r\n\r\n                            <div class=\"slick-slide carousel-item-15849\">\r\n                    <div class=\"post-style-1 rpc-box rpc-bg\">\n    <div class=\"wcp-img-wrap\" style=\"padding-left:4px;\">\n        <a href=\"https:\/\/www.pi.infn.it\/?p=15849\">\n            <img width=\"634\" height=\"521\" src=\"https:\/\/www.pi.infn.it\/wp-content\/uploads\/2026\/03\/Foto-per-pubblicazione.jpg\" class=\"attachment- size- wp-post-image\" alt=\"\" decoding=\"async\" loading=\"lazy\" srcset=\"https:\/\/www.pi.infn.it\/wp-content\/uploads\/2026\/03\/Foto-per-pubblicazione.jpg 634w, https:\/\/www.pi.infn.it\/wp-content\/uploads\/2026\/03\/Foto-per-pubblicazione-300x247.jpg 300w\" sizes=\"(max-width: 634px) 100vw, 634px\" \/>        <\/a>\n    <\/div>\n    <div class=\"wcp-content-wrap\">\n        <h3 style=\"padding-top:6px;\">\n            <a class=\"rpc-title\" href=\"https:\/\/www.pi.infn.it\/?p=15849\" target=\"_blank\" class=\"rpc-title\">\n                Masterclass CMS            <\/a>\n        <\/h3>\n                <div class=\"wcp-post-contents rpc-content\">\n\n            <div style=\"padding-top:10px; font-size:14px; padding-left:10px; line-height:18px;\">Lunedi 23 marzosi \u00e8 svolta la Masterclass CMS organizzata da INFN e Dipartimento di Fisica dell'Universit\u00e0 di Pisa che ha coinvolto circa 40 studenti del Liceo Barsanti e Matteucci, del Liceo Buonarroti e dell'ITI Marconi!<\/div>\n\n            <div style=\"font-size:14px; padding-right:10px; float:right;\">                <br>\n                <a href=\"https:\/\/www.pi.infn.it\/?p=15849\" target=\"_blank\" class=\"\">read_more_txt<\/a>\n        <\/div>\n\n        <\/div>\n    <\/div>\n    <p style=\"clear:both;margin:0 0 10px 0;padding:0;\"><\/p>\n<\/div>                <\/div>    \r\n\r\n                            <div class=\"slick-slide carousel-item-15833\">\r\n                    <div class=\"post-style-1 rpc-box rpc-bg\">\n    <div class=\"wcp-img-wrap\" style=\"padding-left:4px;\">\n        <a href=\"https:\/\/www.infn.it\/gran-sasso-uno-studio-spiega-le-dinamiche-interne-della-montagna-e-del-suo-acquifero\/\">\n            <img width=\"2560\" height=\"1920\" src=\"https:\/\/www.pi.infn.it\/wp-content\/uploads\/2026\/03\/GINGER_LNGS_2015-scaled-1.jpg\" class=\"attachment- size- wp-post-image\" alt=\"\" decoding=\"async\" loading=\"lazy\" srcset=\"https:\/\/www.pi.infn.it\/wp-content\/uploads\/2026\/03\/GINGER_LNGS_2015-scaled-1.jpg 2560w, https:\/\/www.pi.infn.it\/wp-content\/uploads\/2026\/03\/GINGER_LNGS_2015-scaled-1-300x225.jpg 300w, https:\/\/www.pi.infn.it\/wp-content\/uploads\/2026\/03\/GINGER_LNGS_2015-scaled-1-1024x768.jpg 1024w, https:\/\/www.pi.infn.it\/wp-content\/uploads\/2026\/03\/GINGER_LNGS_2015-scaled-1-768x576.jpg 768w, https:\/\/www.pi.infn.it\/wp-content\/uploads\/2026\/03\/GINGER_LNGS_2015-scaled-1-1536x1152.jpg 1536w, https:\/\/www.pi.infn.it\/wp-content\/uploads\/2026\/03\/GINGER_LNGS_2015-scaled-1-2048x1536.jpg 2048w\" sizes=\"(max-width: 2560px) 100vw, 2560px\" \/>        <\/a>\n    <\/div>\n    <div class=\"wcp-content-wrap\">\n        <h3 style=\"padding-top:6px;\">\n            <a class=\"rpc-title\" href=\"https:\/\/www.infn.it\/gran-sasso-uno-studio-spiega-le-dinamiche-interne-della-montagna-e-del-suo-acquifero\/\" target=\"_blank\" class=\"rpc-title\">\n                Gran Sasso, uno studio spiega le dinamiche interne della montagna e del suo acquifero            <\/a>\n        <\/h3>\n                <div class=\"wcp-post-contents rpc-content\">\n\n            <div style=\"padding-top:10px; font-size:14px; padding-left:10px; line-height:18px;\">Un approccio multiparametrico e innovativo per osservare e spiegare le dinamiche interne della montagna e del suo acquifero profondo, partendo da un fenomeno naturale insolito e raro. Questo il fulcro dell\u2019articolo\u00a0Multi-sensor monitoring of a transient&hellip;<\/div>\n\n            <div style=\"font-size:14px; padding-right:10px; float:right;\">                <br>\n                <a href=\"https:\/\/www.infn.it\/gran-sasso-uno-studio-spiega-le-dinamiche-interne-della-montagna-e-del-suo-acquifero\/\" target=\"_blank\" class=\"\">read_more_txt<\/a>\n        <\/div>\n\n        <\/div>\n    <\/div>\n    <p style=\"clear:both;margin:0 0 10px 0;padding:0;\"><\/p>\n<\/div>                <\/div>    \r\n\r\n                            <div class=\"slick-slide carousel-item-15778\">\r\n                    <div class=\"post-style-1 rpc-box rpc-bg\">\n    <div class=\"wcp-img-wrap\" style=\"padding-left:4px;\">\n        <a href=\"https:\/\/www.infn.it\/un-caleidoscopio-di-collisioni-cosmiche\/\">\n            <img width=\"2560\" height=\"1856\" src=\"https:\/\/www.pi.infn.it\/wp-content\/uploads\/2026\/03\/GW_Events-Landscape_2026.png\" class=\"attachment- size- wp-post-image\" alt=\"\" decoding=\"async\" loading=\"lazy\" srcset=\"https:\/\/www.pi.infn.it\/wp-content\/uploads\/2026\/03\/GW_Events-Landscape_2026.png 2560w, https:\/\/www.pi.infn.it\/wp-content\/uploads\/2026\/03\/GW_Events-Landscape_2026-300x218.png 300w, https:\/\/www.pi.infn.it\/wp-content\/uploads\/2026\/03\/GW_Events-Landscape_2026-1024x742.png 1024w, https:\/\/www.pi.infn.it\/wp-content\/uploads\/2026\/03\/GW_Events-Landscape_2026-768x557.png 768w, https:\/\/www.pi.infn.it\/wp-content\/uploads\/2026\/03\/GW_Events-Landscape_2026-1536x1114.png 1536w, https:\/\/www.pi.infn.it\/wp-content\/uploads\/2026\/03\/GW_Events-Landscape_2026-2048x1485.png 2048w\" sizes=\"(max-width: 2560px) 100vw, 2560px\" \/>        <\/a>\n    <\/div>\n    <div class=\"wcp-content-wrap\">\n        <h3 style=\"padding-top:6px;\">\n            <a class=\"rpc-title\" href=\"https:\/\/www.infn.it\/un-caleidoscopio-di-collisioni-cosmiche\/\" target=\"_blank\" class=\"rpc-title\">\n                Un caleidoscopio di collisioni cosmiche            <\/a>\n        <\/h3>\n                <div class=\"wcp-post-contents rpc-content\">\n\n            <div style=\"padding-top:10px; font-size:14px; padding-left:10px; line-height:18px;\">Il 5 marzo 2026 \u00e8 stato pubblicato il catalogo di tutti i 128 nuovi eventi osservati da LIGO, Virgo e KAGRA tra maggio 2023 e gennaio 2024. Il catalogo rivela una variet\u00e0 ancora maggiore di&hellip;<\/div>\n\n            <div style=\"font-size:14px; padding-right:10px; float:right;\">                <br>\n                <a href=\"https:\/\/www.infn.it\/un-caleidoscopio-di-collisioni-cosmiche\/\" target=\"_blank\" class=\"\">read_more_txt<\/a>\n        <\/div>\n\n        <\/div>\n    <\/div>\n    <p style=\"clear:both;margin:0 0 10px 0;padding:0;\"><\/p>\n<\/div>                <\/div>    \r\n\r\n                            <div class=\"slick-slide carousel-item-15660\">\r\n                    <div class=\"post-style-1 rpc-box rpc-bg\">\n    <div class=\"wcp-img-wrap\" style=\"padding-left:4px;\">\n        <a href=\"https:\/\/www.pi.infn.it\/?p=15660\">\n            <img width=\"893\" height=\"440\" src=\"https:\/\/www.pi.infn.it\/wp-content\/uploads\/2025\/12\/premioWilson.png\" class=\"attachment- size- wp-post-image\" alt=\"\" decoding=\"async\" loading=\"lazy\" srcset=\"https:\/\/www.pi.infn.it\/wp-content\/uploads\/2025\/12\/premioWilson.png 893w, https:\/\/www.pi.infn.it\/wp-content\/uploads\/2025\/12\/premioWilson-300x148.png 300w, https:\/\/www.pi.infn.it\/wp-content\/uploads\/2025\/12\/premioWilson-768x378.png 768w\" sizes=\"(max-width: 893px) 100vw, 893px\" \/>        <\/a>\n    <\/div>\n    <div class=\"wcp-content-wrap\">\n        <h3 style=\"padding-top:6px;\">\n            <a class=\"rpc-title\" href=\"https:\/\/www.pi.infn.it\/?p=15660\" target=\"_blank\" class=\"rpc-title\">\n                Wilson Award 2025            <\/a>\n        <\/h3>\n                <div class=\"wcp-post-contents rpc-content\">\n\n            <div style=\"padding-top:10px; font-size:14px; padding-left:10px; line-height:18px;\">\u00a0 Claudio Bonanno, dottore di ricerca in Fisica presso l\u2019Universit\u00e0 di Pisa e la Sezione di Pisa dell'INFN, ha vinto il Wilson Award 2025.Il premio \u00e8 conferito annualmente a un ricercatore o a una ricercatrice&hellip;<\/div>\n\n            <div style=\"font-size:14px; padding-right:10px; float:right;\">                <br>\n                <a href=\"https:\/\/www.pi.infn.it\/?p=15660\" target=\"_blank\" class=\"\">read_more_txt<\/a>\n        <\/div>\n\n        <\/div>\n    <\/div>\n    <p style=\"clear:both;margin:0 0 10px 0;padding:0;\"><\/p>\n<\/div>                <\/div>    \r\n\r\n                            <div class=\"slick-slide carousel-item-15557\">\r\n                    <div class=\"post-style-1 rpc-box rpc-bg\">\n    <div class=\"wcp-img-wrap\" style=\"padding-left:4px;\">\n        <a href=\"https:\/\/www.pi.infn.it\/?p=15557\">\n            <img width=\"2560\" height=\"2030\" src=\"https:\/\/www.pi.infn.it\/wp-content\/uploads\/2025\/10\/Immagine-ok-scaled.jpg\" class=\"attachment- size- wp-post-image\" alt=\"\" decoding=\"async\" loading=\"lazy\" srcset=\"https:\/\/www.pi.infn.it\/wp-content\/uploads\/2025\/10\/Immagine-ok-scaled.jpg 2560w, https:\/\/www.pi.infn.it\/wp-content\/uploads\/2025\/10\/Immagine-ok-300x238.jpg 300w, https:\/\/www.pi.infn.it\/wp-content\/uploads\/2025\/10\/Immagine-ok-1024x812.jpg 1024w, https:\/\/www.pi.infn.it\/wp-content\/uploads\/2025\/10\/Immagine-ok-768x609.jpg 768w, https:\/\/www.pi.infn.it\/wp-content\/uploads\/2025\/10\/Immagine-ok-1536x1218.jpg 1536w, https:\/\/www.pi.infn.it\/wp-content\/uploads\/2025\/10\/Immagine-ok-2048x1624.jpg 2048w\" sizes=\"(max-width: 2560px) 100vw, 2560px\" \/>        <\/a>\n    <\/div>\n    <div class=\"wcp-content-wrap\">\n        <h3 style=\"padding-top:6px;\">\n            <a class=\"rpc-title\" href=\"https:\/\/www.pi.infn.it\/?p=15557\" target=\"_blank\" class=\"rpc-title\">\n                HEPscape! al Lucca Comics            <\/a>\n        <\/h3>\n                <div class=\"wcp-post-contents rpc-content\">\n\n            <div style=\"padding-top:10px; font-size:14px; padding-left:10px; line-height:18px;\">L\u2019INFN \u2013 Sezione di Pisa arriva al Lucca Comics con HEPscape! (Lucca Junior, ingresso gratuito) Scoprite, divertendovi e facendo gioco di squadra, la fisica del Large Hadron Collider (LHC) del CERN di Ginevra: con la&hellip;<\/div>\n\n            <div style=\"font-size:14px; padding-right:10px; float:right;\">                <br>\n                <a href=\"https:\/\/www.pi.infn.it\/?p=15557\" target=\"_blank\" class=\"\">read_more_txt<\/a>\n        <\/div>\n\n        <\/div>\n    <\/div>\n    <p style=\"clear:both;margin:0 0 10px 0;padding:0;\"><\/p>\n<\/div>                <\/div>    \r\n\r\n                \r\n        <\/section>\r\n        <\/div>\r\n        <style>#carousel-161 .slick-prev:before, #carousel-161 .slick-next:before { color: #c6c6c6 !important;}#carousel-161 .slick-slide { margin: 2px ; } #carousel-161 .rpc-title { color: ; } #carousel-161 .rpc-content { color: ; } #carousel-161 .rpc-date { background-color: ; } #carousel-161 .rpc-date { color: ; } #carousel-161 .rpc-overlay { background-color: ; } #carousel-161 .carousel-style9 { border-top-color: ; } #carousel-161 .carousel-style9 .button:before { background-color: ; } #carousel-161 .rpc-box { box-shadow: ; } #carousel-161 .rpc-bg { background-color: ; } #carousel-161 .rpc-title-bg { background-color: ; } #carousel-161 .rpc-box { border: 0px solid #efefef; } #carousel-161 .fixed-height-image { height: 100px; } #carousel-161 .style4 { padding: 10px; } #carousel-161 .style6 { padding: 10px; } #carousel-161 .slick-next:before { content: '\\ \\f0a9 '; } #carousel-161 .slick-prev:before { content: '\\ \\f0a8'; }#carousel-161 .rpc-title { font-family: ; } #carousel-161 .rpc-title { font-size: 16px; } #carousel-161 .rpc-content { font-family: ; } #carousel-161 .rpc-content { font-size: ; } <\/style>\n\n\n<div class=\"side-left\">\n<table style=\"border-collapse: collapse;width: 100%\">\n<tbody>\n<tr>\n<td style=\"width: 50%\"><a href=\"https:\/\/www.infn.it\" target=\"_blank\" rel=\"noopener\"><img decoding=\"async\" loading=\"lazy\" class=\"aligncenter wp-image-606 size-full\" src=\"https:\/\/www.pi.infn.it\/wp-content\/uploads\/2019\/02\/infn_pulsante-2017.jpg\" alt=\"infn home\" width=\"200\" height=\"67\" \/><\/a><\/td>\n<\/tr>\n<tr>\n<td style=\"width: 50%\"><a href=\"https:\/\/www.pi.infn.it\/?page_id=2277\" target=\"_blank\" rel=\"noopener\"><img decoding=\"async\" loading=\"lazy\" class=\"aligncenter wp-image-81 size-full\" src=\"https:\/\/www.pi.infn.it\/wp-content\/uploads\/2018\/04\/lavoro_pulsante_2017.jpg\" alt=\"opportunitalavoro\" width=\"200\" height=\"67\" \/><\/a><\/td>\n<\/tr>\n<tr>\n<td style=\"width: 50%\"><a href=\"https:\/\/www.pi.infn.it\/?page_id=200\" target=\"_blank\" rel=\"noopener\"><img decoding=\"async\" loading=\"lazy\" class=\"aligncenter wp-image-79 size-full\" src=\"https:\/\/www.pi.infn.it\/wp-content\/uploads\/2018\/04\/tt_2017.jpg\" alt=\"trasferimento tecnologico\" width=\"200\" height=\"67\" \/><\/a><\/td>\n<\/tr>\n<tr>\n<td style=\"width: 50%\"><a href=\"https:\/\/www.asimmetrie.it\/\" target=\"_blank\" rel=\"noopener\"><img decoding=\"async\" loading=\"lazy\" class=\"aligncenter wp-image-77 size-full\" src=\"https:\/\/www.pi.infn.it\/wp-content\/uploads\/2018\/04\/asimmetrie_pulsante_blu3.jpg\" alt=\"asimmetrie\" width=\"200\" height=\"67\" \/><\/a><\/td>\n<\/tr>\n<tr>\n<td style=\"width: 50%\"><a href=\"https:\/\/www.enti33.it\/trasparenza\/INFN\" target=\"_blank\" rel=\"noopener\"><img decoding=\"async\" loading=\"lazy\" class=\"aligncenter wp-image-76 size-full\" src=\"https:\/\/www.pi.infn.it\/wp-content\/uploads\/2018\/04\/traspsarenza.jpg\" alt=\"amministrazione trasparente\" width=\"200\" height=\"67\" \/><\/a><\/td>\n<\/tr>\n<tr>\n<td style=\"width: 50%\"><img decoding=\"async\" loading=\"lazy\" class=\"alignnone wp-image-13646 size-full\" src=\"https:\/\/www.pi.infn.it\/wp-content\/uploads\/2023\/09\/blank.jpg\" alt=\"\" width=\"200\" height=\"67\" \/><\/td>\n<\/tr>\n<tr>\n<td style=\"width: 50%\"><img decoding=\"async\" loading=\"lazy\" class=\"alignnone wp-image-13646 size-full\" src=\"https:\/\/www.pi.infn.it\/wp-content\/uploads\/2023\/09\/blank.jpg\" alt=\"\" width=\"200\" height=\"67\" \/><\/td>\n<\/tr>\n<tr>\n<td style=\"width: 50%\">\u00a0<\/td>\n<\/tr>\n<\/tbody>\n<\/table>\n<\/div>\n<p style=\"text-align: justify\">L&#8217;Istituto Nazionale di Fisica Nucleare (<a href=\"https:\/\/www.infn.it\/\">INFN<\/a>) riunisce ricercatori che vogliono scoprire i meccanismi dell&#8217;infinitamente piccolo come dell&#8217;infinitamente grande. A tal fine inventano e sviluppano tecnologie innovative con cui realizzare misure tra le pi\u00f9 precise che l\u2019umanit\u00e0 possa fare.<\/p>\n<p style=\"text-align: justify\">L&#8217;<a href=\"https:\/\/www.infn.it\/\">INFN<\/a> \u00e8 uno dei pi\u00f9 prestigiosi ed importanti Istituti italiani di ricerca, sia teorica che sperimentale, nei campi della fisica subnucleare, nucleare e astroparticellare, nonch\u00e9 nella ricerca e sviluppo tecnologico pertinenti all&#8217;attivit\u00e0 in tali settori.<\/p>\n<p style=\"text-align: justify\">Le attivit\u00e0 di ricerca dell\u2019<a href=\"https:\/\/www.infn.it\/\">INFN<\/a> si svolgono tutte in un ambito di competizione internazionale ed in stretta collaborazione con il mondo universitario italiano, sulla base di consolidati e pluridecennali rapporti.<\/p>\n<p style=\"text-align: justify\">La Sezione nasce nei primi anni cinquanta e da allora ha sempre svolto un ruolo di primo piano: fisica ai collider con superconduttivit\u00e0 e nuove tecniche di accelerazione, fisica dei neutrini con scintillatori ultrapuri, fisica delle onde gravitazionali, fisica nucleare, fisica teorica, nonch\u00e9 applicazioni diagnostiche e mediche ci vedono attivi protagonisti in numerosi centri di ricerca europei e mondiali.<\/p>","protected":false},"excerpt":{"rendered":"<p>\u00a0 L&#8217;Istituto Nazionale di Fisica Nucleare (INFN) riunisce ricercatori che vogliono scoprire i meccanismi dell&#8217;infinitamente piccolo come dell&#8217;infinitamente grande. A tal fine inventano e sviluppano tecnologie innovative con cui realizzare misure tra le pi\u00f9 precise che l\u2019umanit\u00e0 possa fare. L&#8217;INFN \u00e8 uno dei pi\u00f9 prestigiosi ed importanti Istituti italiani di ricerca, sia teorica che sperimentale, [&hellip;]<\/p>\n","protected":false},"author":15,"featured_media":0,"parent":0,"menu_order":0,"comment_status":"closed","ping_status":"closed","template":"","meta":{"_links_to":"","_links_to_target":""},"publishpress_future_action":{"enabled":false,"date":"2026-05-15 05:55:59","action":"change-status","newStatus":"draft","terms":[],"taxonomy":"language"},"_links":{"self":[{"href":"https:\/\/www.pi.infn.it\/index.php?rest_route=\/wp\/v2\/pages\/2"}],"collection":[{"href":"https:\/\/www.pi.infn.it\/index.php?rest_route=\/wp\/v2\/pages"}],"about":[{"href":"https:\/\/www.pi.infn.it\/index.php?rest_route=\/wp\/v2\/types\/page"}],"author":[{"embeddable":true,"href":"https:\/\/www.pi.infn.it\/index.php?rest_route=\/wp\/v2\/users\/15"}],"replies":[{"embeddable":true,"href":"https:\/\/www.pi.infn.it\/index.php?rest_route=%2Fwp%2Fv2%2Fcomments&post=2"}],"version-history":[{"count":215,"href":"https:\/\/www.pi.infn.it\/index.php?rest_route=\/wp\/v2\/pages\/2\/revisions"}],"predecessor-version":[{"id":15562,"href":"https:\/\/www.pi.infn.it\/index.php?rest_route=\/wp\/v2\/pages\/2\/revisions\/15562"}],"wp:attachment":[{"href":"https:\/\/www.pi.infn.it\/index.php?rest_route=%2Fwp%2Fv2%2Fmedia&parent=2"}],"curies":[{"name":"wp","href":"https:\/\/api.w.org\/{rel}","templated":true}]}}