{"id":19,"date":"2018-04-11T21:25:17","date_gmt":"2018-04-11T19:25:17","guid":{"rendered":"http:\/\/epifani.eu\/infn\/sezioni_wp\/?page_id=19"},"modified":"2023-09-21T14:49:40","modified_gmt":"2023-09-21T12:49:40","slug":"la-sezione-di-milano","status":"publish","type":"page","link":"https:\/\/www.pi.infn.it\/?page_id=19","title":{"rendered":"La sezione di Pisa"},"content":{"rendered":"<p class=\"highlight\" align=\"center\"><b><span style=\"font-size: medium;\">Istituto Nazionale di Fisica Nucleare<\/span><\/b><\/p>\n<p class=\"bodytext\" align=\"center\"><span style=\"font-size: small;\"><span style=\"font-size: medium;\"><span style=\"color: #cc0000;\"><b>Sezione di Pisa<\/b><br \/>\n<\/span><\/span><span style=\"color: #330000;\">Edificio C &#8211; Polo Fibonacci<br \/>\nLargo Bruno Pontecorvo 3, 56127 Pisa<\/span><\/span><\/p>\n<p class=\"bodytext\" align=\"center\"><b><span style=\"color: #330000;\">Direttore: Dr. <\/span><\/b><span style=\"color: #330000;\"><b>Paolo Spagnolo<\/b><\/span><br \/>\n<span style=\"color: #330000;\"><i>\u00a0\u00a0Tel. 050 2214300 <\/i>\u00a0<\/span><\/p>\n<p class=\"bodytext\"><span style=\"font-family: Verdana,Arial,sans-serif;\">La Sezione di Pisa dell&#8217;INFN nasce durante i primi anni cinquanta da un gruppo di ricercatori dell&#8217;Istituto di Fisica dell&#8217;Universit\u00e0 di Pisa. Il loro intento, comune a\u00a0quello di molti altri gruppi di fisici in Italia,\u00a0era quello di proseguire ed ampliare anche a livello internazionale le attivit\u00e0 di ricerca in fisica teorica e sperimentale iniziate negli anni &#8217;30 da Enrico Fermi che si era laureato a Pisa nel 1922. <\/span><span style=\"font-family: Verdana,Arial,sans-serif;\">Per oltre quindici anni la Sezione di Pisa viene ospitata nello storico edificio di piazza Torricelli, sede dell&#8217;Istituto di Fisica dell&#8217;Universit\u00e0. <\/span><\/p>\n<p class=\"bodytext\"><span style=\"font-family: Verdana,Arial,sans-serif;\">Nel 1972 per esigenze sempre pi\u00f9 pressanti di spazio per nuovi laboratori, la Sezione viene trasferita in una struttura pi\u00f9 ampia in localit\u00e0 San Piero a Grado a circa 10 km dalla citt\u00e0. E&#8217; in questa nuova sede che la Sezione si sviluppa notevolmente contribuendo a molti importanti esperimenti che hanno segnato la storia della fisica moderna. In particolare con i nuovi laboratori di San Piero a Grado, dove la Sezione rester\u00e0 fino a tutto il 2002, si rafforzano notevolmente le attivit\u00e0 sperimentali presso molti centri di ricerca internazionali; il CERN di Ginevra, il Fermilab di Chicago, lo SLAC in California sono forse i pi\u00f9 importanti centri di ricerca, ma certo non i soli, con i quali la Sezione collabora in questo periodo. Importanti esperimenti vengono anche realizzati dai fisici pisani presso i laboratori nazionali dell&#8217;INFN quali quelli di Frascati, del Gran Sasso e di Legnaro. E&#8217; inoltre in questi anni che il progetto <a href=\"http:\/\/www.ego-gw.it\/public\/virgo\/virgo.aspx\" target=\"_blank\" rel=\"noopener noreferrer\">Virgo<\/a>\u00a0per la ricerca delle onde gravitazionali prende forma a Pisa, l&#8217;apparato viene progettato e viene sviluppata la tecnologia necessaria a realizzarlo; l&#8217;apparato verr\u00e0 poi realizzato nella piana di Cascina a pochi chilometri da Pisa. <\/span><\/p>\n<p>Nonostante che la sede della Sezione in questo periodo sia a San Piero a Grado, i fisici teorici dell\u2019INFN di Pisa continuano le loro attivit\u00e0 di ricerca nel vecchio edificio di piazza Torricelli, all&#8217;interno del Dipartimento, affermandosi in tutti i campi della moderna fisica teorica.<\/p>\n<p class=\"bodytext\">All&#8217;inizio del 2003 la sede della Sezione viene trasferita nel nuovo edificio C del complesso ex-Marzotto in largo Bruno Pontecorvo 3 in Pisa citt\u00e0. Finalmente, dopo pi\u00f9 di trenta anni, i fisici teorici e sperimentali della Sezione INFN di Pisa si riuniscono nella stessa sede acquisendo nuovi e pi\u00f9 ampi spazi per laboratori e uffici.<\/p>\n","protected":false},"excerpt":{"rendered":"<p>Istituto Nazionale di Fisica Nucleare Sezione di Pisa Edificio C &#8211; Polo Fibonacci Largo Bruno Pontecorvo 3, 56127 Pisa Direttore: Dr. Paolo Spagnolo \u00a0\u00a0Tel. 050 2214300 \u00a0 La Sezione di Pisa dell&#8217;INFN nasce durante i primi anni cinquanta da un gruppo di ricercatori dell&#8217;Istituto di Fisica dell&#8217;Universit\u00e0 di Pisa. Il loro intento, comune a\u00a0quello di [&hellip;]<\/p>\n","protected":false},"author":5,"featured_media":0,"parent":0,"menu_order":0,"comment_status":"closed","ping_status":"closed","template":"","meta":{"_links_to":"","_links_to_target":""},"publishpress_future_action":{"enabled":false,"date":"2026-05-15 09:16:20","action":"change-status","newStatus":"draft","terms":[],"taxonomy":"language"},"_links":{"self":[{"href":"https:\/\/www.pi.infn.it\/index.php?rest_route=\/wp\/v2\/pages\/19"}],"collection":[{"href":"https:\/\/www.pi.infn.it\/index.php?rest_route=\/wp\/v2\/pages"}],"about":[{"href":"https:\/\/www.pi.infn.it\/index.php?rest_route=\/wp\/v2\/types\/page"}],"author":[{"embeddable":true,"href":"https:\/\/www.pi.infn.it\/index.php?rest_route=\/wp\/v2\/users\/5"}],"replies":[{"embeddable":true,"href":"https:\/\/www.pi.infn.it\/index.php?rest_route=%2Fwp%2Fv2%2Fcomments&post=19"}],"version-history":[{"count":11,"href":"https:\/\/www.pi.infn.it\/index.php?rest_route=\/wp\/v2\/pages\/19\/revisions"}],"predecessor-version":[{"id":13702,"href":"https:\/\/www.pi.infn.it\/index.php?rest_route=\/wp\/v2\/pages\/19\/revisions\/13702"}],"wp:attachment":[{"href":"https:\/\/www.pi.infn.it\/index.php?rest_route=%2Fwp%2Fv2%2Fmedia&parent=19"}],"curies":[{"name":"wp","href":"https:\/\/api.w.org\/{rel}","templated":true}]}}