{"id":15867,"date":"2026-04-01T11:38:43","date_gmt":"2026-04-01T09:38:43","guid":{"rendered":"https:\/\/www.pi.infn.it\/?page_id=15867"},"modified":"2026-04-01T11:49:23","modified_gmt":"2026-04-01T09:49:23","slug":"news-3","status":"publish","type":"page","link":"https:\/\/www.pi.infn.it\/?page_id=15867","title":{"rendered":"Eventi"},"content":{"rendered":"\n<div class=\"is-layout-constrained wp-block-group\"><div class=\"wp-block-group__inner-container\"><ul class=\"wp-block-latest-posts__list has-dates wp-block-latest-posts\"><li><div class=\"wp-block-latest-posts__featured-image alignleft\"><a href=\"https:\/\/www.pi.infn.it\/?p=15849\" aria-label=\"Masterclass CMS\"><img width=\"150\" height=\"150\" src=\"https:\/\/www.pi.infn.it\/wp-content\/uploads\/2026\/03\/Foto-per-pubblicazione-150x150.jpg\" class=\"attachment-thumbnail size-thumbnail wp-post-image\" alt=\"\" decoding=\"async\" loading=\"lazy\" style=\"max-width:113px;max-height:113px;\" \/><\/a><\/div><a class=\"wp-block-latest-posts__post-title\" href=\"https:\/\/www.pi.infn.it\/?p=15849\">Masterclass CMS<\/a><time datetime=\"2026-03-27T15:14:50+01:00\" class=\"wp-block-latest-posts__post-date\">27 Marzo 2026<\/time><div class=\"wp-block-latest-posts__post-excerpt\">Lunedi 23 marzosi \u00e8 svolta la Masterclass CMS organizzata da INFN e Dipartimento di Fisica dell&#8217;Universit\u00e0 di Pisa che ha coinvolto circa 40 studenti del Liceo Barsanti e Matteucci, del Liceo Buonarroti e dell&#8217;ITI Marconi!<\/div><\/li>\n<li><div class=\"wp-block-latest-posts__featured-image alignleft\"><a href=\"https:\/\/www.pi.infn.it\/?p=15557\" aria-label=\"HEPscape! al Lucca Comics\"><img width=\"150\" height=\"150\" src=\"https:\/\/www.pi.infn.it\/wp-content\/uploads\/2025\/10\/Immagine-ok-150x150.jpg\" class=\"attachment-thumbnail size-thumbnail wp-post-image\" alt=\"\" decoding=\"async\" loading=\"lazy\" style=\"max-width:113px;max-height:113px;\" \/><\/a><\/div><a class=\"wp-block-latest-posts__post-title\" href=\"https:\/\/www.pi.infn.it\/?p=15557\">HEPscape! al Lucca Comics<\/a><time datetime=\"2025-10-28T14:58:31+01:00\" class=\"wp-block-latest-posts__post-date\">28 Ottobre 2025<\/time><div class=\"wp-block-latest-posts__post-excerpt\">L\u2019INFN \u2013 Sezione di Pisa arriva al Lucca Comics con HEPscape! (Lucca Junior, ingresso gratuito) Scoprite, divertendovi e facendo gioco di squadra, la fisica del Large Hadron Collider (LHC) del CERN di Ginevra: con la [&hellip;]<\/div><\/li>\n<li><div class=\"wp-block-latest-posts__featured-image alignleft\"><a href=\"https:\/\/indico.cern.ch\/event\/1441933\/\" aria-label=\"Welcome to the 8th Edition of INFIERI: INtelligent signal processing for FrontIEr Research and Industry\"><img width=\"150\" height=\"150\" src=\"https:\/\/www.pi.infn.it\/wp-content\/uploads\/2025\/06\/cropped-logoINFIERIpetit-1-150x150.png\" class=\"attachment-thumbnail size-thumbnail wp-post-image\" alt=\"\" decoding=\"async\" loading=\"lazy\" style=\"max-width:113px;max-height:113px;\" srcset=\"https:\/\/www.pi.infn.it\/wp-content\/uploads\/2025\/06\/cropped-logoINFIERIpetit-1-150x150.png 150w, https:\/\/www.pi.infn.it\/wp-content\/uploads\/2025\/06\/cropped-logoINFIERIpetit-1-300x300.png 300w, https:\/\/www.pi.infn.it\/wp-content\/uploads\/2025\/06\/cropped-logoINFIERIpetit-1.png 512w\" sizes=\"(max-width: 150px) 100vw, 150px\" \/><\/a><\/div><a class=\"wp-block-latest-posts__post-title\" href=\"https:\/\/indico.cern.ch\/event\/1441933\/\">Welcome to the 8th Edition of INFIERI: INtelligent signal processing for FrontIEr Research and Industry<\/a><time datetime=\"2025-06-19T10:44:01+02:00\" class=\"wp-block-latest-posts__post-date\">19 Giugno 2025<\/time><div class=\"wp-block-latest-posts__post-excerpt\">The INFIERI Summer School offers a unique two-week program designed for M.Sc. students, Ph.D. candidates, postdocs, and early-career researchers. The 2025 edition will maintain the school&#8217;s tradition of cross-disciplinarity, covering the full signal processing chain [&hellip;]<\/div><\/li>\n<li><div class=\"wp-block-latest-posts__featured-image alignleft\"><a href=\"https:\/\/www.pi.infn.it\/?p=15017\" aria-label=\"Open Day della Laurea Magistrale in Fisica\"><img width=\"150\" height=\"150\" src=\"https:\/\/www.pi.infn.it\/wp-content\/uploads\/2025\/03\/GlTSPrKWYAAXvPz-150x150.jpg\" class=\"attachment-thumbnail size-thumbnail wp-post-image\" alt=\"\" decoding=\"async\" loading=\"lazy\" style=\"max-width:113px;max-height:113px;\" \/><\/a><\/div><a class=\"wp-block-latest-posts__post-title\" href=\"https:\/\/www.pi.infn.it\/?p=15017\">Open Day della Laurea Magistrale in Fisica<\/a><time datetime=\"2025-03-07T10:58:14+01:00\" class=\"wp-block-latest-posts__post-date\">7 Marzo 2025<\/time><div class=\"wp-block-latest-posts__post-excerpt\">Il Dipartimento di Fisica dell\u2019Universit\u00e0 di Pisa ti invita all\u2019Open Day della Laurea Magistrale in Fisica!9-10 aprile 2025Per dettagli: http:\/\/df.unipi.it #Fisica #UniPisa #LaureaMagistrale #OpenDay #Scienza #Ricerca<\/div><\/li>\n<li><div class=\"wp-block-latest-posts__featured-image alignleft\"><a href=\"https:\/\/www.pi.infn.it\/?p=14767\" aria-label=\"Mostra: Bruno Pontecorvo &#8221; da Pisa a Mosca un viaggio tra storia e scienza&#8221; &#8211; 30 novembre 2024|9 febbraio 2025 &#8211; Palazzo Blu\"><img width=\"150\" height=\"150\" src=\"https:\/\/www.pi.infn.it\/wp-content\/uploads\/2024\/11\/Pontecorvo_locandina_50x70-150x150.jpg\" class=\"attachment-thumbnail size-thumbnail wp-post-image\" alt=\"\" decoding=\"async\" loading=\"lazy\" style=\"max-width:113px;max-height:113px;\" \/><\/a><\/div><a class=\"wp-block-latest-posts__post-title\" href=\"https:\/\/www.pi.infn.it\/?p=14767\">Mostra: Bruno Pontecorvo &#8221; da Pisa a Mosca un viaggio tra storia e scienza&#8221; &#8211; 30 novembre 2024|9 febbraio 2025 &#8211; Palazzo Blu<\/a><time datetime=\"2024-11-26T11:40:25+01:00\" class=\"wp-block-latest-posts__post-date\">26 Novembre 2024<\/time><div class=\"wp-block-latest-posts__post-excerpt\">Il 29 novembre, a Palazzo Blu, a Pisa, si \u00e8 inaugurata la mostra &#8216;Bruno Pontecorvo. Da Pisa a Mosca, un viaggio tra storia e scienza&#8217;, organizzata dalla sezione di Pisa dell&#8217;INFN e dal Centro B. [&hellip;]<\/div><\/li>\n<li><div class=\"wp-block-latest-posts__featured-image alignleft\"><a href=\"https:\/\/www.pi.infn.it\/?p=14759\" aria-label=\"25 novembre 2024 &#8211; Giornata Internazionale per l&#8217;eliminazione della violenza contro le donne\"><img width=\"150\" height=\"150\" src=\"https:\/\/www.pi.infn.it\/wp-content\/uploads\/2024\/11\/panchina-rossa-150x150.jpg\" class=\"attachment-thumbnail size-thumbnail wp-post-image\" alt=\"\" decoding=\"async\" loading=\"lazy\" style=\"max-width:113px;max-height:113px;\" \/><\/a><\/div><a class=\"wp-block-latest-posts__post-title\" href=\"https:\/\/www.pi.infn.it\/?p=14759\">25 novembre 2024 &#8211; Giornata Internazionale per l&#8217;eliminazione della violenza contro le donne<\/a><time datetime=\"2024-11-26T08:47:41+01:00\" class=\"wp-block-latest-posts__post-date\">26 Novembre 2024<\/time><div class=\"wp-block-latest-posts__post-excerpt\">L\u2019INFN Sezione di Pisa rigetta ogni forma di violenza e per la ricorrenza del 25 Novembre, giornata internazionale per l&#8217;eliminazione della violenza contro le donne, dedica un pensiero speciale a Barbara Capovani, mamma, dottoressa e [&hellip;]<\/div><\/li>\n<li><div class=\"wp-block-latest-posts__featured-image alignleft\"><a href=\"https:\/\/www.pi.infn.it\/?p=13710\" aria-label=\"Bright Night &#8211; Notte Europea delle ricercatrici e dei ricercatori\"><img width=\"150\" height=\"150\" src=\"https:\/\/www.pi.infn.it\/wp-content\/uploads\/2023\/09\/poster2023b-150x150.png\" class=\"attachment-thumbnail size-thumbnail wp-post-image\" alt=\"\" decoding=\"async\" loading=\"lazy\" style=\"max-width:113px;max-height:113px;\" \/><\/a><\/div><a class=\"wp-block-latest-posts__post-title\" href=\"https:\/\/www.pi.infn.it\/?p=13710\">Bright Night &#8211; Notte Europea delle ricercatrici e dei ricercatori<\/a><time datetime=\"2023-09-26T15:37:05+02:00\" class=\"wp-block-latest-posts__post-date\">26 Settembre 2023<\/time><div class=\"wp-block-latest-posts__post-excerpt\">Il giorno 29 settembre 2023 si svolgera&#8217; la nuova edizione della Notte Europea dei Ricercatori,\u00a0 di seguito il programma delle attivit\u00e0 organizzate dai ricercatori della Sezione di Pisa dell&#8217;Istituto Nazionale di Fisica Nucleare e del [&hellip;]<\/div><\/li>\n<li><div class=\"wp-block-latest-posts__featured-image alignleft\"><a href=\"https:\/\/www.pi.infn.it\/?p=13685\" aria-label=\"Warning 4 &#8211; Quando 2+2 non fa 4\"><img width=\"150\" height=\"150\" src=\"https:\/\/www.pi.infn.it\/wp-content\/uploads\/2023\/09\/warning-150x150.jpg\" class=\"attachment-thumbnail size-thumbnail wp-post-image\" alt=\"\" decoding=\"async\" loading=\"lazy\" style=\"max-width:113px;max-height:113px;\" \/><\/a><\/div><a class=\"wp-block-latest-posts__post-title\" href=\"https:\/\/www.pi.infn.it\/?p=13685\">Warning 4 &#8211; Quando 2+2 non fa 4<\/a><time datetime=\"2023-09-12T14:28:41+02:00\" class=\"wp-block-latest-posts__post-date\">12 Settembre 2023<\/time><div class=\"wp-block-latest-posts__post-excerpt\">Ciclo di seminari divulgativi presso Palazzo Blu<\/div><\/li>\n<li><div class=\"wp-block-latest-posts__featured-image alignleft\"><a href=\"https:\/\/www.pi.infn.it\/?p=13682\" aria-label=\"Bruno Pontecorvo &#8211; Il signore dei neutrini e non solo&#8230;&#8230;\"><img width=\"150\" height=\"150\" src=\"https:\/\/www.pi.infn.it\/wp-content\/uploads\/2023\/09\/bp-150x150.jpg\" class=\"attachment-thumbnail size-thumbnail wp-post-image\" alt=\"\" decoding=\"async\" loading=\"lazy\" style=\"max-width:113px;max-height:113px;\" \/><\/a><\/div><a class=\"wp-block-latest-posts__post-title\" href=\"https:\/\/www.pi.infn.it\/?p=13682\">Bruno Pontecorvo &#8211; Il signore dei neutrini e non solo&#8230;&#8230;<\/a><time datetime=\"2023-09-12T13:58:31+02:00\" class=\"wp-block-latest-posts__post-date\">12 Settembre 2023<\/time><div class=\"wp-block-latest-posts__post-excerpt\">Auditorium Palazzo Blu &#8211; 22 settembre 2023<\/div><\/li>\n<li><div class=\"wp-block-latest-posts__featured-image alignleft\"><a href=\"https:\/\/famelab-italy.it\/famelab-pisa\/\" aria-label=\"FameLab &#8211; Pisa\"><img width=\"150\" height=\"150\" src=\"https:\/\/www.pi.infn.it\/wp-content\/uploads\/2023\/04\/FAMELAB-150x150.jpg\" class=\"attachment-thumbnail size-thumbnail wp-post-image\" alt=\"\" decoding=\"async\" loading=\"lazy\" style=\"max-width:113px;max-height:113px;\" \/><\/a><\/div><a class=\"wp-block-latest-posts__post-title\" href=\"https:\/\/famelab-italy.it\/famelab-pisa\/\">FameLab &#8211; Pisa<\/a><time datetime=\"2023-04-12T16:41:08+02:00\" class=\"wp-block-latest-posts__post-date\">12 Aprile 2023<\/time><div class=\"wp-block-latest-posts__post-excerpt\">&nbsp; &nbsp; &nbsp; La pre-selezione e selezione di FameLab Pisa 2023 si svolgeranno il 19 maggio 2023. La pre-selezione si svolger\u00e0 alle 9.00 presso la Scuola Normale Superiore. La selezione, per coloro che hanno superato [&hellip;]<\/div><\/li>\n<li><div class=\"wp-block-latest-posts__featured-image alignleft\"><a href=\"https:\/\/famelab-italy.it\/famelab2023\/\" aria-label=\"FameLab 2023 &#8211; Racconta la Scienza in 3 minuti\"><img width=\"150\" height=\"150\" src=\"https:\/\/www.pi.infn.it\/wp-content\/uploads\/2023\/04\/Famelab2023_PISA_1200x628px-150x150.jpg\" class=\"attachment-thumbnail size-thumbnail wp-post-image\" alt=\"\" decoding=\"async\" loading=\"lazy\" style=\"max-width:113px;max-height:113px;\" \/><\/a><\/div><a class=\"wp-block-latest-posts__post-title\" href=\"https:\/\/famelab-italy.it\/famelab2023\/\">FameLab 2023 &#8211; Racconta la Scienza in 3 minuti<\/a><time datetime=\"2023-04-12T16:35:19+02:00\" class=\"wp-block-latest-posts__post-date\">12 Aprile 2023<\/time><div class=\"wp-block-latest-posts__post-excerpt\">Cos&#8217;\u00e8 FameLab FAMELAB \u00e8 una competizione internazionale per giovani ricercatori scientifici con il talento della comunicazione. \u00c8 un evento ideato dal&nbsp;Cheltenham Festivals e promosso a livello mondiale sino all\u2019edizione 2021 dal British Council in oltre&nbsp;30&nbsp;differenti [&hellip;]<\/div><\/li>\n<\/ul><\/div><\/div>\n","protected":false},"excerpt":{"rendered":"","protected":false},"author":15,"featured_media":0,"parent":0,"menu_order":0,"comment_status":"closed","ping_status":"closed","template":"","meta":{"_links_to":"","_links_to_target":""},"publishpress_future_action":{"enabled":false,"date":"2026-05-15 09:21:40","action":"change-status","newStatus":"draft","terms":[],"taxonomy":"language"},"_links":{"self":[{"href":"https:\/\/www.pi.infn.it\/index.php?rest_route=\/wp\/v2\/pages\/15867"}],"collection":[{"href":"https:\/\/www.pi.infn.it\/index.php?rest_route=\/wp\/v2\/pages"}],"about":[{"href":"https:\/\/www.pi.infn.it\/index.php?rest_route=\/wp\/v2\/types\/page"}],"author":[{"embeddable":true,"href":"https:\/\/www.pi.infn.it\/index.php?rest_route=\/wp\/v2\/users\/15"}],"replies":[{"embeddable":true,"href":"https:\/\/www.pi.infn.it\/index.php?rest_route=%2Fwp%2Fv2%2Fcomments&post=15867"}],"version-history":[{"count":1,"href":"https:\/\/www.pi.infn.it\/index.php?rest_route=\/wp\/v2\/pages\/15867\/revisions"}],"predecessor-version":[{"id":15871,"href":"https:\/\/www.pi.infn.it\/index.php?rest_route=\/wp\/v2\/pages\/15867\/revisions\/15871"}],"wp:attachment":[{"href":"https:\/\/www.pi.infn.it\/index.php?rest_route=%2Fwp%2Fv2%2Fmedia&parent=15867"}],"curies":[{"name":"wp","href":"https:\/\/api.w.org\/{rel}","templated":true}]}}