{"id":15855,"date":"2026-04-01T10:28:28","date_gmt":"2026-04-01T08:28:28","guid":{"rendered":"https:\/\/www.pi.infn.it\/?page_id=15855"},"modified":"2026-04-01T11:33:03","modified_gmt":"2026-04-01T09:33:03","slug":"news-2","status":"publish","type":"page","link":"https:\/\/www.pi.infn.it\/?page_id=15855","title":{"rendered":"Seminari"},"content":{"rendered":"\n<p>Link a <a href=\"https:\/\/agenda.infn.it\/category\/398\/\">Indico INFN<\/a><br>I seminari sono gestiti da Aafke Kraan e Jacopo Pinzino<br>&#8212;&#8212;&#8211;<\/p>\n\n\n\n<p><strong>Elenco seminari:<\/strong><\/p>\n\n\n<ul class=\"wp-block-latest-posts__list has-dates wp-block-latest-posts\"><li><div class=\"wp-block-latest-posts__featured-image alignleft\"><a href=\"https:\/\/www.pi.infn.it\/?p=15186\" aria-label=\"EQUATE Seminars: &#8220;The Quantum Revolution in Metrology&#8221; &#8211; Prof. K. von Klitzing (Max Planck Institute for Solid State Research)\"><img width=\"150\" height=\"150\" src=\"https:\/\/www.pi.infn.it\/wp-content\/uploads\/2025\/05\/Seminar_vonKlitzing-150x150.jpg\" class=\"attachment-thumbnail size-thumbnail wp-post-image\" alt=\"\" decoding=\"async\" loading=\"lazy\" style=\"max-width:112px;max-height:113px;\" \/><\/a><\/div><a class=\"wp-block-latest-posts__post-title\" href=\"https:\/\/www.pi.infn.it\/?p=15186\">EQUATE Seminars: &#8220;The Quantum Revolution in Metrology&#8221; &#8211; Prof. K. von Klitzing (Max Planck Institute for Solid State Research)<\/a><time datetime=\"2025-05-15T15:10:02+02:00\" class=\"wp-block-latest-posts__post-date\">15 Maggio 2025<\/time><div class=\"wp-block-latest-posts__post-excerpt\">Aula Magna Nuova, Palazzo della Sapienza, Universit\u00e0 di Pisa, mercoledi 21 maggio 2025 alle ore 16.00 Abstract: &#8220;As [&hellip;]<\/div><\/li>\n<li><div class=\"wp-block-latest-posts__featured-image alignleft\"><a href=\"https:\/\/www.pi.infn.it\/?p=15155\" aria-label=\"FLASH proton therapy: planning and delivery challenges &#8211; are we close to the clinics?\"><img width=\"150\" height=\"150\" src=\"https:\/\/www.pi.infn.it\/wp-content\/uploads\/2025\/04\/20250331_AnnuncioSeminariook-150x150.jpg\" class=\"attachment-thumbnail size-thumbnail wp-post-image\" alt=\"\" decoding=\"async\" loading=\"lazy\" style=\"max-width:112px;max-height:113px;\" srcset=\"https:\/\/www.pi.infn.it\/wp-content\/uploads\/2025\/04\/20250331_AnnuncioSeminariook-150x150.jpg 150w, https:\/\/www.pi.infn.it\/wp-content\/uploads\/2025\/04\/20250331_AnnuncioSeminariook-300x300.jpg 300w, https:\/\/www.pi.infn.it\/wp-content\/uploads\/2025\/04\/20250331_AnnuncioSeminariook-768x768.jpg 768w, https:\/\/www.pi.infn.it\/wp-content\/uploads\/2025\/04\/20250331_AnnuncioSeminariook.jpg 874w\" sizes=\"(max-width: 150px) 100vw, 150px\" \/><\/a><\/div><a class=\"wp-block-latest-posts__post-title\" href=\"https:\/\/www.pi.infn.it\/?p=15155\">FLASH proton therapy: planning and delivery challenges &#8211; are we close to the clinics?<\/a><time datetime=\"2025-04-02T12:44:42+02:00\" class=\"wp-block-latest-posts__post-date\">2 Aprile 2025<\/time><div class=\"wp-block-latest-posts__post-excerpt\">The discovery of the FLASH effect in radiotherapy has sparked an immense collaborative effort within the scientific community [&hellip;]<\/div><\/li>\n<li><div class=\"wp-block-latest-posts__featured-image alignleft\"><a href=\"https:\/\/www.pi.infn.it\/?p=15052\" aria-label=\"Atmospheric Science at CERN:the CLOUD experiment (Eva Sommer, University of Vienna)\"><img width=\"150\" height=\"150\" src=\"https:\/\/www.pi.infn.it\/wp-content\/uploads\/2025\/03\/SeminarioCLOUD_LocandinaMonitor_20250319_v01-150x150.jpg\" class=\"attachment-thumbnail size-thumbnail wp-post-image\" alt=\"\" decoding=\"async\" loading=\"lazy\" style=\"max-width:112px;max-height:113px;\" \/><\/a><\/div><a class=\"wp-block-latest-posts__post-title\" href=\"https:\/\/www.pi.infn.it\/?p=15052\">Atmospheric Science at CERN:the CLOUD experiment (Eva Sommer, University of Vienna)<\/a><time datetime=\"2025-03-20T17:39:30+01:00\" class=\"wp-block-latest-posts__post-date\">20 Marzo 2025<\/time><div class=\"wp-block-latest-posts__post-excerpt\"><\/div><\/li>\n<li><div class=\"wp-block-latest-posts__featured-image alignleft\"><a href=\"https:\/\/www.pi.infn.it\/?p=14960\" aria-label=\"THE EQUATE SEMINARS: Dr. F. Giazotto, February 26, 2025 at 4 p.m.\"><img width=\"150\" height=\"150\" src=\"https:\/\/www.pi.infn.it\/wp-content\/uploads\/2025\/02\/Seminar_Giazotto-150x150.jpg\" class=\"attachment-thumbnail size-thumbnail wp-post-image\" alt=\"\" decoding=\"async\" loading=\"lazy\" style=\"max-width:112px;max-height:113px;\" \/><\/a><\/div><a class=\"wp-block-latest-posts__post-title\" href=\"https:\/\/www.pi.infn.it\/?p=14960\">THE EQUATE SEMINARS: Dr. F. Giazotto, February 26, 2025 at 4 p.m.<\/a><time datetime=\"2025-02-24T12:31:43+01:00\" class=\"wp-block-latest-posts__post-date\">24 Febbraio 2025<\/time><div class=\"wp-block-latest-posts__post-excerpt\"><\/div><\/li>\n<li><div class=\"wp-block-latest-posts__featured-image alignleft\"><a href=\"https:\/\/www.pi.infn.it\/?p=14919\" aria-label=\"Micro reattori modulari intrinsicamente sicuri (Riccardo Desalvo &#8211; Cal State University)\"><img width=\"150\" height=\"150\" src=\"https:\/\/www.pi.infn.it\/wp-content\/uploads\/2025\/02\/Desalvo-150x150.jpg\" class=\"attachment-thumbnail size-thumbnail wp-post-image\" alt=\"\" decoding=\"async\" loading=\"lazy\" style=\"max-width:112px;max-height:113px;\" \/><\/a><\/div><a class=\"wp-block-latest-posts__post-title\" href=\"https:\/\/www.pi.infn.it\/?p=14919\">Micro reattori modulari intrinsicamente sicuri (Riccardo Desalvo &#8211; Cal State University)<\/a><time datetime=\"2025-02-21T10:58:10+01:00\" class=\"wp-block-latest-posts__post-date\">21 Febbraio 2025<\/time><div class=\"wp-block-latest-posts__post-excerpt\"><\/div><\/li>\n<li><div class=\"wp-block-latest-posts__featured-image alignleft\"><a href=\"https:\/\/www.pi.infn.it\/?p=14900\" aria-label=\"Seminario Scientifico: The PIONEER experiment at PSI &#8211; Toshiyuki Iwamoto (University of Tokyo)\"><img width=\"150\" height=\"150\" src=\"https:\/\/www.pi.infn.it\/wp-content\/uploads\/2025\/02\/Iwamoto-150x150.jpg\" class=\"attachment-thumbnail size-thumbnail wp-post-image\" alt=\"\" decoding=\"async\" loading=\"lazy\" style=\"max-width:112px;max-height:113px;\" \/><\/a><\/div><a class=\"wp-block-latest-posts__post-title\" href=\"https:\/\/www.pi.infn.it\/?p=14900\">Seminario Scientifico: The PIONEER experiment at PSI &#8211; Toshiyuki Iwamoto (University of Tokyo)<\/a><time datetime=\"2025-02-17T12:12:26+01:00\" class=\"wp-block-latest-posts__post-date\">17 Febbraio 2025<\/time><div class=\"wp-block-latest-posts__post-excerpt\"><\/div><\/li>\n<li><div class=\"wp-block-latest-posts__featured-image alignleft\"><a href=\"https:\/\/www.pi.infn.it\/?p=14764\" aria-label=\"Seminario scientifico: Boson stars, primary photons and phase transition ( G. Kozlov, CERN)\"><img width=\"150\" height=\"150\" src=\"https:\/\/www.pi.infn.it\/wp-content\/uploads\/2024\/11\/Kozlov-150x150.jpg\" class=\"attachment-thumbnail size-thumbnail wp-post-image\" alt=\"\" decoding=\"async\" loading=\"lazy\" style=\"max-width:112px;max-height:113px;\" \/><\/a><\/div><a class=\"wp-block-latest-posts__post-title\" href=\"https:\/\/www.pi.infn.it\/?p=14764\">Seminario scientifico: Boson stars, primary photons and phase transition ( G. Kozlov, CERN)<\/a><time datetime=\"2024-11-26T11:34:29+01:00\" class=\"wp-block-latest-posts__post-date\">26 Novembre 2024<\/time><div class=\"wp-block-latest-posts__post-excerpt\"><\/div><\/li>\n<li><div class=\"wp-block-latest-posts__featured-image alignleft\"><a href=\"https:\/\/www.pi.infn.it\/?p=14569\" aria-label=\"Seminario scientifico Kathryn Zurek (Caltech)\"><img width=\"150\" height=\"150\" src=\"https:\/\/www.pi.infn.it\/wp-content\/uploads\/2024\/07\/Zurek-150x150.jpg\" class=\"attachment-thumbnail size-thumbnail wp-post-image\" alt=\"\" decoding=\"async\" loading=\"lazy\" style=\"max-width:112px;max-height:113px;\" \/><\/a><\/div><a class=\"wp-block-latest-posts__post-title\" href=\"https:\/\/www.pi.infn.it\/?p=14569\">Seminario scientifico Kathryn Zurek (Caltech)<\/a><time datetime=\"2024-07-01T11:37:17+02:00\" class=\"wp-block-latest-posts__post-date\">1 Luglio 2024<\/time><div class=\"wp-block-latest-posts__post-excerpt\"><\/div><\/li>\n<li><div class=\"wp-block-latest-posts__featured-image alignleft\"><a href=\"https:\/\/www.pi.infn.it\/?p=14525\" aria-label=\"Seminario scientifico &#8211; Fedor Ignatov\"><img width=\"150\" height=\"150\" src=\"https:\/\/www.pi.infn.it\/wp-content\/uploads\/2024\/05\/Presentazione-standard2-150x150.jpg\" class=\"attachment-thumbnail size-thumbnail wp-post-image\" alt=\"\" decoding=\"async\" loading=\"lazy\" style=\"max-width:112px;max-height:113px;\" \/><\/a><\/div><a class=\"wp-block-latest-posts__post-title\" href=\"https:\/\/www.pi.infn.it\/?p=14525\">Seminario scientifico &#8211; Fedor Ignatov<\/a><time datetime=\"2024-05-06T14:41:50+02:00\" class=\"wp-block-latest-posts__post-date\">6 Maggio 2024<\/time><div class=\"wp-block-latest-posts__post-excerpt\">Measurement of the e+e&#8211; -&gt; TT+ TT- cross section by the CMD-3 experiment and its implication to the [&hellip;]<\/div><\/li>\n<li><div class=\"wp-block-latest-posts__featured-image alignleft\"><a href=\"https:\/\/www.df.unipi.it\/ciclo-di-seminari-armi-nucleari-disarmo-e-proliferazione\/\" aria-label=\"Ciclo di seminari \u201cArmi nucleari, disarmo e proliferazione\u201d\"><img width=\"150\" height=\"150\" src=\"https:\/\/www.pi.infn.it\/wp-content\/uploads\/2024\/05\/Logo-Dipartimento-Eccellenza-1-720x303-1-150x150.png\" class=\"attachment-thumbnail size-thumbnail wp-post-image\" alt=\"\" decoding=\"async\" loading=\"lazy\" style=\"max-width:112px;max-height:113px;\" \/><\/a><\/div><a class=\"wp-block-latest-posts__post-title\" href=\"https:\/\/www.df.unipi.it\/ciclo-di-seminari-armi-nucleari-disarmo-e-proliferazione\/\">Ciclo di seminari \u201cArmi nucleari, disarmo e proliferazione\u201d<\/a><time datetime=\"2024-05-06T14:19:06+02:00\" class=\"wp-block-latest-posts__post-date\">6 Maggio 2024<\/time><div class=\"wp-block-latest-posts__post-excerpt\">Il Dipartimento di Fisica propone un ciclo di seminari su \u201cArmi Nucleari, disarmo e proliferazione\u201d. Il primo incontro, [&hellip;]<\/div><\/li>\n<li><div class=\"wp-block-latest-posts__featured-image alignleft\"><a href=\"https:\/\/www.pi.infn.it\/?p=14398\" aria-label=\"Search for Axion Dark Matter at INFN &#8211; Claudio Gatti (INFN-LNF)\"><img width=\"150\" height=\"150\" src=\"https:\/\/www.pi.infn.it\/wp-content\/uploads\/2024\/03\/gatti-150x150.jpg\" class=\"attachment-thumbnail size-thumbnail wp-post-image\" alt=\"\" decoding=\"async\" loading=\"lazy\" style=\"max-width:112px;max-height:113px;\" \/><\/a><\/div><a class=\"wp-block-latest-posts__post-title\" href=\"https:\/\/www.pi.infn.it\/?p=14398\">Search for Axion Dark Matter at INFN &#8211; Claudio Gatti (INFN-LNF)<\/a><time datetime=\"2024-03-06T12:33:54+01:00\" class=\"wp-block-latest-posts__post-date\">6 Marzo 2024<\/time><div class=\"wp-block-latest-posts__post-excerpt\">LNF-INFN<\/div><\/li>\n<li><div class=\"wp-block-latest-posts__featured-image alignleft\"><a href=\"https:\/\/www.pi.infn.it\/?p=13977\" aria-label=\"Next Generation Long Baseline Neutrino Experiments (Gianni Mezzetto, INFN Padova)\"><img width=\"150\" height=\"150\" src=\"https:\/\/www.pi.infn.it\/wp-content\/uploads\/2024\/01\/mezzetto-150x150.jpg\" class=\"attachment-thumbnail size-thumbnail wp-post-image\" alt=\"\" decoding=\"async\" loading=\"lazy\" style=\"max-width:112px;max-height:113px;\" \/><\/a><\/div><a class=\"wp-block-latest-posts__post-title\" href=\"https:\/\/www.pi.infn.it\/?p=13977\">Next Generation Long Baseline Neutrino Experiments (Gianni Mezzetto, INFN Padova)<\/a><time datetime=\"2024-01-11T10:36:48+01:00\" class=\"wp-block-latest-posts__post-date\">11 Gennaio 2024<\/time><div class=\"wp-block-latest-posts__post-excerpt\"><\/div><\/li>\n<li><div class=\"wp-block-latest-posts__featured-image alignleft\"><a href=\"https:\/\/www.pi.infn.it\/?p=13905\" aria-label=\"Controlling matter phases via reservoir engineering: Spectral theory\"><img width=\"150\" height=\"150\" src=\"https:\/\/www.pi.infn.it\/wp-content\/uploads\/2023\/11\/demanet-150x150.jpg\" class=\"attachment-thumbnail size-thumbnail wp-post-image\" alt=\"\" decoding=\"async\" loading=\"lazy\" style=\"max-width:112px;max-height:113px;\" \/><\/a><\/div><a class=\"wp-block-latest-posts__post-title\" href=\"https:\/\/www.pi.infn.it\/?p=13905\">Controlling matter phases via reservoir engineering: Spectral theory<\/a><time datetime=\"2023-11-24T12:03:40+01:00\" class=\"wp-block-latest-posts__post-date\">24 Novembre 2023<\/time><div class=\"wp-block-latest-posts__post-excerpt\">Dr. Fran\u00e7ois Damanet (Universit\u00e9 de Li\u00e8ge)<\/div><\/li>\n<li><div class=\"wp-block-latest-posts__featured-image alignleft\"><a href=\"https:\/\/www.pi.infn.it\/?p=13839\" aria-label=\"Results on antihydrogen from the ALPHA experiment at the CERN Antiproton Decelerator\"><img width=\"150\" height=\"150\" src=\"https:\/\/www.pi.infn.it\/wp-content\/uploads\/2023\/10\/Stracka-150x150.jpg\" class=\"attachment-thumbnail size-thumbnail wp-post-image\" alt=\"\" decoding=\"async\" loading=\"lazy\" style=\"max-width:112px;max-height:113px;\" \/><\/a><\/div><a class=\"wp-block-latest-posts__post-title\" href=\"https:\/\/www.pi.infn.it\/?p=13839\">Results on antihydrogen from the ALPHA experiment at the CERN Antiproton Decelerator<\/a><time datetime=\"2023-10-25T16:18:03+02:00\" class=\"wp-block-latest-posts__post-date\">25 Ottobre 2023<\/time><div class=\"wp-block-latest-posts__post-excerpt\">Simone Stracka (INFN \u2013 Pisa)<\/div><\/li>\n<li><div class=\"wp-block-latest-posts__featured-image alignleft\"><a href=\"https:\/\/www.pi.infn.it\/?p=13720\" aria-label=\"Primi risultati dell\u2019esperimento MEGII al PSI: una ricerca a maggiore sensibilit\u00e0 per il decadimento \u03bc+ \u2192 e+\u03b3 (Fabrizio Cei, Universit\u00e0 di Pisa\/INFN)\"><img width=\"150\" height=\"150\" src=\"https:\/\/www.pi.infn.it\/wp-content\/uploads\/2023\/09\/Cei2_new-150x150.jpg\" class=\"attachment-thumbnail size-thumbnail wp-post-image\" alt=\"\" decoding=\"async\" loading=\"lazy\" style=\"max-width:112px;max-height:113px;\" \/><\/a><\/div><a class=\"wp-block-latest-posts__post-title\" href=\"https:\/\/www.pi.infn.it\/?p=13720\">Primi risultati dell\u2019esperimento MEGII al PSI: una ricerca a maggiore sensibilit\u00e0 per il decadimento \u03bc+ \u2192 e+\u03b3 (Fabrizio Cei, Universit\u00e0 di Pisa\/INFN)<\/a><time datetime=\"2023-09-28T16:47:39+02:00\" class=\"wp-block-latest-posts__post-date\">28 Settembre 2023<\/time><div class=\"wp-block-latest-posts__post-excerpt\"><\/div><\/li>\n<li><div class=\"wp-block-latest-posts__featured-image alignleft\"><a href=\"https:\/\/www.pi.infn.it\/?p=13451\" aria-label=\"Dark Matter Indirect Searches with cosmic-ray antiparticles (Pedro De La Torre Luque -Stockholm University)\"><img width=\"150\" height=\"150\" src=\"https:\/\/www.pi.infn.it\/wp-content\/uploads\/2023\/06\/Pedro-150x150.jpg\" class=\"attachment-thumbnail size-thumbnail wp-post-image\" alt=\"\" decoding=\"async\" loading=\"lazy\" style=\"max-width:112px;max-height:113px;\" \/><\/a><\/div><a class=\"wp-block-latest-posts__post-title\" href=\"https:\/\/www.pi.infn.it\/?p=13451\">Dark Matter Indirect Searches with cosmic-ray antiparticles (Pedro De La Torre Luque -Stockholm University)<\/a><time datetime=\"2023-06-06T13:29:12+02:00\" class=\"wp-block-latest-posts__post-date\">6 Giugno 2023<\/time><div class=\"wp-block-latest-posts__post-excerpt\">Abstract: The creation of antiparticles in the Galaxy has been discussed as a potential signal of exotic production [&hellip;]<\/div><\/li>\n<li><div class=\"wp-block-latest-posts__featured-image alignleft\"><a href=\"https:\/\/www.pi.infn.it\/?p=13422\" aria-label=\"Rapid validation of gravitational wave candidates with machine learning \u00a0(Dr. Jess McIver , University of Columbia, LIGO deputyperson)\"><img width=\"150\" height=\"150\" src=\"https:\/\/www.pi.infn.it\/wp-content\/uploads\/2023\/05\/McIver-150x150.jpg\" class=\"attachment-thumbnail size-thumbnail wp-post-image\" alt=\"\" decoding=\"async\" loading=\"lazy\" style=\"max-width:112px;max-height:113px;\" \/><\/a><\/div><a class=\"wp-block-latest-posts__post-title\" href=\"https:\/\/www.pi.infn.it\/?p=13422\">Rapid validation of gravitational wave candidates with machine learning \u00a0(Dr. Jess McIver , University of Columbia, LIGO deputyperson)<\/a><time datetime=\"2023-05-22T09:47:37+02:00\" class=\"wp-block-latest-posts__post-date\">22 Maggio 2023<\/time><div class=\"wp-block-latest-posts__post-excerpt\">Abstract: Understanding gravitational wave (GW) detector noise at the time of a candidate event is critical for GW [&hellip;]<\/div><\/li>\n<li><div class=\"wp-block-latest-posts__featured-image alignleft\"><a href=\"https:\/\/www.pi.infn.it\/?p=13407\" aria-label=\"Precision measurements of the W-Bosin mass and strong coupling constant (Stefano Camarda, CERN)\"><img width=\"150\" height=\"150\" src=\"https:\/\/www.pi.infn.it\/wp-content\/uploads\/2023\/05\/Camarda-150x150.jpg\" class=\"attachment-thumbnail size-thumbnail wp-post-image\" alt=\"\" decoding=\"async\" loading=\"lazy\" style=\"max-width:112px;max-height:113px;\" \/><\/a><\/div><a class=\"wp-block-latest-posts__post-title\" href=\"https:\/\/www.pi.infn.it\/?p=13407\">Precision measurements of the W-Bosin mass and strong coupling constant (Stefano Camarda, CERN)<\/a><time datetime=\"2023-05-15T12:53:21+02:00\" class=\"wp-block-latest-posts__post-date\">15 Maggio 2023<\/time><div class=\"wp-block-latest-posts__post-excerpt\">Abstract: The discovery of the Higgs boson at the LHC and the absence of signals of new physics [&hellip;]<\/div><\/li>\n<li><div class=\"wp-block-latest-posts__featured-image alignleft\"><a href=\"https:\/\/www.pi.infn.it\/?p=13254\" aria-label=\"Instrumentation Seminars\"><img width=\"150\" height=\"150\" src=\"https:\/\/www.pi.infn.it\/wp-content\/uploads\/2023\/03\/calendario-1-150x150.jpg\" class=\"attachment-thumbnail size-thumbnail wp-post-image\" alt=\"\" decoding=\"async\" loading=\"lazy\" style=\"max-width:112px;max-height:113px;\" \/><\/a><\/div><a class=\"wp-block-latest-posts__post-title\" href=\"https:\/\/www.pi.infn.it\/?p=13254\">Instrumentation Seminars<\/a><time datetime=\"2023-03-21T11:18:23+01:00\" class=\"wp-block-latest-posts__post-date\">21 Marzo 2023<\/time><div class=\"wp-block-latest-posts__post-excerpt\">In the context of the course &#8220;Instrumentation for Fundamental Interaction Physics&#8221; of the Laurea Magistrale, a number of [&hellip;]<\/div><\/li>\n<li><div class=\"wp-block-latest-posts__featured-image alignleft\"><a href=\"https:\/\/www.pi.infn.it\/?p=13239\" aria-label=\"Modeling the strong-field dynamics of binary neutron star, Dr. Sebastiano Bernuzzi (University of Jena)\"><img width=\"150\" height=\"150\" src=\"https:\/\/www.pi.infn.it\/wp-content\/uploads\/2023\/03\/Bernuzzi-150x150.jpg\" class=\"attachment-thumbnail size-thumbnail wp-post-image\" alt=\"\" decoding=\"async\" loading=\"lazy\" style=\"max-width:112px;max-height:113px;\" \/><\/a><\/div><a class=\"wp-block-latest-posts__post-title\" href=\"https:\/\/www.pi.infn.it\/?p=13239\">Modeling the strong-field dynamics of binary neutron star, Dr. Sebastiano Bernuzzi (University of Jena)<\/a><time datetime=\"2023-03-07T15:24:56+01:00\" class=\"wp-block-latest-posts__post-date\">7 Marzo 2023<\/time><div class=\"wp-block-latest-posts__post-excerpt\">Abstract:\u00a0Binary neutron star mergers (BNSM) are cosmic collisions of compact stars associated with powerful gravitational-wave and electromagnetic astronomical [&hellip;]<\/div><\/li>\n<\/ul>","protected":false},"excerpt":{"rendered":"<p>Link a Indico INFNI seminari sono gestiti da Aafke Kraan e Jacopo Pinzino&#8212;&#8212;&#8211; Elenco seminari:<\/p>\n","protected":false},"author":15,"featured_media":0,"parent":0,"menu_order":0,"comment_status":"closed","ping_status":"closed","template":"","meta":{"_links_to":"","_links_to_target":""},"publishpress_future_action":{"enabled":false,"date":"2026-05-15 14:58:24","action":"change-status","newStatus":"draft","terms":[],"taxonomy":"language"},"_links":{"self":[{"href":"https:\/\/www.pi.infn.it\/index.php?rest_route=\/wp\/v2\/pages\/15855"}],"collection":[{"href":"https:\/\/www.pi.infn.it\/index.php?rest_route=\/wp\/v2\/pages"}],"about":[{"href":"https:\/\/www.pi.infn.it\/index.php?rest_route=\/wp\/v2\/types\/page"}],"author":[{"embeddable":true,"href":"https:\/\/www.pi.infn.it\/index.php?rest_route=\/wp\/v2\/users\/15"}],"replies":[{"embeddable":true,"href":"https:\/\/www.pi.infn.it\/index.php?rest_route=%2Fwp%2Fv2%2Fcomments&post=15855"}],"version-history":[{"count":3,"href":"https:\/\/www.pi.infn.it\/index.php?rest_route=\/wp\/v2\/pages\/15855\/revisions"}],"predecessor-version":[{"id":15864,"href":"https:\/\/www.pi.infn.it\/index.php?rest_route=\/wp\/v2\/pages\/15855\/revisions\/15864"}],"wp:attachment":[{"href":"https:\/\/www.pi.infn.it\/index.php?rest_route=%2Fwp%2Fv2%2Fmedia&parent=15855"}],"curies":[{"name":"wp","href":"https:\/\/api.w.org\/{rel}","templated":true}]}}