{"id":10073,"date":"2021-12-21T08:23:37","date_gmt":"2021-12-21T07:23:37","guid":{"rendered":"https:\/\/www.pi.infn.it\/?page_id=10073"},"modified":"2021-12-21T08:55:15","modified_gmt":"2021-12-21T07:55:15","slug":"cral-c1-sede","status":"publish","type":"page","link":"https:\/\/www.pi.infn.it\/?page_id=10073","title":{"rendered":"CRAL.C1 &#8211; La nostra SEDE al piano -2"},"content":{"rendered":"\n<p>La <a href=\"https:\/\/www.pi.infn.it\/?page_id=4458\"><em>Sede Principale<\/em><\/a> \u00e8 posta al <em>Piano-2<\/em> ed \u00e8 utilizzabile sia come <em><span class=\"lemma\">refettorio<\/span> per la preparazione e consumazione dei pasti<\/em> sia a <em>scopo ricreativo<\/em>: \u00e8 dotata di una cucina completa con tavoli e sedie, televisore, divano, biliardino, tavolo da ping-pong e molto altro. <em><a href=\"https:\/\/www.pi.infn.it\/?page_id=4458\">VIENI A VISITARLA<\/a>.<\/em><\/p>\n<table style=\"border-collapse: collapse;width: 100%;height: 236px\">\n<tbody>\n<tr style=\"height: 236px\">\n<td style=\"width: 50%;height: 236px\"><img decoding=\"async\" loading=\"lazy\" class=\" wp-image-4765 aligncenter\" src=\"https:\/\/www.pi.infn.it\/wp-content\/uploads\/2021\/04\/CRAL-SEDE-Ricreativa_2-300x169.jpeg\" alt=\"\" width=\"414\" height=\"233\" srcset=\"https:\/\/www.pi.infn.it\/wp-content\/uploads\/2021\/04\/CRAL-SEDE-Ricreativa_2-300x169.jpeg 300w, https:\/\/www.pi.infn.it\/wp-content\/uploads\/2021\/04\/CRAL-SEDE-Ricreativa_2-1024x576.jpeg 1024w, https:\/\/www.pi.infn.it\/wp-content\/uploads\/2021\/04\/CRAL-SEDE-Ricreativa_2-768x432.jpeg 768w, https:\/\/www.pi.infn.it\/wp-content\/uploads\/2021\/04\/CRAL-SEDE-Ricreativa_2-1536x864.jpeg 1536w, https:\/\/www.pi.infn.it\/wp-content\/uploads\/2021\/04\/CRAL-SEDE-Ricreativa_2.jpeg 1599w\" sizes=\"(max-width: 414px) 100vw, 414px\" \/><\/td>\n<td style=\"width: 50%;height: 236px\"><img decoding=\"async\" loading=\"lazy\" class=\"alignnone  wp-image-4764 aligncenter\" src=\"https:\/\/www.pi.infn.it\/wp-content\/uploads\/2021\/04\/CRAL-SEDE-Ricreativa_1-300x169.jpeg\" alt=\"\" width=\"411\" height=\"231\" srcset=\"https:\/\/www.pi.infn.it\/wp-content\/uploads\/2021\/04\/CRAL-SEDE-Ricreativa_1-300x169.jpeg 300w, https:\/\/www.pi.infn.it\/wp-content\/uploads\/2021\/04\/CRAL-SEDE-Ricreativa_1-1024x576.jpeg 1024w, https:\/\/www.pi.infn.it\/wp-content\/uploads\/2021\/04\/CRAL-SEDE-Ricreativa_1-768x432.jpeg 768w, https:\/\/www.pi.infn.it\/wp-content\/uploads\/2021\/04\/CRAL-SEDE-Ricreativa_1-1536x864.jpeg 1536w, https:\/\/www.pi.infn.it\/wp-content\/uploads\/2021\/04\/CRAL-SEDE-Ricreativa_1.jpeg 1599w\" sizes=\"(max-width: 411px) 100vw, 411px\" \/><\/td>\n<\/tr>\n<\/tbody>\n<\/table>\n<table style=\"border-collapse: collapse;width: 100%\">\n<tbody>\n<tr>\n<td style=\"width: 50%\"><img decoding=\"async\" loading=\"lazy\" class=\"alignnone  wp-image-4763\" src=\"https:\/\/www.pi.infn.it\/wp-content\/uploads\/2021\/04\/CRAL-Cucina_2-300x169.jpeg\" alt=\"\" width=\"417\" height=\"235\"><\/td>\n<td style=\"width: 50%\"><img decoding=\"async\" loading=\"lazy\" class=\"alignnone  wp-image-4762\" src=\"https:\/\/www.pi.infn.it\/wp-content\/uploads\/2021\/04\/CRAL-Cucina_1-300x169.jpeg\" alt=\"\" width=\"417\" height=\"235\" srcset=\"https:\/\/www.pi.infn.it\/wp-content\/uploads\/2021\/04\/CRAL-Cucina_1-300x169.jpeg 300w, https:\/\/www.pi.infn.it\/wp-content\/uploads\/2021\/04\/CRAL-Cucina_1-1024x576.jpeg 1024w, https:\/\/www.pi.infn.it\/wp-content\/uploads\/2021\/04\/CRAL-Cucina_1-768x432.jpeg 768w, https:\/\/www.pi.infn.it\/wp-content\/uploads\/2021\/04\/CRAL-Cucina_1-1536x864.jpeg 1536w, https:\/\/www.pi.infn.it\/wp-content\/uploads\/2021\/04\/CRAL-Cucina_1.jpeg 1599w\" sizes=\"(max-width: 417px) 100vw, 417px\" \/><\/td>\n<\/tr>\n<\/tbody>\n<\/table>\n","protected":false},"excerpt":{"rendered":"<p>La Sede Principale \u00e8 posta al Piano-2 ed \u00e8 utilizzabile sia come refettorio per la preparazione e consumazione dei pasti sia a scopo ricreativo: \u00e8 dotata di una cucina completa con tavoli e sedie, televisore, divano, biliardino, tavolo da ping-pong e molto altro. VIENI A VISITARLA.<\/p>\n","protected":false},"author":30,"featured_media":4763,"parent":0,"menu_order":0,"comment_status":"closed","ping_status":"closed","template":"","meta":{"_links_to":"","_links_to_target":""},"publishpress_future_action":{"enabled":false,"date":"2026-05-15 11:00:08","action":"change-status","newStatus":"draft","terms":[],"taxonomy":"language"},"_links":{"self":[{"href":"https:\/\/www.pi.infn.it\/index.php?rest_route=\/wp\/v2\/pages\/10073"}],"collection":[{"href":"https:\/\/www.pi.infn.it\/index.php?rest_route=\/wp\/v2\/pages"}],"about":[{"href":"https:\/\/www.pi.infn.it\/index.php?rest_route=\/wp\/v2\/types\/page"}],"author":[{"embeddable":true,"href":"https:\/\/www.pi.infn.it\/index.php?rest_route=\/wp\/v2\/users\/30"}],"replies":[{"embeddable":true,"href":"https:\/\/www.pi.infn.it\/index.php?rest_route=%2Fwp%2Fv2%2Fcomments&post=10073"}],"version-history":[{"count":3,"href":"https:\/\/www.pi.infn.it\/index.php?rest_route=\/wp\/v2\/pages\/10073\/revisions"}],"predecessor-version":[{"id":10089,"href":"https:\/\/www.pi.infn.it\/index.php?rest_route=\/wp\/v2\/pages\/10073\/revisions\/10089"}],"wp:featuredmedia":[{"embeddable":true,"href":"https:\/\/www.pi.infn.it\/index.php?rest_route=\/wp\/v2\/media\/4763"}],"wp:attachment":[{"href":"https:\/\/www.pi.infn.it\/index.php?rest_route=%2Fwp%2Fv2%2Fmedia&parent=10073"}],"curies":[{"name":"wp","href":"https:\/\/api.w.org\/{rel}","templated":true}]}}