{"id":10041,"date":"2021-12-17T10:24:14","date_gmt":"2021-12-17T09:24:14","guid":{"rendered":"https:\/\/www.pi.infn.it\/?page_id=10041"},"modified":"2024-09-17T16:03:44","modified_gmt":"2024-09-17T14:03:44","slug":"mm-c4-osservatorio-su-50-citta","status":"publish","type":"page","link":"https:\/\/www.pi.infn.it\/?page_id=10041","title":{"rendered":"MM.C4 &#8211; OSSERVATORIO 50 CITTA&#8217;"},"content":{"rendered":"\n<div class=\"elementor-element elementor-element-9426c3d elementor-widget elementor-widget-text-editor\" data-id=\"9426c3d\" data-element_type=\"text-editor.default\">\n<div class=\"elementor-widget-container\">\n<div class=\"elementor-text-editor elementor-clearfix\">\n<h3 align=\"left\"><strong>BENVENUTO NEL SITO DELL\u2019<em><a href=\"http:\/\/www.osservatorio50citt\u00e0.it\/\">OSSERVATORIO SULLA MOBILIT\u00c0 SOSTENIBILE<\/a><\/em> IN ITALIA!<\/strong><\/h3>\n<p align=\"left\">Puoi effettuare analisi personalizzate e confrontare\u00a0gli indicatori sulla mobilit\u00e0 delle principali 50 citt\u00e0 italiane degli ultimi 13 anni. Il sito \u00e8 realizzato dall\u2019Associazione Euromobility con il patrocinio del Ministero dell\u2019Ambiente e della Tutela del Territorio e del Mare.<\/p>\n<p align=\"left\">\u00a0<\/p>\n<\/div>\n<p align=\"left\"><img decoding=\"async\" loading=\"lazy\" class=\"alignnone size-medium wp-image-10044\" src=\"https:\/\/www.pi.infn.it\/wp-content\/uploads\/2021\/12\/Osservatorio_50_Citta_2-300x75.jpg\" alt=\"\" width=\"300\" height=\"75\" srcset=\"https:\/\/www.pi.infn.it\/wp-content\/uploads\/2021\/12\/Osservatorio_50_Citta_2-300x75.jpg 300w, https:\/\/www.pi.infn.it\/wp-content\/uploads\/2021\/12\/Osservatorio_50_Citta_2.jpg 756w\" sizes=\"(max-width: 300px) 100vw, 300px\" \/><\/p>\n<div class=\"elementor-text-editor elementor-clearfix\">\n<p align=\"left\"><img decoding=\"async\" loading=\"lazy\" class=\"wp-image-9864 alignright\" src=\"https:\/\/www.pi.infn.it\/wp-content\/uploads\/2021\/11\/Logo-MM.jpg\" alt=\"\" width=\"167\" height=\"145\" \/><\/p>\n<\/div>\n<\/div>\n<\/div>\n","protected":false},"excerpt":{"rendered":"<p>BENVENUTO NEL SITO DELL\u2019OSSERVATORIO SULLA MOBILIT\u00c0 SOSTENIBILE IN ITALIA! Puoi effettuare analisi personalizzate e confrontare\u00a0gli indicatori sulla mobilit\u00e0 delle principali 50 citt\u00e0 italiane degli ultimi 13 anni. Il sito \u00e8 realizzato dall\u2019Associazione Euromobility con il patrocinio del Ministero dell\u2019Ambiente e della Tutela del Territorio e del Mare. \u00a0<\/p>\n","protected":false},"author":14,"featured_media":10044,"parent":0,"menu_order":0,"comment_status":"closed","ping_status":"closed","template":"","meta":{"_links_to":"","_links_to_target":""},"publishpress_future_action":{"enabled":false,"date":"2026-05-15 14:00:11","action":"change-status","newStatus":"draft","terms":[],"taxonomy":"language"},"_links":{"self":[{"href":"https:\/\/www.pi.infn.it\/index.php?rest_route=\/wp\/v2\/pages\/10041"}],"collection":[{"href":"https:\/\/www.pi.infn.it\/index.php?rest_route=\/wp\/v2\/pages"}],"about":[{"href":"https:\/\/www.pi.infn.it\/index.php?rest_route=\/wp\/v2\/types\/page"}],"author":[{"embeddable":true,"href":"https:\/\/www.pi.infn.it\/index.php?rest_route=\/wp\/v2\/users\/14"}],"replies":[{"embeddable":true,"href":"https:\/\/www.pi.infn.it\/index.php?rest_route=%2Fwp%2Fv2%2Fcomments&post=10041"}],"version-history":[{"count":5,"href":"https:\/\/www.pi.infn.it\/index.php?rest_route=\/wp\/v2\/pages\/10041\/revisions"}],"predecessor-version":[{"id":10052,"href":"https:\/\/www.pi.infn.it\/index.php?rest_route=\/wp\/v2\/pages\/10041\/revisions\/10052"}],"wp:featuredmedia":[{"embeddable":true,"href":"https:\/\/www.pi.infn.it\/index.php?rest_route=\/wp\/v2\/media\/10044"}],"wp:attachment":[{"href":"https:\/\/www.pi.infn.it\/index.php?rest_route=%2Fwp%2Fv2%2Fmedia&parent=10041"}],"curies":[{"name":"wp","href":"https:\/\/api.w.org\/{rel}","templated":true}]}}