{"id":10016,"date":"2021-12-17T08:50:26","date_gmt":"2021-12-17T07:50:26","guid":{"rendered":"https:\/\/www.pi.infn.it\/?page_id=10016"},"modified":"2021-12-17T10:42:56","modified_gmt":"2021-12-17T09:42:56","slug":"mm-c2-rapporto-mobilitaria-2021","status":"publish","type":"page","link":"https:\/\/www.pi.infn.it\/?page_id=10016","title":{"rendered":"MM.C2 &#8211; RAPPORTO MOBILITARIA 2021"},"content":{"rendered":"\n<h2><img decoding=\"async\" loading=\"lazy\" class=\"alignnone size-full wp-image-10023\" src=\"https:\/\/www.pi.infn.it\/wp-content\/uploads\/2021\/12\/logoMobilitaria21.png\" alt=\"\" width=\"142\" height=\"189\" \/><\/h2>\n<h2>Gioved\u00ec 29 aprile, l\u2019Istituto sull\u2019Inquinamento Atmosferico del Consiglio Nazionale delle Ricerche (CNR-IIA) e Kyoto Club presenteranno in diretta streaming, nell\u2019ambito delle Key Energy Digital Green Weeks, il <em><a href=\"https:\/\/www.kyotoclub.org\/wp-content\/uploads\/Rapporto-MobilitAria2021-2-1.pdf\">Rapporto \u201cMobilitAria 2021<\/a><\/em>\u201d.<\/h2>\n<p>Il rapporto annuale, giunto alla sua quarta edizione, delinea un quadro complessivo sull\u2019andamento della qualit\u00e0 dell\u2019aria e delle politiche di mobilit\u00e0 urbana nelle principali citt\u00e0 italiane nel periodo 2020-2021.<\/p>\n<p>L\u2019edizione 2021 fa il punto sui provvedimenti di mobilit\u00e0 ai tempi della pandemia nelle 14 grandi citt\u00e0 ed aree metropolitane nel 2020, quali sono stati gli effetti sulla qualit\u00e0 dell\u2019aria durante le restrizioni dovute ai provvedimenti legati al covid19 e quali sono state le misure straordinarie assunte dalle citt\u00e0 per affrontare gli spostamenti dei cittadini e cittadine.<\/p>\n<p>A questo approfondimento si aggiunge la novit\u00e0 del IV Rapporto 2021: l\u2019analisi dei Piani Urbani di Mobilit\u00e0 Sostenibile approvati dalle Citt\u00e0 medie italiane e la qualit\u00e0 dell\u2019aria in queste aree urbane. Sono 22 citt\u00e0 di medie dimensioni italiane che hanno approvato il PUMS e che lo stanno attuando, con soluzioni interessanti e molte competenze per andare verso la mobilit\u00e0 sostenibile. Tra queste troviamo Brescia, Siracusa, Parma, Prato, Arezzo, Lucca, Taranto, Pordenone, La Spezia, Terni e Narni, Foggia, Agrigento, Mantova solo per citarne alcune che saranno approfondite nel rapporto Mobilitaria 2021.<\/p>\n<p>Infine lo studio \u201cMobilitAria 2021\u201d analizzer\u00e0 i provvedimenti contenuti nel Piano Nazionale di Ripresa e Resilienza italiano per delineare le prospettive del settore, sottolineare i punti critici e le carenze e riflettere se il documento possa porre le basi per la decarbonizzazione e la transizione ecologica della mobilit\u00e0 nelle citt\u00e0 italiane.<\/p>\n<p>L\u2019evento, che si terr\u00e0 nell\u2019ambito delle Key Energy Digital Green Weeks, prevede la collaborazione della Campagna europea Clean Cities e del programma All 4 Climate del Ministero dell\u2019Ambiente.<\/p>\n<p>APPROFONDIMENTI <em><strong><a href=\"https:\/\/www.kyotoclub.org\/it\/media-e-documenti\/rapporti-e-documenti\/2021\/04\/29\/rapporto-mobilitaria-2021-traffico-e-inquinamento-verso-i-livelli-pre-pandemia-i-dati-sulla-qualita-dellaria-e-la-mobilita-urbana-nelle-citta-italiane\/#c\">QUI<\/a><\/strong><\/em><\/p>\n<p><img decoding=\"async\" loading=\"lazy\" class=\"size-full wp-image-9864 alignright\" src=\"https:\/\/www.pi.infn.it\/wp-content\/uploads\/2021\/11\/Logo-MM.jpg\" alt=\"\" width=\"262\" height=\"230\" \/><\/p>\n","protected":false},"excerpt":{"rendered":"<p>Gioved\u00ec 29 aprile, l\u2019Istituto sull\u2019Inquinamento Atmosferico del Consiglio Nazionale delle Ricerche (CNR-IIA) e Kyoto Club presenteranno in diretta streaming, nell\u2019ambito delle Key Energy Digital Green Weeks, il Rapporto \u201cMobilitAria 2021\u201d. Il rapporto annuale, giunto alla sua quarta edizione, delinea un quadro complessivo sull\u2019andamento della qualit\u00e0 dell\u2019aria e delle politiche di mobilit\u00e0 urbana nelle principali citt\u00e0 [&hellip;]<\/p>\n","protected":false},"author":30,"featured_media":10027,"parent":0,"menu_order":0,"comment_status":"closed","ping_status":"closed","template":"","meta":{"_links_to":"","_links_to_target":""},"publishpress_future_action":{"enabled":false,"date":"2026-05-15 18:30:00","action":"change-status","newStatus":"draft","terms":[],"taxonomy":"language"},"_links":{"self":[{"href":"https:\/\/www.pi.infn.it\/index.php?rest_route=\/wp\/v2\/pages\/10016"}],"collection":[{"href":"https:\/\/www.pi.infn.it\/index.php?rest_route=\/wp\/v2\/pages"}],"about":[{"href":"https:\/\/www.pi.infn.it\/index.php?rest_route=\/wp\/v2\/types\/page"}],"author":[{"embeddable":true,"href":"https:\/\/www.pi.infn.it\/index.php?rest_route=\/wp\/v2\/users\/30"}],"replies":[{"embeddable":true,"href":"https:\/\/www.pi.infn.it\/index.php?rest_route=%2Fwp%2Fv2%2Fcomments&post=10016"}],"version-history":[{"count":4,"href":"https:\/\/www.pi.infn.it\/index.php?rest_route=\/wp\/v2\/pages\/10016\/revisions"}],"predecessor-version":[{"id":10053,"href":"https:\/\/www.pi.infn.it\/index.php?rest_route=\/wp\/v2\/pages\/10016\/revisions\/10053"}],"wp:featuredmedia":[{"embeddable":true,"href":"https:\/\/www.pi.infn.it\/index.php?rest_route=\/wp\/v2\/media\/10027"}],"wp:attachment":[{"href":"https:\/\/www.pi.infn.it\/index.php?rest_route=%2Fwp%2Fv2%2Fmedia&parent=10016"}],"curies":[{"name":"wp","href":"https:\/\/api.w.org\/{rel}","templated":true}]}}